{"id":1010,"date":"2024-06-21T12:44:09","date_gmt":"2024-06-21T09:44:09","guid":{"rendered":"https:\/\/castilla.gr\/?page_id=1010"},"modified":"2024-09-12T17:14:13","modified_gmt":"2024-09-12T14:14:13","slug":"datenschutzbestimmungen","status":"publish","type":"page","link":"https:\/\/castilla.gr\/de\/%cf%80%ce%bf%ce%bb%ce%b9%cf%84%ce%b9%ce%ba%ce%ae-%ce%b1%cf%80%ce%bf%cf%81%cf%81%ce%ae%cf%84%ce%bf%cf%85\/","title":{"rendered":"Datenschutzbestimmungen"},"content":{"rendered":"<div data-elementor-type=\"wp-page\" data-elementor-id=\"1010\" class=\"elementor elementor-1010\" data-elementor-post-type=\"page\">\n\t\t\t\t<div class=\"elementor-element elementor-element-1c1c461 e-flex e-con-boxed e-con e-parent\" data-id=\"1c1c461\" data-element_type=\"container\" data-e-type=\"container\">\n\t\t\t\t\t<div class=\"e-con-inner\">\n\t\t<div class=\"elementor-element elementor-element-ed65aae e-con-full e-flex e-con e-child\" data-id=\"ed65aae\" data-element_type=\"container\" data-e-type=\"container\">\n\t\t\t\t<div class=\"elementor-element elementor-element-cddb4f0 elementor-widget elementor-widget-text-editor\" data-id=\"cddb4f0\" data-element_type=\"widget\" data-e-type=\"widget\" data-widget_type=\"text-editor.default\">\n\t\t\t\t<div class=\"elementor-widget-container\">\n\t\t\t\t\t\t\t\t\t<p>Die Datenschutzrichtlinie von <strong>Castilla<\/strong><strong>.gr<\/strong> beschreibt, wie wir die personenbezogenen Daten unserer Nutzer sammeln, verwenden, verarbeiten und sch\u00fctzen. Der Schutz Ihrer Privatsph\u00e4re ist uns wichtig, und wir verarbeiten Ihre Daten in \u00dcbereinstimmung mit dem geltenden Recht.<\/p><h2><strong>Erhebung und Verarbeitung personenbezogener Daten<\/strong><\/h2><p>Mit dem Besuch und der Nutzung unseres Online-Shops erkennt der Benutzer an, dass er bestimmte Informationen \u00fcber seine pers\u00f6nlichen Daten zur Verf\u00fcgung stellen kann. Diese Daten werden verarbeitet und k\u00f6nnen in einer Datei gespeichert werden. \u0397 <strong>Castilla<\/strong><strong>.gr<\/strong> als f\u00fcr die Verarbeitung Verantwortlicher handelt und die erhobenen Informationen der zust\u00e4ndigen Beh\u00f6rde gemeldet wurden.<\/p><p>Wir erheben keine sensiblen personenbezogenen Daten, es sei denn, der Nutzer fordert sie zu kommerziellen oder Werbezwecken an. Die Erfassung und Verarbeitung von Daten dient dazu, unsere Beziehung zum Kunden zu erfassen, unsere Dienstleistungen an seine Pr\u00e4ferenzen anzupassen und administrative und kommerzielle Informationen zu versenden.<\/p><h2><strong>Rechte des Nutzers<\/strong><\/h2><p>Der Nutzer hat das Recht, auf seine Daten zuzugreifen, die Berichtigung oder L\u00f6schung dieser Daten zu verlangen und \u00fcber deren Verarbeitung informiert zu werden. \u0397 <strong>Castilla<\/strong><strong>.gr<\/strong> garantiert Ihre Privatsph\u00e4re, aber wir k\u00f6nnen Informationen an \u00f6ffentliche Beh\u00f6rden weitergeben, wenn dies gesetzlich vorgeschrieben ist.<\/p><h2><strong>Sicherheit der Daten<\/strong><\/h2><p>\u0397 <strong>Castilla<\/strong><strong>.gr<\/strong> hat alle notwendigen technischen und organisatorischen Ma\u00dfnahmen zum Schutz Ihrer Daten getroffen. Ihre Daten werden sicher in gesch\u00fctzten Dateien gespeichert und unsere Verfahren entsprechen den internationalen Sicherheitsstandards. Alle Informationen, die von <strong>Castilla<\/strong><strong>.gr<\/strong> sind durch eine 128-Bit-SSL-Verschl\u00fcsselungstechnologie gesch\u00fctzt, um die \u00dcbertragung zu sichern.<\/p><h2><strong>Zustimmung zum Versand von Werbenachrichten<\/strong><\/h2><p>Mit der ausdr\u00fccklichen Zustimmung des Nutzers kann die <strong>Castilla<\/strong><strong>.gr<\/strong> kann Informations- oder Werbenachrichten (per E-Mail oder Telefon) \u00fcber neue Produkte, Angebote und andere Dienstleistungen versenden. Der Nutzer hat das Recht, den Empfang solcher Nachrichten jederzeit zu beenden.<\/p><h2><strong>Verwendung von Cookies<\/strong><\/h2><p>Wir verwenden Cookies, um sicherzustellen, dass unsere Website besser funktioniert. Cookies sind kleine Dateien, die auf Ihrem Ger\u00e4t gespeichert werden und Informationen enthalten, wie z. B. Ihre Browsing-Pr\u00e4ferenzen, um Ihre Erfahrung zu verbessern. Wir verwenden Cookies, um uns an Ihre Bed\u00fcrfnisse anzupassen und Ihre Nutzung unserer Website zu verbessern.<\/p><h2><strong>Transaktionssicherheit (SSL<\/strong><strong>)<\/strong><\/h2><p>\u0397 <strong>Castilla<\/strong><strong>.gr<\/strong> verwendet die 128-Bit-SSL-Technologie zur Verschl\u00fcsselung von Daten bei Online-Transaktionen. SSL ist der internationale Standard f\u00fcr sicheres Online-Datenmanagement und gew\u00e4hrleistet die Vertraulichkeit und Integrit\u00e4t der zwischen dem Nutzer und unserer Website ausgetauschten Informationen.<\/p><h2><strong>Benutzer unter 18 Jahren<\/strong><\/h2><p>Bei Nutzern unter 18 Jahren ist die Zustimmung der Eltern oder Erziehungsberechtigten f\u00fcr die Angabe personenbezogener Daten auf unserer Website erforderlich.<\/p><h2><strong>Zustimmungserkl\u00e4rung<\/strong><\/h2><p>Gem\u00e4\u00df der neuen EU-Verordnung 679\/2016 zum Schutz personenbezogener Daten ben\u00f6tigen wir Ihre ausdr\u00fcckliche Zustimmung zur Erhebung und Verarbeitung Ihrer personenbezogenen Daten (Name, Adresse, E-Mail, Telefonnummer).<\/p><p><strong>Quelle der Information<\/strong><\/p><p>Deine pers\u00f6nlichen Daten werden nur von dir oder deinen Eltern erhoben. Wir fragen nicht nach Passw\u00f6rtern f\u00fcr Bildungsplattformen.<\/p><p><strong>Welche pers\u00f6nlichen Daten wir sammeln<\/strong><\/p><p>Wir erfassen Ihren vollst\u00e4ndigen Namen, Ihre Adresse, Ihre E-Mail-Adresse, Ihr Geburtsdatum, Ihre Telefonnummern und andere f\u00fcr Ihr Studium relevante Informationen.<\/p><p><strong>\u00dcbermittlung von Daten<\/strong><\/p><p>Wir geben Ihre personenbezogenen Daten nicht ohne Ihre ausdr\u00fcckliche Zustimmung an Dritte weiter. Ausgenommen sind unsere Partner (Lehrer und Sekret\u00e4rinnen).<\/p><p><strong>Bearbeitungszeit<\/strong><\/p><p>Ihre Daten werden 10 Jahre lang gespeichert und verarbeitet, wobei die M\u00f6glichkeit einer Verl\u00e4ngerung besteht.<\/p><p><strong>Ihre Rechte<\/strong><\/p><ul><li>Recht auf Zugang zu Ihren pers\u00f6nlichen Daten.<\/li><li>Recht auf Berichtigung oder L\u00f6schung der Daten.<\/li><li>Recht auf Einschr\u00e4nkung der Nutzung von Daten.<\/li><li>Recht auf jederzeitigen Widerruf der Einwilligung.<\/li><\/ul><p>Um Ihre Rechte auszu\u00fcben, k\u00f6nnen Sie sich an die f\u00fcr die Verarbeitung Verantwortliche, Frau Sophia Tripamboukis, unter info@castilla.gr wenden.<\/p><h2><strong>Kontakt<\/strong><\/h2><p>Wenn Sie Fragen haben oder Ihre Rechte in Bezug auf Ihre pers\u00f6nlichen Daten wahrnehmen m\u00f6chten, wenden Sie sich bitte per E-Mail oder Telefon an uns.<\/p><p>\u00a0<\/p>\t\t\t\t\t\t\t\t<\/div>\n\t\t\t\t<\/div>\n\t\t\t\t<\/div>\n\t\t<div class=\"elementor-element elementor-element-ad7e22b e-con-full e-flex e-con e-child\" data-id=\"ad7e22b\" data-element_type=\"container\" data-e-type=\"container\">\n\t\t\t\t<\/div>\n\t\t\t\t\t<\/div>\n\t\t\t\t<\/div>\n\t\t\t\t<\/div>","protected":false},"excerpt":{"rendered":"<p>\u0397 \u03a0\u03bf\u03bb\u03b9\u03c4\u03b9\u03ba\u03ae \u0391\u03c0\u03bf\u03c1\u03c1\u03ae\u03c4\u03bf\u03c5 \u03c4\u03b7\u03c2 castilla.gr \u03c0\u03b5\u03c1\u03b9\u03b3\u03c1\u03ac\u03c6\u03b5\u03b9 \u03c4\u03bf\u03bd \u03c4\u03c1\u03cc\u03c0\u03bf \u03bc\u03b5 \u03c4\u03bf\u03bd \u03bf\u03c0\u03bf\u03af\u03bf \u03c3\u03c5\u03bb\u03bb\u03ad\u03b3\u03bf\u03c5\u03bc\u03b5, \u03c7\u03c1\u03b7\u03c3\u03b9\u03bc\u03bf\u03c0\u03bf\u03b9\u03bf\u03cd\u03bc\u03b5, \u03b5\u03c0\u03b5\u03be\u03b5\u03c1\u03b3\u03b1\u03b6\u03cc\u03bc\u03b1\u03c3\u03c4\u03b5 \u03ba\u03b1\u03b9 \u03b4\u03b9\u03b1\u03c3\u03c6\u03b1\u03bb\u03af\u03b6\u03bf\u03c5\u03bc\u03b5 \u03c4\u03b1 \u03c0\u03c1\u03bf\u03c3\u03c9\u03c0\u03b9\u03ba\u03ac \u03b4\u03b5\u03b4\u03bf\u03bc\u03ad\u03bd\u03b1 \u03c4\u03c9\u03bd \u03c7\u03c1\u03b7\u03c3\u03c4\u03ce\u03bd \u03bc\u03b1\u03c2. \u0397 \u03c0\u03c1\u03bf\u03c3\u03c4\u03b1\u03c3\u03af\u03b1 \u03c4\u03b7\u03c2 \u03b9\u03b4\u03b9\u03c9\u03c4\u03b9\u03ba\u03cc\u03c4\u03b7\u03c4\u03ac\u03c2 \u03c3\u03b1\u03c2 \u03b5\u03af\u03bd\u03b1\u03b9 \u03c3\u03b7\u03bc\u03b1\u03bd\u03c4\u03b9\u03ba\u03ae \u03b3\u03b9\u03b1 \u03b5\u03bc\u03ac\u03c2, \u03ba\u03b1\u03b9 \u03b7 \u03b5\u03c0\u03b5\u03be\u03b5\u03c1\u03b3\u03b1\u03c3\u03af\u03b1 \u03c4\u03c9\u03bd \u03b4\u03b5\u03b4\u03bf\u03bc\u03ad\u03bd\u03c9\u03bd \u03c3\u03b1\u03c2 \u03c0\u03c1\u03b1\u03b3\u03bc\u03b1\u03c4\u03bf\u03c0\u03bf\u03b9\u03b5\u03af\u03c4\u03b1\u03b9 \u03c3\u03cd\u03bc\u03c6\u03c9\u03bd\u03b1 \u03bc\u03b5 \u03c4\u03b7\u03bd \u03b9\u03c3\u03c7\u03cd\u03bf\u03c5\u03c3\u03b1 \u03bd\u03bf\u03bc\u03bf\u03b8\u03b5\u03c3\u03af\u03b1. \u03a3\u03c5\u03bb\u03bb\u03bf\u03b3\u03ae \u03ba\u03b1\u03b9 \u0395\u03c0\u03b5\u03be\u03b5\u03c1\u03b3\u03b1\u03c3\u03af\u03b1 \u03a0\u03c1\u03bf\u03c3\u03c9\u03c0\u03b9\u03ba\u03ce\u03bd \u0394\u03b5\u03b4\u03bf\u03bc\u03ad\u03bd\u03c9\u03bd \u039a\u03b1\u03c4\u03ac \u03c4\u03b7\u03bd \u03b5\u03c0\u03af\u03c3\u03ba\u03b5\u03c8\u03b7 \u03ba\u03b1\u03b9 \u03c7\u03c1\u03ae\u03c3\u03b7 \u03c4\u03bf\u03c5 \u03b7\u03bb\u03b5\u03ba\u03c4\u03c1\u03bf\u03bd\u03b9\u03ba\u03bf\u03cd [&hellip;]<\/p>\n","protected":false},"author":1,"featured_media":0,"parent":0,"menu_order":0,"comment_status":"closed","ping_status":"closed","template":"","meta":{"_gspb_post_css":"","footnotes":""},"class_list":["post-1010","page","type-page","status-publish","hentry"],"blocksy_meta":[],"_links":{"self":[{"href":"https:\/\/castilla.gr\/de\/wp-json\/wp\/v2\/pages\/1010","targetHints":{"allow":["GET"]}}],"collection":[{"href":"https:\/\/castilla.gr\/de\/wp-json\/wp\/v2\/pages"}],"about":[{"href":"https:\/\/castilla.gr\/de\/wp-json\/wp\/v2\/types\/page"}],"author":[{"embeddable":true,"href":"https:\/\/castilla.gr\/de\/wp-json\/wp\/v2\/users\/1"}],"replies":[{"embeddable":true,"href":"https:\/\/castilla.gr\/de\/wp-json\/wp\/v2\/comments?post=1010"}],"version-history":[{"count":0,"href":"https:\/\/castilla.gr\/de\/wp-json\/wp\/v2\/pages\/1010\/revisions"}],"wp:attachment":[{"href":"https:\/\/castilla.gr\/de\/wp-json\/wp\/v2\/media?parent=1010"}],"curies":[{"name":"wp","href":"https:\/\/api.w.org\/{rel}","templated":true}]}}