{"id":2454,"date":"2024-06-28T08:24:42","date_gmt":"2024-06-28T05:24:42","guid":{"rendered":"https:\/\/castilla.gr\/?page_id=2454"},"modified":"2024-07-07T12:30:39","modified_gmt":"2024-07-07T09:30:39","slug":"warum-kommen-sie-zu-uns","status":"publish","type":"page","link":"https:\/\/castilla.gr\/de\/%ce%b3%ce%b9%ce%b1%cf%84%ce%af-%ce%bd%ce%b1-%ce%ad%cf%81%ce%b8%ce%b5%cf%84%ce%b5-%cf%83%ce%b5-%ce%b5%ce%bc%ce%ac%cf%82\/","title":{"rendered":"Warum kommen Sie zu uns?"},"content":{"rendered":"<div data-elementor-type=\"wp-page\" data-elementor-id=\"2454\" class=\"elementor elementor-2454\" data-elementor-post-type=\"page\">\n\t\t\t\t<div class=\"elementor-element elementor-element-681b19f e-flex e-con-boxed e-con e-parent\" data-id=\"681b19f\" data-element_type=\"container\" data-e-type=\"container\">\n\t\t\t\t\t<div class=\"e-con-inner\">\n\t\t\t\t<div class=\"elementor-element elementor-element-e29533f elementor-widget elementor-widget-text-editor\" data-id=\"e29533f\" data-element_type=\"widget\" data-e-type=\"widget\" data-widget_type=\"text-editor.default\">\n\t\t\t\t<div class=\"elementor-widget-container\">\n\t\t\t\t\t\t\t\t\t<h2>Erfahrung und Spezialisierung<\/h2><h3>Wir sind das einzige spanische Sprachzentrum, das sich seit 1988 im Herzen von Thessaloniki auf diese Sprache spezialisiert hat.<\/h3><p>Dank unserer langj\u00e4hrigen Erfahrung im Bereich des Spanischlernens k\u00f6nnen wir qualitativ hochwertige Kurse anbieten. Seit 1988 haben wir Tausenden von Sch\u00fclern geholfen, ihre Sprachziele zu erreichen und anerkannte Abschl\u00fcsse zu erlangen. Wir sind stolz auf unsere Erfolgsbilanz und auf die Erfolge unserer Sch\u00fcler.<\/p><h2>Eine gro\u00dfe spanische Familie<\/h2><h3>Sie werden Teil einer gro\u00dfen spanischen Familie, denn CASTILLA wurde u.a. von einer spanischsprachigen Familie gegr\u00fcndet, in der die einzige Kommunikationssprache Spanisch ist.<\/h3><p>Kultur und Sprache sind integrale Bestandteile unseres t\u00e4glichen Lebens in Kastilien. Wenn Sie in unsere Schule kommen, werden Sie Teil einer lebendigen Gemeinschaft, in der Spanisch allgegenw\u00e4rtig ist. Unsere Sch\u00fcler haben die M\u00f6glichkeit, in die spanischsprachige Kultur einzutauchen und Spanisch in realen Situationen zu \u00fcben.<\/p><h2>Spanische Fiesta und kulturelle Veranstaltungen<\/h2><h3>Jedes Jahr organisieren wir eine spanische Fiesta mit Sangr\u00eda und Speisen aus Spanien und Lateinamerika.<\/h3><p>Jedes Jahr bringt unsere gro\u00dfe Fiesta Sch\u00fcler, Lehrer und Freunde zusammen, um die spanische Kultur mit traditionellen Speisen, Getr\u00e4nken und Musik zu feiern. Diese Veranstaltungen bieten eine einzigartige Gelegenheit, Kontakte zu kn\u00fcpfen und die Sprache in einer lustigen und authentischen Umgebung zu \u00fcben.<\/p><h2>Exklusiver Spanischunterricht<\/h2><h3>Wir unterrichten ausschlie\u00dflich die spanische Sprache und die hispanische Kultur.<\/h3><p>Bei Castilla konzentrieren wir uns ausschlie\u00dflich auf den Unterricht der spanischen Sprache und Kultur. Unsere Spezialisierung in diesem Bereich bedeutet, dass wir den bestm\u00f6glichen Unterricht anbieten k\u00f6nnen, indem wir moderne Lehrmethoden und Materialien verwenden, die allen Bed\u00fcrfnissen unserer Sch\u00fcler gerecht werden.<\/p><h2>Hohe Erfolgsquoten<\/h2><h3>Der Erfolg bei den Studienabschl\u00fcssen liegt \u00fcber 90%.<\/h3><p>Unsere Erfolgsquoten sprechen f\u00fcr sich. Mit \u00fcber 90% Erfolg in Abschl\u00fcssen sind unsere Studenten extrem gut auf die Pr\u00fcfung vorbereitet. Unsere Erfahrung und unser Fachwissen gew\u00e4hrleisten, dass Sie die bestm\u00f6gliche Vorbereitung auf Ihre Pr\u00fcfungen erhalten.<\/p><h2>Fr\u00f6hliches und freundliches Personal<\/h2><h3>Alle unsere Mitarbeiter sind sehr fr\u00f6hlich und freundlich und haben Lust auf einen unterhaltsamen Unterricht!<\/h3><p>Lernen ist am effektivsten, wenn es Spa\u00df macht. Unsere freundlichen und enthusiastischen Mitarbeiter schaffen ein angenehmes Lernumfeld, in dem sich die Sch\u00fcler wohlf\u00fchlen und den Lernprozess genie\u00dfen.<\/p><h2>Spezialisierte Professoren<\/h2><h3>Alle Lehrer sind spanischsprachig und Literaturwissenschaftler mit langj\u00e4hriger Erfahrung im Unterrichten von Spanisch als Fremdsprache.<\/h3><p>Unsere Lehrer sind alle spanischsprachig und haben sich auf den Unterricht von Spanisch als Fremdsprache spezialisiert. Ihre Erfahrung und Ausbildung gew\u00e4hrleisten, dass Sie einen qualitativ hochwertigen Unterricht erhalten und Ihre Sprachkenntnisse schnell und effektiv verbessern k\u00f6nnen.<\/p><h3>Flexible Abschnitte<\/h3><h3>Vormittags-, Mittags-, Nachmittags-, Nachmittags- und Abendkurse und kleine Gruppen.<\/h3><p>Wir bieten flexible Kurszeiten, um den Bed\u00fcrfnissen aller unserer Studenten gerecht zu werden. Egal, ob Sie Vormittags-, Mittags-, Nachmittags- oder Abendkurse bevorzugen, wir haben die richtige Wahl f\u00fcr Sie. Unsere kleinen Klassen gew\u00e4hrleisten, dass jeder Sch\u00fcler die pers\u00f6nliche Aufmerksamkeit erh\u00e4lt, die er braucht.<\/p><h2>Bildungsreisen<\/h2><h3>Jedes Jahr im April gibt es die M\u00f6glichkeit einer Studienreise nach Spanien.<\/h3><p>Jedes Jahr im April organisieren wir Bildungsreisen nach Spanien, die unseren Sch\u00fclern die M\u00f6glichkeit bieten, die Sprache zu \u00fcben und die spanische Kultur aus erster Hand zu erleben. Diese Reisen sind ein unvergessliches Erlebnis, das Lernen und Spa\u00df miteinander verbindet.<\/p><h2>Zusammenarbeit mit dem Instituto Cervantes und dem Ministerium f\u00fcr Bildung<\/h2><h3>Wir arbeiten mit dem Instituto Cervantes und dem Bildungsministerium als Pr\u00fcfer f\u00fcr die Abschl\u00fcsse zusammen.<\/h3><p>Unsere Partnerschaft mit dem Instituto Cervantes und dem Bildungsministerium als offizielle Pr\u00fcfer gew\u00e4hrleistet, dass Ihre Ausbildung anerkannt und akkreditiert ist. Dies verleiht den Abschl\u00fcssen, die Sie durch unsere Nachhilfe erhalten, einen zus\u00e4tzlichen Wert.<\/p><h2>Gro\u00dfe Auswahl an Abteilungen zu erschwinglichen Preisen<\/h2><h3>Sie haben eine breite Palette von Teilen f\u00fcr Ihren Bedarf zu erschwinglichen Preisen.<\/h3><p>Wir bieten eine breite Palette von Kursen an, um allen Bed\u00fcrfnissen unserer Sch\u00fcler gerecht zu werden, vom Anf\u00e4nger bis zum Fortgeschrittenen. Unsere Preise sind erschwinglich und bieten ein hervorragendes Preis-Leistungs-Verh\u00e4ltnis f\u00fcr die Investition in Ihre Ausbildung.<\/p><h2>Die Begeisterung unserer Sch\u00fcler zeigt<\/h2><h3>Der Beweis f\u00fcr all dies: die Begeisterung unserer Sch\u00fcler.<\/h3><p>Die Zeugnisse und Bewertungen unserer Sch\u00fcler belegen die Qualit\u00e4t der Ausbildung, die wir anbieten. Kommen Sie und schlie\u00dfen Sie sich der Castilla-Familie an und sehen Sie selbst, warum wir die f\u00fchrende <br \/>Spanisch-Lernzentrum in Thessaloniki.<\/p>\t\t\t\t\t\t\t\t<\/div>\n\t\t\t\t<\/div>\n\t\t\t\t\t<\/div>\n\t\t\t\t<\/div>\n\t\t\t\t<\/div>","protected":false},"excerpt":{"rendered":"<p>\u0395\u03bc\u03c0\u03b5\u03b9\u03c1\u03af\u03b1 \u03ba\u03b1\u03b9 \u0395\u03be\u03b5\u03b9\u03b4\u03af\u03ba\u03b5\u03c5\u03c3\u03b7 \u0395\u03af\u03bc\u03b1\u03c3\u03c4\u03b5 \u03c4\u03bf \u03bc\u03bf\u03bd\u03b1\u03b4\u03b9\u03ba\u03cc \u039a\u03ad\u03bd\u03c4\u03c1\u03bf \u0399\u03c3\u03c0\u03b1\u03bd\u03b9\u03ba\u03ae\u03c2 \u0393\u03bb\u03ce\u03c3\u03c3\u03b1\u03c2 \u03c0\u03bf\u03c5 \u03b5\u03be\u03b5\u03b9\u03b4\u03b9\u03ba\u03b5\u03cd\u03c4\u03b7\u03ba\u03b5 \u03c3\u03b5 \u03b1\u03c5\u03c4\u03ae\u03bd \u03b1\u03c0\u03cc \u03c4\u03bf 1988 \u03c3\u03c4\u03b7\u03bd \u03ba\u03b1\u03c1\u03b4\u03b9\u03ac \u03c4\u03b7\u03c2 \u0398\u03b5\u03c3\u03c3\u03b1\u03bb\u03bf\u03bd\u03af\u03ba\u03b7\u03c2. \u0397 \u03bc\u03b1\u03ba\u03c1\u03bf\u03c7\u03c1\u03cc\u03bd\u03b9\u03b1 \u03b5\u03bc\u03c0\u03b5\u03b9\u03c1\u03af\u03b1 \u03bc\u03b1\u03c2 \u03c3\u03c4\u03bf\u03bd \u03c7\u03ce\u03c1\u03bf \u03c4\u03b7\u03c2 \u03b5\u03ba\u03bc\u03ac\u03b8\u03b7\u03c3\u03b7\u03c2 \u0399\u03c3\u03c0\u03b1\u03bd\u03b9\u03ba\u03ce\u03bd \u03bc\u03ac\u03c2 \u03b5\u03c0\u03b9\u03c4\u03c1\u03ad\u03c0\u03b5\u03b9 \u03bd\u03b1 \u03c0\u03c1\u03bf\u03c3\u03c6\u03ad\u03c1\u03bf\u03c5\u03bc\u03b5 \u03c5\u03c8\u03b7\u03bb\u03ae\u03c2 \u03c0\u03bf\u03b9\u03cc\u03c4\u03b7\u03c4\u03b1\u03c2 \u03b5\u03ba\u03c0\u03b1\u03af\u03b4\u03b5\u03c5\u03c3\u03b7. \u0391\u03c0\u03cc \u03c4\u03bf 1988, \u03ad\u03c7\u03bf\u03c5\u03bc\u03b5 \u03b2\u03bf\u03b7\u03b8\u03ae\u03c3\u03b5\u03b9 \u03c7\u03b9\u03bb\u03b9\u03ac\u03b4\u03b5\u03c2 \u03bc\u03b1\u03b8\u03b7\u03c4\u03ad\u03c2 \u03bd\u03b1 \u03b5\u03c0\u03b9\u03c4\u03cd\u03c7\u03bf\u03c5\u03bd \u03c4\u03bf\u03c5\u03c2 \u03b3\u03bb\u03c9\u03c3\u03c3\u03b9\u03ba\u03bf\u03cd\u03c2 \u03c4\u03bf\u03c5\u03c2 \u03c3\u03c4\u03cc\u03c7\u03bf\u03c5\u03c2 \u03ba\u03b1\u03b9 \u03bd\u03b1 \u03b1\u03c0\u03bf\u03ba\u03c4\u03ae\u03c3\u03bf\u03c5\u03bd \u03b1\u03bd\u03b1\u03b3\u03bd\u03c9\u03c1\u03b9\u03c3\u03bc\u03ad\u03bd\u03b1 \u03c0\u03c4\u03c5\u03c7\u03af\u03b1. \u0395\u03af\u03bc\u03b1\u03c3\u03c4\u03b5 [&hellip;]<\/p>\n","protected":false},"author":1,"featured_media":0,"parent":0,"menu_order":0,"comment_status":"closed","ping_status":"closed","template":"","meta":{"_gspb_post_css":"","footnotes":""},"class_list":["post-2454","page","type-page","status-publish","hentry"],"blocksy_meta":[],"_links":{"self":[{"href":"https:\/\/castilla.gr\/de\/wp-json\/wp\/v2\/pages\/2454","targetHints":{"allow":["GET"]}}],"collection":[{"href":"https:\/\/castilla.gr\/de\/wp-json\/wp\/v2\/pages"}],"about":[{"href":"https:\/\/castilla.gr\/de\/wp-json\/wp\/v2\/types\/page"}],"author":[{"embeddable":true,"href":"https:\/\/castilla.gr\/de\/wp-json\/wp\/v2\/users\/1"}],"replies":[{"embeddable":true,"href":"https:\/\/castilla.gr\/de\/wp-json\/wp\/v2\/comments?post=2454"}],"version-history":[{"count":0,"href":"https:\/\/castilla.gr\/de\/wp-json\/wp\/v2\/pages\/2454\/revisions"}],"wp:attachment":[{"href":"https:\/\/castilla.gr\/de\/wp-json\/wp\/v2\/media?parent=2454"}],"curies":[{"name":"wp","href":"https:\/\/api.w.org\/{rel}","templated":true}]}}