{"id":2458,"date":"2024-06-28T08:25:13","date_gmt":"2024-06-28T05:25:13","guid":{"rendered":"https:\/\/castilla.gr\/?page_id=2458"},"modified":"2024-07-07T12:27:29","modified_gmt":"2024-07-07T09:27:29","slug":"uber-die-kurse-hinaus","status":"publish","type":"page","link":"https:\/\/castilla.gr\/de\/%cf%80%ce%ad%cf%81%ce%b1-%ce%b1%cf%80%cf%8c-%cf%84%ce%b1-%ce%bc%ce%b1%ce%b8%ce%ae%ce%bc%ce%b1%cf%84%ce%b1\/","title":{"rendered":"\u00dcber die Kurse hinaus"},"content":{"rendered":"<div data-elementor-type=\"wp-page\" data-elementor-id=\"2458\" class=\"elementor elementor-2458\" data-elementor-post-type=\"page\">\n\t\t\t\t<div class=\"elementor-element elementor-element-99a0adc e-flex e-con-boxed e-con e-parent\" data-id=\"99a0adc\" data-element_type=\"container\" data-e-type=\"container\">\n\t\t\t\t\t<div class=\"e-con-inner\">\n\t\t\t\t<div class=\"elementor-element elementor-element-2d60a1a elementor-widget elementor-widget-text-editor\" data-id=\"2d60a1a\" data-element_type=\"widget\" data-e-type=\"widget\" data-widget_type=\"text-editor.default\">\n\t\t\t\t<div class=\"elementor-widget-container\">\n\t\t\t\t\t\t\t\t\t<p>Im Castilla Spanish Centre h\u00f6rt das Lernen nicht im Klassenzimmer auf. Wir bieten eine Reihe von zus\u00e4tzlichen Aktivit\u00e4ten und Einrichtungen, die den Unterricht bereichern und die Lernerfahrung umfassender und unterhaltsamer machen. Sehen Sie, was wir \u00fcber den Unterricht hinaus anbieten k\u00f6nnen:<\/p><h2>Zugang zur E-Klasse<\/h2><p>Mit dem Code, den Sie bei Ihrer Anmeldung erhalten, k\u00f6nnen Sie an der E-Klasse teilnehmen.<br \/>Unsere e-Class ist eine Plattform, die es den Studierenden erm\u00f6glicht, von jedem Ort aus auf Kursmaterialien, Notizen, Aufgaben und \u00dcbungsaufgaben zuzugreifen. Mit Ihrem pers\u00f6nlichen Passwort k\u00f6nnen Sie sich einloggen und die Vorteile der umfangreichen Bildungsressourcen nutzen, die wir anbieten.<\/p><h2>Reichlich Material f\u00fcr weitere \u00dcbungen<\/h2><p>Reichlich Material f\u00fcr weitere \u00dcbungen, entweder bei Ihnen zu Hause oder in einem unserer Unterrichtsr\u00e4ume.<br \/>Wir glauben, dass \u00dcbung der Schl\u00fcssel zum Erfolg beim Erlernen einer Sprache ist. Deshalb stellen wir eine F\u00fclle von Materialien zur Verf\u00fcgung, darunter \u00dcbungsb\u00fccher, digitale Ressourcen und interaktive Aktivit\u00e4ten. Unsere Sch\u00fcler k\u00f6nnen entweder bequem von zu Hause aus \u00fcben oder in unseren gut ausgestatteten Unterrichtsr\u00e4umen mit der Unterst\u00fctzung unserer Lehrer.<\/p><h2>Kostenloser Zugang zur Leihbibliothek<\/h2><p>Kostenloser Zugang zu unserer Leihbibliothek mit B\u00fcchern aller Niveaus und Genres (Literatur, Geschichte, Poesie und Drama).<br \/>Unsere Bibliothek ist eine Fundgrube f\u00fcr Wissen und Kultur. Wir haben B\u00fccher f\u00fcr alle Sprachniveaus, aber auch literarische, historische, poetische und theatralische Werke. Unsere Sch\u00fcler haben die M\u00f6glichkeit, kostenlos B\u00fccher auszuleihen, ihr Wissen zu erweitern und in die spanischsprachige Kultur einzutauchen.<\/p><h2>Studentenaustauschprogramme<\/h2><p>Organisation von Austauschprogrammen f\u00fcr spanische Studenten der griechischen Sprache und griechische Studenten der spanischen Sprache w\u00e4hrend des Sommers!<br \/>Jeden Sommer organisieren wir Sch\u00fcleraustauschprogramme, die einzigartige Erfahrungen und M\u00f6glichkeiten bieten. Unsere griechischen Sch\u00fcler haben die M\u00f6glichkeit, nach Spanien zu reisen, bei spanischen Familien zu wohnen und die Sprache in realen Situationen zu \u00fcben. Gleichzeitig nehmen wir spanische Sch\u00fcler auf, die Griechisch lernen, und schaffen so eine internationale Gemeinschaft des Lernens und der Freundschaft.<\/p><h2>Theatervorstellungen und Gruppenarbeiten<\/h2><p>Viele Stunden voller Lachen und Spa\u00df mit Theater und Gruppenprojekten!<br \/>Theater und Gruppenarbeit sind ein wesentlicher Bestandteil unseres p\u00e4dagogischen Ansatzes. Durch lustige Theaterauff\u00fchrungen haben unsere Sch\u00fcler die M\u00f6glichkeit, ihre Sprachkenntnisse zu verbessern und ihr Selbstvertrauen zu st\u00e4rken. Die Gruppenarbeit f\u00f6rdert die Zusammenarbeit, das kritische Denken und die Kreativit\u00e4t.<\/p><h2>Bildungsausfl\u00fcge und kulturelle Besichtigungen<\/h2><p>Bildungsexkursionen und kulturelle Besuche von Museen, Ausstellungen und anderen Kulturzentren.<br \/>Wir organisieren regelm\u00e4\u00dfig Bildungsexkursionen und kulturelle Besichtigungen, die die Bildungserfahrung unserer Sch\u00fcler bereichern. Diese Aktivit\u00e4ten helfen den Sch\u00fclern, ein besseres Verst\u00e4ndnis f\u00fcr die Geschichte, Kunst und Kultur spanischsprachiger L\u00e4nder zu erlangen.<\/p><h2>Seminare und Workshops<\/h2><p>Seminare und Workshops zu Themen von Literatur und Geschichte bis hin zu Gastronomie und Musik.<br \/>Die Seminare und Workshops, die wir anbieten, decken eine breite Palette von Themen ab und sind so konzipiert, dass sie den Interessen aller unserer Sch\u00fcler gerecht werden. Vom Kochen und Probieren spanischer Gerichte bis hin zu spanischen Musik- und Tanzworkshops haben unsere Sch\u00fcler die M\u00f6glichkeit, die spanische Kultur auf vielf\u00e4ltige Weise zu erleben.<\/p><h2>Diskussions- und Rednerclubs<\/h2><p>Diskussions- und Konversationsclubs, in denen die Sch\u00fcler die Sprache in einer entspannten und freundlichen Umgebung \u00fcben k\u00f6nnen.<br \/>Unsere Diskussionsclubs sind eine hervorragende Gelegenheit f\u00fcr unsere Sch\u00fcler, ihr Spanisch in einer angenehmen und freundlichen Umgebung zu \u00fcben. Durch Diskussionen \u00fcber verschiedene Themen verbessern unsere Sch\u00fcler ihren m\u00fcndlichen Ausdruck und werden sicherer im Umgang mit der Sprache.<\/p><h2>Wettbewerbe und Auszeichnungen<\/h2><p>Wettbewerbe und Preise, die die Sch\u00fcler dazu ermutigen, nach den Besten zu streben.<br \/>Wir veranstalten Wettbewerbe in verschiedenen Kategorien, wie z. B. Schreiben, Lesen und Aussprache, um unsere Sch\u00fcler zu ermutigen, st\u00e4ndig nach den Besten zu streben. Die Gewinner werden mit Lob und verschiedenen Preisen belohnt und erhalten so einen Anreiz, sich st\u00e4ndig zu verbessern.<\/p><h2>Unterst\u00fctzung und Beratung<\/h2><p>Unterst\u00fctzung und Beratung f\u00fcr unsere Sch\u00fcler beim Lernen, bei Pr\u00fcfungen und in der Berufswelt.<br \/>Die Unterst\u00fctzung unserer Sch\u00fcler ist unsere Priorit\u00e4t. Wir bieten Beratung zum Lernen, zur Pr\u00fcfungsvorbereitung und zur Berufsberatung. Wir sind hier, um Ihnen bei jedem Schritt auf Ihrem Bildungsweg zu helfen.<\/p>\t\t\t\t\t\t\t\t<\/div>\n\t\t\t\t<\/div>\n\t\t\t\t<div class=\"elementor-element elementor-element-bc69473 elementor-widget elementor-widget-text-editor\" data-id=\"bc69473\" data-element_type=\"widget\" data-e-type=\"widget\" data-widget_type=\"text-editor.default\">\n\t\t\t\t<div class=\"elementor-widget-container\">\n\t\t\t\t\t\t\t\t\t<p><strong>Sekretariat-Informationszeiten<\/strong>Wochentags: 10:00-15:00 und 17:00-21:00 Samstag: 10:00-12:00 oder nach Vereinbarung.<br \/><strong>Telefon<\/strong>: 2310 261241 mobil: 6972000565<\/p>\t\t\t\t\t\t\t\t<\/div>\n\t\t\t\t<\/div>\n\t\t\t\t\t<\/div>\n\t\t\t\t<\/div>\n\t\t\t\t<\/div>","protected":false},"excerpt":{"rendered":"<p>\u03a3\u03c4\u03bf \u039a\u03ad\u03bd\u03c4\u03c1\u03bf \u0399\u03c3\u03c0\u03b1\u03bd\u03b9\u03ba\u03ce\u03bd \u03a3\u03c0\u03bf\u03c5\u03b4\u03ce\u03bd Castilla, \u03b7 \u03bc\u03ac\u03b8\u03b7\u03c3\u03b7 \u03b4\u03b5\u03bd \u03c3\u03c4\u03b1\u03bc\u03b1\u03c4\u03ac\u03b5\u03b9 \u03c3\u03c4\u03b7\u03bd \u03b1\u03af\u03b8\u03bf\u03c5\u03c3\u03b1 \u03b4\u03b9\u03b4\u03b1\u03c3\u03ba\u03b1\u03bb\u03af\u03b1\u03c2. \u03a0\u03c1\u03bf\u03c3\u03c6\u03ad\u03c1\u03bf\u03c5\u03bc\u03b5 \u03bc\u03b9\u03b1 \u03c3\u03b5\u03b9\u03c1\u03ac \u03b1\u03c0\u03cc \u03b5\u03c0\u03b9\u03c0\u03bb\u03ad\u03bf\u03bd \u03b4\u03c1\u03b1\u03c3\u03c4\u03b7\u03c1\u03b9\u03cc\u03c4\u03b7\u03c4\u03b5\u03c2 \u03ba\u03b1\u03b9 \u03c0\u03b1\u03c1\u03bf\u03c7\u03ad\u03c2 \u03c0\u03bf\u03c5 \u03b5\u03bd\u03b9\u03c3\u03c7\u03cd\u03bf\u03c5\u03bd \u03c4\u03b7\u03bd \u03b5\u03ba\u03c0\u03b1\u03af\u03b4\u03b5\u03c5\u03c3\u03b7 \u03ba\u03b1\u03b9 \u03ba\u03ac\u03bd\u03bf\u03c5\u03bd \u03c4\u03b7 \u03bc\u03b1\u03b8\u03b7\u03c3\u03b9\u03b1\u03ba\u03ae \u03b5\u03bc\u03c0\u03b5\u03b9\u03c1\u03af\u03b1 \u03c0\u03b9\u03bf \u03c0\u03bb\u03ae\u03c1\u03b7 \u03ba\u03b1\u03b9 \u03b4\u03b9\u03b1\u03c3\u03ba\u03b5\u03b4\u03b1\u03c3\u03c4\u03b9\u03ba\u03ae. \u0394\u03b5\u03af\u03c4\u03b5 \u03c4\u03b9 \u03bc\u03c0\u03bf\u03c1\u03bf\u03cd\u03bc\u03b5 \u03bd\u03b1 \u03c0\u03c1\u03bf\u03c3\u03c6\u03ad\u03c1\u03bf\u03c5\u03bc\u03b5 \u03c0\u03ad\u03c1\u03b1 \u03b1\u03c0\u03cc \u03c4\u03b1 \u03bc\u03b1\u03b8\u03ae\u03bc\u03b1\u03c4\u03b1: \u03a0\u03c1\u03cc\u03c3\u03b2\u03b1\u03c3\u03b7 \u03c3\u03c4\u03bf e-class \u03a3\u03b1\u03c2 \u03c0\u03b1\u03c1\u03ad\u03c7\u03b5\u03c4\u03b1\u03b9 \u03b7 \u03b4\u03c5\u03bd\u03b1\u03c4\u03cc\u03c4\u03b7\u03c4\u03b1 \u03b5\u03b9\u03c3\u03cc\u03b4\u03bf\u03c5 \u03c3\u03c4\u03bf e-class \u03bc\u03b5 \u03c4\u03bf\u03bd \u03ba\u03c9\u03b4\u03b9\u03ba\u03cc [&hellip;]<\/p>\n","protected":false},"author":1,"featured_media":0,"parent":0,"menu_order":0,"comment_status":"closed","ping_status":"closed","template":"","meta":{"_gspb_post_css":"","footnotes":""},"class_list":["post-2458","page","type-page","status-publish","hentry"],"blocksy_meta":[],"_links":{"self":[{"href":"https:\/\/castilla.gr\/de\/wp-json\/wp\/v2\/pages\/2458","targetHints":{"allow":["GET"]}}],"collection":[{"href":"https:\/\/castilla.gr\/de\/wp-json\/wp\/v2\/pages"}],"about":[{"href":"https:\/\/castilla.gr\/de\/wp-json\/wp\/v2\/types\/page"}],"author":[{"embeddable":true,"href":"https:\/\/castilla.gr\/de\/wp-json\/wp\/v2\/users\/1"}],"replies":[{"embeddable":true,"href":"https:\/\/castilla.gr\/de\/wp-json\/wp\/v2\/comments?post=2458"}],"version-history":[{"count":0,"href":"https:\/\/castilla.gr\/de\/wp-json\/wp\/v2\/pages\/2458\/revisions"}],"wp:attachment":[{"href":"https:\/\/castilla.gr\/de\/wp-json\/wp\/v2\/media?parent=2458"}],"curies":[{"name":"wp","href":"https:\/\/api.w.org\/{rel}","templated":true}]}}