{"id":2527,"date":"2024-06-28T11:54:59","date_gmt":"2024-06-28T08:54:59","guid":{"rendered":"https:\/\/castilla.gr\/?page_id=2527"},"modified":"2024-07-07T12:29:39","modified_gmt":"2024-07-07T09:29:39","slug":"prufungsergebnisse","status":"publish","type":"page","link":"https:\/\/castilla.gr\/de\/%ce%b5%ce%be%ce%b5%cf%84%ce%ac%cf%83%ce%b5%ce%b9%cf%82-%ce%b1%cf%80%ce%bf%cf%84%ce%b5%ce%bb%ce%ad%cf%83%ce%bc%ce%b1%cf%84%ce%b1\/","title":{"rendered":"Pr\u00fcfungen - Ergebnisse"},"content":{"rendered":"<div data-elementor-type=\"wp-page\" data-elementor-id=\"2527\" class=\"elementor elementor-2527\" data-elementor-post-type=\"page\">\n\t\t\t\t<div class=\"elementor-element elementor-element-76df5bc e-flex e-con-boxed e-con e-parent\" data-id=\"76df5bc\" data-element_type=\"container\" data-e-type=\"container\">\n\t\t\t\t\t<div class=\"e-con-inner\">\n\t\t\t\t<div class=\"elementor-element elementor-element-249f758 elementor-widget elementor-widget-heading\" data-id=\"249f758\" data-element_type=\"widget\" data-e-type=\"widget\" data-widget_type=\"heading.default\">\n\t\t\t\t<div class=\"elementor-widget-container\">\n\t\t\t\t\t<h2 class=\"elementor-heading-title elementor-size-default\">Cervantes<\/h2>\t\t\t\t<\/div>\n\t\t\t\t<\/div>\n\t\t\t\t<div class=\"elementor-element elementor-element-fa9699b elementor-widget elementor-widget-text-editor\" data-id=\"fa9699b\" data-element_type=\"widget\" data-e-type=\"widget\" data-widget_type=\"text-editor.default\">\n\t\t\t\t<div class=\"elementor-widget-container\">\n\t\t\t\t\t\t\t\t\t<p>Die 6 Abschl\u00fcsse k\u00f6nnen auf der offiziellen Cervantes-Website eingesehen werden<\/p><p><a href=\"https:\/\/atenas.cervantes.es\/gr\/diplomas_spanish\/information.htm\" target=\"_blank\" rel=\"noopener\">https:\/\/atenas.cervantes.es\/gr\/diplomas_spanish\/information.htm<\/a><\/p><p><strong>Ebenen der Studienabschl\u00fcsse<\/strong><\/p><p><a href=\"https:\/\/atenas.cervantes.es\/gr\/diplomas_spanish\/spanish_diplomas.htm\" target=\"_blank\" rel=\"noopener\">https:\/\/atenas.cervantes.es\/gr\/diplomas_spanish\/spanish_diplomas.htm<\/a><\/p><p><strong>Wie man sich registriert<\/strong><\/p><p><a href=\"https:\/\/atenas.cervantes.es\/gr\/diplomas_spanish\/registration.htm\" target=\"_blank\" rel=\"noopener\">https:\/\/atenas.cervantes.es\/gr\/diplomas_spanish\/registration.htm<\/a><\/p><p><strong>Modelle f\u00fcr die Pr\u00fcfung<\/strong><\/p><p><a href=\"https:\/\/examenes.cervantes.es\/es\/dele\/preparar-prueba\" target=\"_blank\" rel=\"noopener\">https:\/\/examenes.cervantes.es\/es\/dele\/preparar-prueba<\/a><\/p>\t\t\t\t\t\t\t\t<\/div>\n\t\t\t\t<\/div>\n\t\t\t\t\t<\/div>\n\t\t\t\t<\/div>\n\t\t<div class=\"elementor-element elementor-element-cbce2c9 e-flex e-con-boxed e-con e-parent\" data-id=\"cbce2c9\" data-element_type=\"container\" data-e-type=\"container\">\n\t\t\t\t\t<div class=\"e-con-inner\">\n\t\t\t\t<div class=\"elementor-element elementor-element-1627934 elementor-widget elementor-widget-heading\" data-id=\"1627934\" data-element_type=\"widget\" data-e-type=\"widget\" data-widget_type=\"heading.default\">\n\t\t\t\t<div class=\"elementor-widget-container\">\n\t\t\t\t\t<h2 class=\"elementor-heading-title elementor-size-default\">KPG<\/h2>\t\t\t\t<\/div>\n\t\t\t\t<\/div>\n\t\t\t\t<div class=\"elementor-element elementor-element-45a5fb3 elementor-widget elementor-widget-text-editor\" data-id=\"45a5fb3\" data-element_type=\"widget\" data-e-type=\"widget\" data-widget_type=\"text-editor.default\">\n\t\t\t\t<div class=\"elementor-widget-container\">\n\t\t\t\t\t\t\t\t\t<p><strong>Informationen<\/strong><\/p><p><a href=\"https:\/\/rcel2.enl.uoa.gr\/kpg\/\" target=\"_blank\" rel=\"noopener\">https:\/\/rcel2.enl.uoa.gr\/kpg\/<\/a><\/p><p><strong>Bekanntmachungen auf der offiziellen Website des KIC des Bildungsministeriums<\/strong><\/p><p><a href=\"https:\/\/www.minedu.gov.gr\/eggrafa-kpg\" target=\"_blank\" rel=\"noopener\">https:\/\/www.minedu.gov.gr\/eggrafa-kpg<\/a><\/p><p><strong>Alle alten CPG-Pr\u00fcfungsthemen finden Sie unten:<\/strong><\/p><ul><li lang=\"x-none\"><a href=\"https:\/\/www.dropbox.com\/sh\/qhc949w33ssyexs\/AACwF9CLo9BgwTU0qc7Vp_XOa?dl=0\" target=\"_blank\" rel=\"noopener\">B-Niveau (B1 und B2 eingestuft)<\/a><\/li><li lang=\"x-none\"><p lang=\"x-none\"><a href=\"https:\/\/www.dropbox.com\/sh\/cc41tx90etydmtf\/AAAdSenbcRT9eVpYTYqE2JPaa?dl=0\" target=\"_blank\" rel=\"noopener\">C-Niveau (C1 und C2 eingestuft)<\/a><\/p><\/li><\/ul>\t\t\t\t\t\t\t\t<\/div>\n\t\t\t\t<\/div>\n\t\t\t\t\t<\/div>\n\t\t\t\t<\/div>\n\t\t<div class=\"elementor-element elementor-element-3682b55 e-flex e-con-boxed e-con e-parent\" data-id=\"3682b55\" data-element_type=\"container\" data-e-type=\"container\">\n\t\t\t\t\t<div class=\"e-con-inner\">\n\t\t\t\t<div class=\"elementor-element elementor-element-5b59d76 elementor-widget elementor-widget-heading\" data-id=\"5b59d76\" data-element_type=\"widget\" data-e-type=\"widget\" data-widget_type=\"heading.default\">\n\t\t\t\t<div class=\"elementor-widget-container\">\n\t\t\t\t\t<h2 class=\"elementor-heading-title elementor-size-default\">HIER<\/h2>\t\t\t\t<\/div>\n\t\t\t\t<\/div>\n\t\t\t\t<div class=\"elementor-element elementor-element-55fb0a7 elementor-widget elementor-widget-text-editor\" data-id=\"55fb0a7\" data-element_type=\"widget\" data-e-type=\"widget\" data-widget_type=\"text-editor.default\">\n\t\t\t\t<div class=\"elementor-widget-container\">\n\t\t\t\t\t\t\t\t\t<ul><li><a href=\"https:\/\/siele.org\/\" target=\"_blank\" rel=\"noopener\">https:\/\/siele.org\/<\/a><\/li><li>https:\/\/atenas.cervantes.es\/gr\/siele_spanish_certificate\/info_siele_spanish.htm<\/li><\/ul><p><strong>Internationaler Dienst zur Bewertung der spanischen Sprache (SIELE)<\/strong><\/p><p>SIELE bescheinigt Spanischkenntnisse und richtet sich an Jugendliche und Erwachsene, die Spanisch als Fremd-, Zweit- oder sogar Muttersprache lernen.<br \/>Es wurde vom Instituto Cervantes Instituto Cervantes (IC), der Universidad Nacional Aut\u00f3noma de M\u00e9xico (UNAM), der Universit\u00e4t von Salamanca (USAL) und der Universit\u00e4t von Buenos Aires (UBA) ins Leben gerufen und wird von ihnen unterst\u00fctzt, wodurch die dynamische Pr\u00e4senz der sprachlichen Vielfalt des Spanischen gew\u00e4hrleistet wird.<br \/>Der Kandidat kann entweder die gesamte Pr\u00fcfung ablegen oder nur einzelne Teile davon, wenn er bestimmte Sprachkenntnisse nachweisen m\u00f6chte. Die Anmeldung und die Pr\u00fcfung erfolgen online, und der Kandidat kann Datum und Uhrzeit der Pr\u00fcfung w\u00e4hlen.<br \/>Die Ergebnisse werden sp\u00e4testens drei Wochen sp\u00e4ter versandt, und der Bewerber kann \u00fcber die Online-Anwendung sein Zertifikat oder seine Punktzahl ausdrucken, die f\u00fcnf Jahre lang g\u00fcltig sind.<\/p><p lang=\"x-none\"><a href=\"https:\/\/examenes.cervantes.es\/es\/siele\/que-es\" target=\"_blank\" rel=\"noopener\">Mehr Informationen \u00fcber SIELE<\/a><\/p>\t\t\t\t\t\t\t\t<\/div>\n\t\t\t\t<\/div>\n\t\t\t\t\t<\/div>\n\t\t\t\t<\/div>\n\t\t<div class=\"elementor-element elementor-element-aaffc5d e-flex e-con-boxed e-con e-parent\" data-id=\"aaffc5d\" data-element_type=\"container\" data-e-type=\"container\">\n\t\t\t\t\t<div class=\"e-con-inner\">\n\t\t\t\t<div class=\"elementor-element elementor-element-9c3e11b elementor-widget elementor-widget-heading\" data-id=\"9c3e11b\" data-element_type=\"widget\" data-e-type=\"widget\" data-widget_type=\"heading.default\">\n\t\t\t\t<div class=\"elementor-widget-container\">\n\t\t\t\t\t<h2 class=\"elementor-heading-title elementor-size-default\">Gemeinsamkeiten und Unterschiede zwischen DELE und SIELE<\/h2>\t\t\t\t<\/div>\n\t\t\t\t<\/div>\n\t\t\t\t<div class=\"elementor-element elementor-element-9b4d975 elementor-widget elementor-widget-text-editor\" data-id=\"9b4d975\" data-element_type=\"widget\" data-e-type=\"widget\" data-widget_type=\"text-editor.default\">\n\t\t\t\t<div class=\"elementor-widget-container\">\n\t\t\t\t\t\t\t\t\t<p>Die DELE-Spanischdiplome und der International Spanish Language Evaluation Service (SIELE) sind zwei erg\u00e4nzende Pr\u00fcfungsdienste, die vom Instituto Cervantes angeboten werden, um den Bed\u00fcrfnissen der Interessenten gerecht zu werden. Beide Qualifikationen sind international anerkannt und das Ansehen der Institutionen, die sie unterst\u00fctzen, ist eine Garantie f\u00fcr Qualit\u00e4t und gute F\u00fchrung.<br \/>Die DELEs sind vom spanischen Ministerium f\u00fcr Bildung und Berufsausbildung ausgestellte Qualifikationen mit unbefristeter G\u00fcltigkeit, die seit 1989 vergeben werden. Sie bieten Pr\u00fcfungen vom Niveau A1 bis C2 des MCER (Europ\u00e4ischer Referenzrahmen f\u00fcr Sprachen) an. Die Kandidaten m\u00fcssen im Voraus entscheiden, auf welchem Niveau sie die Pr\u00fcfung ablegen m\u00f6chten.<br \/>Die Ergebnisse werden innerhalb von etwa drei Monaten bekannt gegeben und die Kandidaten k\u00f6nnen sie \u00fcber die DELE-Website f\u00fcr Spanischdiplome abrufen und \u00fcber ihr pers\u00f6nliches Profil die offizielle Bescheinigung \u00fcber den Erfolg ausdrucken. Die erfolgreichen Kandidaten erhalten dann das offizielle spanische Sprachdiplom, das vom Ministerium f\u00fcr Bildung und Berufsbildung ausgestellt und von der spanischen Staatsdruckerei gedruckt wird.<br \/>SIELE bescheinigt das Niveau der spanischen Sprachkenntnisse und richtet sich an Jugendliche und Erwachsene, die Spanisch als Fremd- oder Zweitsprache oder sogar als Muttersprache haben. Es wurde 2016 mit Unterst\u00fctzung des Instituto Cervantes (IC), der Universidad Nacional Aut\u00f3noma de M\u00e9xico (UNAM), der Universit\u00e4t von Salamanca (USAL) und der Universit\u00e4t von Buenos Aires (UBA) ins Leben gerufen und gew\u00e4hrleistet so die dynamische Pr\u00e4senz der sprachlichen Vielfalt des Spanischen. Der Kandidat kann sich entweder f\u00fcr alle vier Module entscheiden, aus denen sich die gesamte Pr\u00fcfung zusammensetzt (CL, CA, EIE, EIO), oder f\u00fcr eines ihrer Teile, wenn er\/sie bestimmte Sprachkenntnisse nachweisen m\u00f6chte.<br \/>Die SIELE-Pr\u00fcfungen und ihre Verwaltung erfolgen vollst\u00e4ndig elektronisch. Das Ergebnis wird sp\u00e4testens nach drei Wochen verschickt und der Kandidat kann sein Zertifikat oder seinen Punktestand \u00fcber die Online-Anwendung ausdrucken.<br \/>In der folgenden Tabelle sind die Unterschiede zwischen den DELE-Spanischdiplomen und dem International Spanish Language Evaluation Service (SIELE) aufgef\u00fchrt:<\/p>\t\t\t\t\t\t\t\t<\/div>\n\t\t\t\t<\/div>\n\t\t\t\t\t<\/div>\n\t\t\t\t<\/div>\n\t\t<div class=\"elementor-element elementor-element-054c61e e-flex e-con-boxed e-con e-parent\" data-id=\"054c61e\" data-element_type=\"container\" data-e-type=\"container\">\n\t\t\t\t\t<div class=\"e-con-inner\">\n\t\t\t\t<div class=\"elementor-element elementor-element-1413187 elementor-widget elementor-widget-shortcode\" data-id=\"1413187\" data-element_type=\"widget\" data-e-type=\"widget\" data-widget_type=\"shortcode.default\">\n\t\t\t\t<div class=\"elementor-widget-container\">\n\t\t\t\t\t\t\t<div class=\"elementor-shortcode\">\n<table id=\"tablepress-1\" class=\"tablepress tablepress-id-1\">\n<thead>\n<tr class=\"row-1\">\n\t<th class=\"column-1\">Unterschiede zwischen DELE und SIELE<\/th><td class=\"column-2\"><\/td><td class=\"column-3\"><\/td>\n<\/tr>\n<\/thead>\n<tbody class=\"row-striping row-hover\">\n<tr class=\"row-2\">\n\t<td class=\"column-1\">TITEL<\/td><td class=\"column-2\">DELE<\/td><td class=\"column-3\">HIER<\/td>\n<\/tr>\n<tr class=\"row-3\">\n\t<td class=\"column-1\">Beschreibung<\/td><td class=\"column-2\">Diplom in Spanisch auf MCER-Niveau (Europ\u00e4ischer Referenzrahmen f\u00fcr Sprachen): (A1 - C2)<\/td><td class=\"column-3\">Instituto Cervantes, Universidad Nacional Aut\u00f3noma de M\u00e9xico (UNAM), Universit\u00e4t von Salamanca (USAL), Universit\u00e4t von Buenos Aires (UBA).<\/td>\n<\/tr>\n<tr class=\"row-4\">\n\t<td class=\"column-1\">Zust\u00e4ndige Stelle<\/td><td class=\"column-2\">Ministerium f\u00fcr Bildung und Berufsbildung Spaniens. Seit 1992 ist das Instituto Cervantes f\u00fcr die akademische, finanzielle und administrative Verwaltung zust\u00e4ndig.<\/td><td class=\"column-3\">Instituto Cervantes, Universidad Nacional Aut\u00f3noma de M\u00e9xico (UNAM), Universit\u00e4t von Salamanca (USAL), Universit\u00e4t von Buenos Aires (UBA).<\/td>\n<\/tr>\n<tr class=\"row-5\">\n\t<td class=\"column-1\">Einf\u00fchrung des Zertifizierungsmanagements<\/td><td class=\"column-2\">1989<\/td><td class=\"column-3\">2016<\/td>\n<\/tr>\n<tr class=\"row-6\">\n\t<td class=\"column-1\">Quelle:<\/td><td class=\"column-2\">Spanien<\/td><td class=\"column-3\">Spanien, Mexiko und Argentinien<\/td>\n<\/tr>\n<tr class=\"row-7\">\n\t<td class=\"column-1\">Strom<\/td><td class=\"column-2\">Unbestimmt<\/td><td class=\"column-3\">F\u00fcnf Jahre<\/td>\n<\/tr>\n<tr class=\"row-8\">\n\t<td class=\"column-1\">Internationale Anerkennung<\/td><td class=\"column-2\">Internationale Anerkennung durch Bildungssysteme von L\u00e4ndern (z. B. Brasilien, Frankreich, Italien), Institutionen, Unternehmen, Universit\u00e4ten usw. In Spanien: spanische Staatsangeh\u00f6rigkeit, MIR (medizinische Fachrichtung), FIR (Apothekerlizenz)<\/td><td class=\"column-3\">Internationale Anerkennung f\u00fcr SIELE-Hochschulen und -Hochschulinstitute<\/td>\n<\/tr>\n<tr class=\"row-9\">\n\t<td class=\"column-1\">Zust\u00e4ndig f\u00fcr die administrative und finanzielle Verwaltung<\/td><td class=\"column-2\">Instituto Cervantes<br \/>\n<\/td><td class=\"column-3\">Technologisches und kommerzielles Unternehmen nach Auftrag: Telef\u00f3nica Educaci\u00f3n Digital<\/td>\n<\/tr>\n<tr class=\"row-10\">\n\t<td class=\"column-1\">Empf\u00e4nger<\/td><td class=\"column-2\">F\u00fcr alle, die Spanisch als Fremd- oder Zweitsprache haben, Studenten, Jugendliche und Erwachsene<\/td><td class=\"column-3\">F\u00fcr Jugendliche und Erwachsene, die Spanisch als Fremd-, Zweit- oder Muttersprache haben<\/td>\n<\/tr>\n<tr class=\"row-11\">\n\t<td class=\"column-1\">Methode der administrativen Verwaltung\/Verarbeitung<\/td><td class=\"column-2\">Die Pr\u00fcfungen werden in Anwesenheit zu bestimmten internationalen Pr\u00fcfungszeitr\u00e4umen und an einem bestimmten Pr\u00fcfungszentrum durchgef\u00fchrt<\/td><td class=\"column-3\">Die Pr\u00fcfungen werden elektronisch, am Computer und nach Vereinbarung durchgef\u00fchrt. Nach und nach werden einige CL- und CA-Pr\u00fcfungen angepasst werden k\u00f6nnen<\/td>\n<\/tr>\n<tr class=\"row-12\">\n\t<td class=\"column-1\">Netz von Pr\u00fcfungszentren<\/td><td class=\"column-2\">Mehr als eintausend Testzentren in \u00fcber hundert L\u00e4ndern auf allen f\u00fcnf Kontinenten<\/td><td class=\"column-3\">Heute besteht das Netz aus mehr als 700 Testzentren in der ganzen Welt. Es kommen immer mehr Zentren hinzu. Wir empfehlen Ihnen daher, https:\/\/siele.org\/ zu besuchen.<\/td>\n<\/tr>\n<tr class=\"row-13\">\n\t<td class=\"column-1\">Integration der verschiedenen Variet\u00e4ten des Spanischen<\/td><td class=\"column-2\">Ja, insbesondere nach B1<\/td><td class=\"column-3\">Ja, obligatorisch und in der gesamten Pr\u00fcfung von Anfang an<\/td>\n<\/tr>\n<tr class=\"row-14\">\n\t<td class=\"column-1\">Einhaltung der internationalen Zertifizierungsstandards<\/td><td class=\"column-2\">Ja<\/td><td class=\"column-3\">Ja<\/td>\n<\/tr>\n<tr class=\"row-15\">\n\t<td class=\"column-1\">Anzahl der Auswahlverfahren und Stufen<\/td><td class=\"column-2\">Sechs Tests f\u00fcr Erwachsene (A1-C2) F\u00fcr Kinder bis zu 17 Jahren: A1 escolar und A2\/B1 Escolar<\/td><td class=\"column-3\">Eine Pr\u00fcfung f\u00fcr Erwachsene, die alle Pr\u00fcfungen der Stufen A1 bis C1 umfasst<\/td>\n<\/tr>\n<tr class=\"row-16\">\n\t<td class=\"column-1\">Teile der Pr\u00fcfung<\/td><td class=\"column-2\">Textverstehen H\u00f6rverstehen H\u00f6rverstehen Schriftliche Produktion und Interaktion M\u00fcndliche Produktion und Interaktion<\/td><td class=\"column-3\">Textverstehen H\u00f6rverstehen H\u00f6rverstehen Schriftliche Produktion und Interaktion M\u00fcndliche Produktion und Interaktion<\/td>\n<\/tr>\n<tr class=\"row-17\">\n\t<td class=\"column-1\">Informationen \u00fcber die Ergebnisse<\/td><td class=\"column-2\">Erfolgreich oder nicht erfolgreich, eine Benotung, die sich auf die Leistung auf dem Niveau bezieht, f\u00fcr das der Kandidat gepr\u00fcft wurde<\/td><td class=\"column-3\">Punktzahl auf einer Skala von eintausend Punkten, die den Stufen des Europ\u00e4ischen Referenzrahmens f\u00fcr Sprachen entspricht<\/td>\n<\/tr>\n<tr class=\"row-18\">\n\t<td class=\"column-1\">Art der Bescheinigung<\/td><td class=\"column-2\">Erfolgsbescheinigung in elektronischer Form mit offizieller G\u00fcltigkeit und offizielles Diplom f\u00fcr die erfolgreichen Bewerber<\/td><td class=\"column-3\">Zeugnis (f\u00fcr die gesamte Pr\u00fcfung) und Bescheinigung (nur f\u00fcr Teile der Pr\u00fcfung, je nach Art und Modus der vom Kandidaten gew\u00e4hlten Pr\u00fcfung).<\/td>\n<\/tr>\n<tr class=\"row-19\">\n\t<td class=\"column-1\">Frist f\u00fcr die Bekanntgabe der Ergebnisse<\/td><td class=\"column-2\">In etwa drei Monaten<\/td><td class=\"column-3\">Sp\u00e4testens innerhalb von drei Wochen<\/td>\n<\/tr>\n<\/tbody>\n<\/table>\n<\/div>\n\t\t\t\t\t\t<\/div>\n\t\t\t\t<\/div>\n\t\t\t\t\t<\/div>\n\t\t\t\t<\/div>\n\t\t\t\t<\/div>","protected":false},"excerpt":{"rendered":"<p>Cervantes \u03a4\u03b1 6 \u03c0\u03c4\u03c5\u03c7\u03af\u03b1 \u03b2\u03c1\u03af\u03c3\u03ba\u03bf\u03bd\u03c4\u03b1\u03b9 \u03c3\u03c4\u03b7\u03bd \u03b5\u03c0\u03af\u03c3\u03b7\u03bc\u03b7 \u03b9\u03c3\u03c4\u03bf\u03c3\u03b5\u03bb\u03af\u03b4\u03b1 \u03c4\u03bf\u03c5 Cervantes https:\/\/atenas.cervantes.es\/gr\/diplomas_spanish\/information.htm \u0395\u03c0\u03af\u03c0\u03b5\u03b4\u03b1 \u03c4\u03c9\u03bd \u03a0\u03c4\u03c5\u03c7\u03af\u03c9\u03bd https:\/\/atenas.cervantes.es\/gr\/diplomas_spanish\/spanish_diplomas.htm \u03a0\u03c9\u03c2 \u03b8\u03b1 \u03b3\u03c1\u03b1\u03c6\u03c4\u03b5\u03af\u03c4\u03b5 https:\/\/atenas.cervantes.es\/gr\/diplomas_spanish\/registration.htm \u039c\u03bf\u03bd\u03c4\u03ad\u03bb\u03b1 \u0395\u03be\u03b5\u03c4\u03ac\u03c3\u03c9\u03bd https:\/\/examenes.cervantes.es\/es\/dele\/preparar-prueba KPG \u03a0\u03bb\u03b7\u03c1\u03bf\u03c6\u03bf\u03c1\u03af\u03b5\u03c2 https:\/\/rcel2.enl.uoa.gr\/kpg\/ \u0391\u03bd\u03b1\u03ba\u03bf\u03b9\u03bd\u03ce\u03c3\u03b5\u03b9\u03c2 \u03c3\u03c4\u03b7\u03bd \u03b5\u03c0\u03af\u03c3\u03b7\u03bc\u03b7 \u03b9\u03c3\u03c4\u03bf\u03c3\u03b5\u03bb\u03af\u03b4\u03b1 \u03c4\u03bf\u03c5 \u039a\u03a0\u0393 \u03c4\u03bf\u03c5 \u03a5\u03c0\u03bf\u03c5\u03c1\u03b3\u03b5\u03af\u03bf\u03c5 \u03a0\u03b1\u03b9\u03b4\u03b5\u03af\u03b1\u03c2 https:\/\/www.minedu.gov.gr\/eggrafa-kpg \u038c\u03bb\u03b1 \u03c4\u03b1 \u03b8\u03ad\u03bc\u03b1\u03c4\u03b1 \u03c4\u03c9\u03bd \u03c0\u03b1\u03bb\u03b9\u03ce\u03bd \u03b5\u03be\u03b5\u03c4\u03ac\u03c3\u03b5\u03c9\u03bd \u039a\u03a0\u0393 \u03b2\u03c1\u03af\u03c3\u03ba\u03bf\u03bd\u03c4\u03b1\u03b9 \u03c0\u03b1\u03c1\u03b1\u03ba\u03ac\u03c4\u03c9: \u0392 \u03b5\u03c0\u03af\u03c0\u03b5\u03b4\u03bf (\u03921 \u03ba\u03b1\u03b9 \u03922 \u03b4\u03b9\u03b1\u03b2\u03b1\u03b8\u03bc\u03b9\u03c3\u03bc\u03ad\u03bd\u03bf) \u0393 \u03b5\u03c0\u03af\u03c0\u03b5\u03b4\u03bf (\u03931 \u03ba\u03b1\u03b9 \u03932 [&hellip;]<\/p>\n","protected":false},"author":1,"featured_media":0,"parent":0,"menu_order":0,"comment_status":"closed","ping_status":"closed","template":"","meta":{"_gspb_post_css":"","footnotes":""},"class_list":["post-2527","page","type-page","status-publish","hentry"],"blocksy_meta":[],"_links":{"self":[{"href":"https:\/\/castilla.gr\/de\/wp-json\/wp\/v2\/pages\/2527","targetHints":{"allow":["GET"]}}],"collection":[{"href":"https:\/\/castilla.gr\/de\/wp-json\/wp\/v2\/pages"}],"about":[{"href":"https:\/\/castilla.gr\/de\/wp-json\/wp\/v2\/types\/page"}],"author":[{"embeddable":true,"href":"https:\/\/castilla.gr\/de\/wp-json\/wp\/v2\/users\/1"}],"replies":[{"embeddable":true,"href":"https:\/\/castilla.gr\/de\/wp-json\/wp\/v2\/comments?post=2527"}],"version-history":[{"count":0,"href":"https:\/\/castilla.gr\/de\/wp-json\/wp\/v2\/pages\/2527\/revisions"}],"wp:attachment":[{"href":"https:\/\/castilla.gr\/de\/wp-json\/wp\/v2\/media?parent=2527"}],"curies":[{"name":"wp","href":"https:\/\/api.w.org\/{rel}","templated":true}]}}