{"id":2580,"date":"2024-06-28T15:32:12","date_gmt":"2024-06-28T12:32:12","guid":{"rendered":"https:\/\/castilla.gr\/?page_id=2580"},"modified":"2024-07-07T12:28:09","modified_gmt":"2024-07-07T09:28:09","slug":"gebrauchsanweisung","status":"publish","type":"page","link":"https:\/\/castilla.gr\/de\/%ce%bf%ce%b4%ce%b7%ce%b3%ce%af%ce%b5%cf%82-%cf%87%cf%81%ce%ae%cf%83%ce%b7%cf%82\/","title":{"rendered":"Anweisungen f\u00fcr den Gebrauch"},"content":{"rendered":"<div data-elementor-type=\"wp-page\" data-elementor-id=\"2580\" class=\"elementor elementor-2580\" data-elementor-post-type=\"page\">\n\t\t\t\t<div class=\"elementor-element elementor-element-8c23d9a e-flex e-con-boxed e-con e-parent\" data-id=\"8c23d9a\" data-element_type=\"container\" data-e-type=\"container\">\n\t\t\t\t\t<div class=\"e-con-inner\">\n\t\t\t\t<div class=\"elementor-element elementor-element-c4a378f elementor-widget elementor-widget-text-editor\" data-id=\"c4a378f\" data-element_type=\"widget\" data-e-type=\"widget\" data-widget_type=\"text-editor.default\">\n\t\t\t\t<div class=\"elementor-widget-container\">\n\t\t\t\t\t\t\t\t\t<h3>Benutzerhandbuch der Bildungsplattform<\/h3><p>Willkommen auf der Plattform des spanischen Sprachzentrums Castilla! Folgen Sie den nachstehenden Anweisungen, um ein Konto zu erstellen, sich f\u00fcr Kurse anzumelden und das Beste aus Ihrer Lernerfahrung zu machen.<\/p><h4>Ein Konto erstellen<\/h4><ol><li><p><strong>Besuch der Plattform:<\/strong><\/p><ul><li>\u00d6ffnen Sie Ihren Browser und geben Sie die Adresse unserer Plattform ein: <a href=\"https:\/\/castilla.gr\/de\/anmeldung\/\" target=\"_new\" rel=\"noreferrer\">www.castilla.gr\/\u03b5\u03b3\u03b3\u03c1\u03b1\u03c6\u03ae<\/a>.<\/li><\/ul><\/li><li><p><strong>Registrierung neuer Benutzer:<\/strong><\/p><ul><li>Klicken Sie auf die Schaltfl\u00e4che \"Registrieren\" auf der Startseite.<\/li><li>F\u00fcllen Sie das Anmeldeformular mit den erforderlichen Angaben aus:<ul><li>Name<\/li><li>Nachname<\/li><li>E-Mail<\/li><li>Passwort Passwort<\/li><\/ul><\/li><li>Klicken Sie auf die Schaltfl\u00e4che \"Registrieren\", um Ihre Registrierung abzuschlie\u00dfen.<\/li><\/ul><\/li><li><p><strong>E-Mail-Best\u00e4tigung:<\/strong><\/p><ul><li>Nach Ihrer Anmeldung erhalten Sie eine Best\u00e4tigungs-E-Mail. \u00d6ffnen Sie die E-Mail und klicken Sie auf den Best\u00e4tigungslink, um Ihr Konto zu aktivieren.<\/li><\/ul><\/li><\/ol><h4>Anmeldung zu Kursen<\/h4><ol><li><p><strong>Anmeldung:<\/strong><\/p><ul><li>Kehren Sie zur Startseite der Plattform zur\u00fcck und klicken Sie auf die Schaltfl\u00e4che mit dem Benutzersymbol.<\/li><li>Geben Sie die E-Mail-Adresse und das Passwort ein, die Sie bei der Registrierung verwendet haben.<\/li><\/ul><\/li><li><p><strong>Rundgang durch die Kurse:<\/strong><\/p><ul><li>W\u00e4hlen Sie im Hauptmen\u00fc die Kategorie \"Kurse\".<\/li><li>St\u00f6bern Sie in den verf\u00fcgbaren Kursen und w\u00e4hlen Sie einen aus, der Sie interessiert.<\/li><\/ul><\/li><li><p><strong>F\u00fcr einen Kurs anmelden:<\/strong><\/p><ul><li>Klicken Sie auf den Kurs Ihrer Wahl, um eine detaillierte Beschreibung des Kurses zu erhalten.<\/li><li>Klicken Sie auf die Schaltfl\u00e4che \"Am Kurs teilnehmen\", um sich anzumelden.<\/li><li>Wenn der Kurs bezahlt ist, folgen Sie den Schritten, um die Zahlung per Kreditkarte oder PayPal abzuschlie\u00dfen.<\/li><\/ul><\/li><\/ol><h4>Nutzung der Plattform<\/h4><ol><li><p><strong>Benutzerprofil:<\/strong><\/p><ul><li>W\u00e4hlen Sie im Benutzermen\u00fc \"Profil\", um Ihre pers\u00f6nlichen Daten anzuzeigen und zu bearbeiten.<\/li><li>Sie k\u00f6nnen ein Profilbild hochladen und Ihre Informationen aktualisieren.<\/li><\/ul><\/li><li><p><strong>Sch\u00fcler-Kontrollzentrum:<\/strong><\/p><ul><li>In der Systemsteuerung k\u00f6nnen Sie Ihre registrierten Kurse, Ihren Fortschritt und die Ank\u00fcndigungen der Lehrkr\u00e4fte einsehen.<\/li><li>Sie k\u00f6nnen auch auf Ihren Kurskalender und die geplanten Pr\u00fcfungen zugreifen.<\/li><\/ul><\/li><li><p><strong>Teilnahme am Kurs:<\/strong><\/p><ul><li>Klicken Sie auf den Kurs, den Sie besuchen m\u00f6chten.<\/li><li>Sie sehen dann den Abschnitt \"Kursplan\" mit den verf\u00fcgbaren Kursen und Aktivit\u00e4ten.<\/li><li>Klicken Sie auf die einzelnen Lektionen, um deren Inhalt zu sehen, einschlie\u00dflich Videos, Folien und Texte.<\/li><\/ul><\/li><li><p><strong>Einreichung von Aufgaben:<\/strong><\/p><ul><li>Um eine Aufgabe einzureichen, gehen Sie zum Abschnitt \"Aufgaben\" des Kurses.<\/li><li>Befolgen Sie die Anweisungen zur Einreichung Ihrer Datei oder zur Beantwortung von Fragen.<\/li><\/ul><\/li><li><p><strong>Teilnahme an Debatten:<\/strong><\/p><ul><li>Zu jeder Lektion gibt es ein Diskussionsforum, in dem Sie Fragen stellen und sich mit Ihren Lehrern und Mitsch\u00fclern austauschen k\u00f6nnen.<\/li><li>Klicken Sie auf die Registerkarte \"Frage &amp; Antwort\", um an aktiven Diskussionen teilzunehmen oder eine neue zu beginnen.<\/li><\/ul><\/li><li><p><strong>Fortschritte und Zertifizierungen:<\/strong><\/p><ul><li>Verfolgen Sie Ihren Fortschritt im Abschnitt \"Fortschritt\" des Dashboards.<\/li><li>Sobald Sie einen Kurs abgeschlossen haben, erhalten Sie eine Benachrichtigung \u00fcber die Ausstellung Ihres Zertifikats.<\/li><li>Sie k\u00f6nnen Ihr Zertifikat unter der Rubrik \"Zertifizierungen\" herunterladen.<\/li><\/ul><\/li><\/ol><h4>Zus\u00e4tzliche Unterst\u00fctzung<\/h4><ol><li><p><strong>H\u00e4ufig gestellte Fragen (FAQ):<\/strong><\/p><ul><li>Im Bereich FAQ finden Sie Antworten auf h\u00e4ufig gestellte Fragen zur Nutzung der Plattform.<\/li><\/ul><\/li><li><p><strong>Technische Unterst\u00fctzung:<\/strong><\/p><ul><li>Wenn Sie Probleme bei der Nutzung der Plattform haben, k\u00f6nnen Sie sich per E-Mail an das technische Support-Team wenden <a rel=\"noreferrer\">hello@twodots.gr<\/a>.<\/li><\/ul><\/li><li><p><strong>Kontakt mit Professoren:<\/strong><\/p><ul><li>Nutzen Sie die integrierte Nachrichtenfunktion der Plattform, um Ihre Lehrer bei Fragen oder zur Beratung direkt zu kontaktieren.<\/li><\/ul><\/li><\/ol>\t\t\t\t\t\t\t\t<\/div>\n\t\t\t\t<\/div>\n\t\t\t\t\t<\/div>\n\t\t\t\t<\/div>\n\t\t\t\t<\/div>","protected":false},"excerpt":{"rendered":"<p>\u039f\u03b4\u03b7\u03b3\u03cc\u03c2 \u03a7\u03c1\u03ae\u03c3\u03b7\u03c2 \u03c4\u03b7\u03c2 \u03a0\u03bb\u03b1\u03c4\u03c6\u03cc\u03c1\u03bc\u03b1\u03c2 \u0395\u03ba\u03c0\u03b1\u03af\u03b4\u03b5\u03c5\u03c3\u03b7\u03c2 \u039a\u03b1\u03bb\u03c9\u03c3\u03bf\u03c1\u03af\u03c3\u03b1\u03c4\u03b5 \u03c3\u03c4\u03b7\u03bd \u03c0\u03bb\u03b1\u03c4\u03c6\u03cc\u03c1\u03bc\u03b1 \u03ba\u03ad\u03bd\u03c4\u03c1\u03bf\u03c5 \u0399\u03c3\u03c0\u03b1\u03bd\u03b9\u03ba\u03ce\u03bd \u03c3\u03c0\u03bf\u03c5\u03b4\u03ce\u03bd Castilla! \u0391\u03ba\u03bf\u03bb\u03bf\u03c5\u03b8\u03ae\u03c3\u03c4\u03b5 \u03c4\u03b9\u03c2 \u03c0\u03b1\u03c1\u03b1\u03ba\u03ac\u03c4\u03c9 \u03bf\u03b4\u03b7\u03b3\u03af\u03b5\u03c2 \u03b3\u03b9\u03b1 \u03bd\u03b1 \u03b4\u03b7\u03bc\u03b9\u03bf\u03c5\u03c1\u03b3\u03ae\u03c3\u03b5\u03c4\u03b5 \u03bb\u03bf\u03b3\u03b1\u03c1\u03b9\u03b1\u03c3\u03bc\u03cc, \u03bd\u03b1 \u03b5\u03b3\u03b3\u03c1\u03b1\u03c6\u03b5\u03af\u03c4\u03b5 \u03c3\u03b5 \u03bc\u03b1\u03b8\u03ae\u03bc\u03b1\u03c4\u03b1 \u03ba\u03b1\u03b9 \u03bd\u03b1 \u03b1\u03be\u03b9\u03bf\u03c0\u03bf\u03b9\u03ae\u03c3\u03b5\u03c4\u03b5 \u03c3\u03c4\u03bf \u03ad\u03c0\u03b1\u03ba\u03c1\u03bf \u03c4\u03b7\u03bd \u03b5\u03ba\u03c0\u03b1\u03b9\u03b4\u03b5\u03c5\u03c4\u03b9\u03ba\u03ae \u03c3\u03b1\u03c2 \u03b5\u03bc\u03c0\u03b5\u03b9\u03c1\u03af\u03b1. \u0394\u03b7\u03bc\u03b9\u03bf\u03c5\u03c1\u03b3\u03af\u03b1 \u039b\u03bf\u03b3\u03b1\u03c1\u03b9\u03b1\u03c3\u03bc\u03bf\u03cd \u0395\u03c0\u03af\u03c3\u03ba\u03b5\u03c8\u03b7 \u03c3\u03c4\u03b7\u03bd \u03a0\u03bb\u03b1\u03c4\u03c6\u03cc\u03c1\u03bc\u03b1: \u0391\u03bd\u03bf\u03af\u03be\u03c4\u03b5 \u03c4\u03bf\u03bd \u03c0\u03b5\u03c1\u03b9\u03b7\u03b3\u03b7\u03c4\u03ae \u03c3\u03b1\u03c2 \u03ba\u03b1\u03b9 \u03c0\u03bb\u03b7\u03ba\u03c4\u03c1\u03bf\u03bb\u03bf\u03b3\u03ae\u03c3\u03c4\u03b5 \u03c4\u03b7 \u03b4\u03b9\u03b5\u03cd\u03b8\u03c5\u03bd\u03c3\u03b7 \u03c4\u03b7\u03c2 \u03c0\u03bb\u03b1\u03c4\u03c6\u03cc\u03c1\u03bc\u03b1\u03c2 \u03bc\u03b1\u03c2: www.castilla.gr\/\u03b5\u03b3\u03b3\u03c1\u03b1\u03c6\u03ae. \u0395\u03b3\u03b3\u03c1\u03b1\u03c6\u03ae \u039d\u03ad\u03bf\u03c5 \u03a7\u03c1\u03ae\u03c3\u03c4\u03b7: \u039a\u03ac\u03bd\u03c4\u03b5 \u03ba\u03bb\u03b9\u03ba [&hellip;]<\/p>\n","protected":false},"author":1,"featured_media":0,"parent":0,"menu_order":0,"comment_status":"closed","ping_status":"closed","template":"","meta":{"_gspb_post_css":"","footnotes":""},"class_list":["post-2580","page","type-page","status-publish","hentry"],"blocksy_meta":[],"_links":{"self":[{"href":"https:\/\/castilla.gr\/de\/wp-json\/wp\/v2\/pages\/2580","targetHints":{"allow":["GET"]}}],"collection":[{"href":"https:\/\/castilla.gr\/de\/wp-json\/wp\/v2\/pages"}],"about":[{"href":"https:\/\/castilla.gr\/de\/wp-json\/wp\/v2\/types\/page"}],"author":[{"embeddable":true,"href":"https:\/\/castilla.gr\/de\/wp-json\/wp\/v2\/users\/1"}],"replies":[{"embeddable":true,"href":"https:\/\/castilla.gr\/de\/wp-json\/wp\/v2\/comments?post=2580"}],"version-history":[{"count":0,"href":"https:\/\/castilla.gr\/de\/wp-json\/wp\/v2\/pages\/2580\/revisions"}],"wp:attachment":[{"href":"https:\/\/castilla.gr\/de\/wp-json\/wp\/v2\/media?parent=2580"}],"curies":[{"name":"wp","href":"https:\/\/api.w.org\/{rel}","templated":true}]}}