{"id":2748,"date":"2024-07-06T16:31:00","date_gmt":"2024-07-06T13:31:00","guid":{"rendered":"https:\/\/castilla.gr\/?page_id=2748"},"modified":"2024-07-07T12:29:15","modified_gmt":"2024-07-07T09:29:15","slug":"ebenen","status":"publish","type":"page","link":"https:\/\/castilla.gr\/de\/%ce%b5%cf%80%ce%af%cf%80%ce%b5%ce%b4%ce%b1\/","title":{"rendered":"Ebenen"},"content":{"rendered":"<div data-elementor-type=\"wp-page\" data-elementor-id=\"2748\" class=\"elementor elementor-2748\" data-elementor-post-type=\"page\">\n\t\t\t\t<div class=\"elementor-element elementor-element-2e4b1b8 e-flex e-con-boxed e-con e-parent\" data-id=\"2e4b1b8\" data-element_type=\"container\" data-e-type=\"container\">\n\t\t\t\t\t<div class=\"e-con-inner\">\n\t\t\t\t<div class=\"elementor-element elementor-element-874762b elementor-widget elementor-widget-text-editor\" data-id=\"874762b\" data-element_type=\"widget\" data-e-type=\"widget\" data-widget_type=\"text-editor.default\">\n\t\t\t\t<div class=\"elementor-widget-container\">\n\t\t\t\t\t\t\t\t\t<p>Nach dem Gemeinsamen Europ\u00e4ischen Referenzrahmen f\u00fcr Sprachen werden alle europ\u00e4ischen Sprachen in die folgenden sechs Stufen eingeteilt: <strong>A1, A2, B1, B2, C1, C2<\/strong><\/p>\t\t\t\t\t\t\t\t<\/div>\n\t\t\t\t<\/div>\n\t\t\t\t<div class=\"elementor-element elementor-element-74529df elementor-widget elementor-widget-heading\" data-id=\"74529df\" data-element_type=\"widget\" data-e-type=\"widget\" data-widget_type=\"heading.default\">\n\t\t\t\t<div class=\"elementor-widget-container\">\n\t\t\t\t\t<h2 class=\"elementor-heading-title elementor-size-default\">Was ist der Gemeinsame Europ\u00e4ische Referenzrahmen f\u00fcr Sprachen? <\/h2>\t\t\t\t<\/div>\n\t\t\t\t<\/div>\n\t\t\t\t<div class=\"elementor-element elementor-element-37adf25 elementor-widget elementor-widget-text-editor\" data-id=\"37adf25\" data-element_type=\"widget\" data-e-type=\"widget\" data-widget_type=\"text-editor.default\">\n\t\t\t\t<div class=\"elementor-widget-container\">\n\t\t\t\t\t\t\t\t\t<p>Er bietet eine gemeinsame Grundlage f\u00fcr den Unterricht und die Organisation des Materials in Lehrb\u00fcchern oder Pr\u00fcfungen in ganz Europa. Der Gemeinsame Europ\u00e4ische Referenzrahmen ist die Grundlage f\u00fcr die Gestaltung von Sprachkenntnisstufen, die Organisation von Lehrmaterialien f\u00fcr jede Stufe und allgemein f\u00fcr den Zweck und die Ziele des Unterrichts jeder als Fremdsprache unterrichteten europ\u00e4ischen Sprache. <br \/><br \/>Es beschreibt auf verst\u00e4ndliche Weise, was der Lernende lernen muss, um sich in einer Fremdsprache zu verst\u00e4ndigen, und welche F\u00e4higkeiten ihm helfen, jede Situation zu meistern, sei es m\u00fcndlich oder schriftlich. Er beschreibt auch das kulturelle Umfeld, in das die Sprache eingebettet ist. <br \/><br \/>Mit dem CommonEuropeanFramework lassen sich die Kenntnisse jedes einzelnen Sch\u00fclers leicht beurteilen und seine Fortschritte beim Erlernen einer beliebigen Fremdsprache au\u00dferhalb des Bildungssystems des Landes, in dem sie als Muttersprache gesprochen wird, feststellen. <\/p>\t\t\t\t\t\t\t\t<\/div>\n\t\t\t\t<\/div>\n\t\t\t\t<div class=\"elementor-element elementor-element-f4b5fbe elementor-widget elementor-widget-heading\" data-id=\"f4b5fbe\" data-element_type=\"widget\" data-e-type=\"widget\" data-widget_type=\"heading.default\">\n\t\t\t\t<div class=\"elementor-widget-container\">\n\t\t\t\t\t<h2 class=\"elementor-heading-title elementor-size-default\">Was wird f\u00fcr jede Stufe des Spanischunterrichts ben\u00f6tigt? \n\n<\/h2>\t\t\t\t<\/div>\n\t\t\t\t<\/div>\n\t\t\t\t<div class=\"elementor-element elementor-element-7894d97 elementor-widget elementor-widget-text-editor\" data-id=\"7894d97\" data-element_type=\"widget\" data-e-type=\"widget\" data-widget_type=\"text-editor.default\">\n\t\t\t\t<div class=\"elementor-widget-container\">\n\t\t\t\t\t\t\t\t\t<h3>Stufe A - BASIC USER<\/h3><h4>Stufe A1<\/h4><p>Kann allt\u00e4gliche Ausdr\u00fccke, die ihm\/ihr vertraut sind, und ganz einfache S\u00e4tze zur Befriedigung bestimmter Bed\u00fcrfnisse verstehen und verwenden. Kann sich und andere vorstellen und Fragen zu seiner Person stellen und beantworten, z. B. wo er\/sie wohnt, wen er\/sie kennt und was ihm\/ihr geh\u00f6rt. Kann sich auf einfache Art verst\u00e4ndigen, wenn die Person, mit der er\/sie spricht, langsam und deutlich spricht und bereit ist zu helfen.<\/p><p><strong>M\u00fcndlicher Diskurs<\/strong>:<\/p><p>Der Sch\u00fcler versteht einfache Anweisungen oder beteiligt sich an einfachen Gespr\u00e4chen \u00fcber allt\u00e4gliche Themen.<\/p><p><strong>Schriftliche Verst\u00e4ndigung<\/strong>:<\/p><p>Der Sch\u00fcler versteht einfache Nachrichten, Anweisungen oder notwendige Informationen.<\/p><p><strong>Produktion der Schriftsprache<\/strong>:<\/p><p>Der Sch\u00fcler ist in der Lage, einfache Formulare auszuf\u00fcllen und sich Notizen zu Fahrpl\u00e4nen, Daten und Orten zu machen.<\/p><h4>Niveau A2<\/h4><p>Kann h\u00e4ufig gebrauchte S\u00e4tze und Ausdr\u00fccke verstehen, die sich auf Bereiche beziehen, mit denen er\/sie unmittelbar zu tun hat (z. B. sehr einfache pers\u00f6nliche und famili\u00e4re Informationen, Einkaufen, lokale Geografie, Arbeit). Kann sich in einfachen und routinem\u00e4\u00dfigen Situationen verst\u00e4ndigen, in denen es um einen direkten und unmittelbaren Austausch von Informationen \u00fcber vertraute und allt\u00e4gliche Dinge geht. Kann mit einfachen Worten Aspekte seines\/ihres Hintergrunds, seines\/ihres unmittelbaren Umfelds und Fragen von unmittelbarem Interesse beschreiben.<\/p><p><strong>M\u00fcndlicher Diskurs<\/strong>:<\/p><p>Der Lernende ist in der Lage, in einem freundlichen Kommunikationskontext auf einfache Weise Meinungen oder W\u00fcnsche zu \u00e4u\u00dfern.<\/p><p><strong>Schriftliche Verst\u00e4ndigung<\/strong>:<\/p><p>Der Lernende versteht einfache Informationen, die sich auf vertraute Bereiche beziehen: z. B. Konsumg\u00fcter, Schilder, B\u00fccher oder Kurzgeschichten zu vertrauten Themen.<\/p><p><strong>Produktion der Schriftsprache<\/strong>:<\/p><p>Der Sch\u00fcler ist in der Lage, Formulare auszuf\u00fcllen und einfache Briefe oder Karten mit pers\u00f6nlichen Angaben zu schreiben.<\/p><h3>Stufe B - UNABH\u00c4NGIGER BENUTZER<\/h3><h4>Niveau B1<\/h4><p>Kann die wichtigsten Punkte, die ihm\/ihr pr\u00e4sentiert werden, klar und deutlich verstehen, ohne von der \u00fcblichen Sprachform abzuweichen, und die<br \/>sich auf Probleme beziehen, die bei der Arbeit, in der Schule, in der Freizeit usw. regelm\u00e4\u00dfig auftreten. Sie kann Situationen bew\u00e4ltigen, die<br \/>die w\u00e4hrend einer Reise in ein Gebiet, in dem die Sprache gesprochen wird, auftreten k\u00f6nnen. Es kann einfachen Text produzieren, der relevant ist f\u00fcr<br \/>mit Angelegenheiten, die er kennt oder die ihn pers\u00f6nlich betreffen. Er kann Erfahrungen und Ereignisse, Tr\u00e4ume, Hoffnungen und Ambitionen beschreiben und seine Meinungen und Pl\u00e4ne kurz und b\u00fcndig begr\u00fcnden.<\/p><p><strong>M\u00fcndlicher Diskurs<\/strong>:<\/p><p>Der Sch\u00fcler kann auf sehr einfache Weise seine Meinung zu kulturellen oder abstrakten Themen \u00e4u\u00dfern oder Ratschl\u00e4ge zu pers\u00f6nlichen Angelegenheiten geben. Versteht Anweisungen oder Werbung.<\/p><p><strong>Schriftliche Verst\u00e4ndigung<\/strong>:<\/p><p>Der Sch\u00fcler versteht Artikel \u00fcber das Alltagsleben sowie die allgemeine Bedeutung von Informationen \u00fcber das Alltagsleben und das pers\u00f6nliche und famili\u00e4re Leben.<\/p><p><strong>Produktion der Schriftsprache<\/strong>:<\/p><p>Der Sch\u00fcler kann Briefe schreiben oder Notizen zu bekannten oder vorhersehbaren Themen machen.<\/p><h4>Stufe B2<\/h4><p>Kann die Hauptinhalte eines komplexen Textes, sowohl konkret als auch abstrakt, verstehen, einschlie\u00dflich der Er\u00f6rterung technischer Fragen aus seinem Fachgebiet. Er\/sie kann sich mit einer Leichtigkeit und Spontaneit\u00e4t unterhalten, die es erm\u00f6glicht, sich mit Muttersprachlern normal zu verst\u00e4ndigen, ohne dass dies f\u00fcr beide Seiten eine Belastung darstellt. Kann sich zu einem breiten Themenspektrum klar und detailliert ausdr\u00fccken und einen Standpunkt zu einer zentralen Frage erl\u00e4utern und dabei die Vor- und Nachteile verschiedener M\u00f6glichkeiten angeben.<\/p><p><strong>M\u00fcndlicher Diskurs<\/strong>:<\/p><p>Die Sch\u00fcler k\u00f6nnen eine Diskussion \u00fcber ein bekanntes Thema beginnen oder sich daran beteiligen oder eine Diskussion \u00fcber eine Vielzahl von Themen unterst\u00fctzen.<\/p><p><strong>Schriftliche Verst\u00e4ndigung<\/strong>:<\/p><p>Der Lernende ist in der Lage, einen Text schnell zu lesen, um nach Informationen zu suchen und Anweisungen oder Ratschl\u00e4ge zu verstehen.<\/p><p><strong>Produktion der Schriftsprache<\/strong>:<\/p><p>Der Sch\u00fcler kann sich Notizen machen, w\u00e4hrend jemand spricht, oder einen Brief schreiben, der anspruchsvolle Informationen enth\u00e4lt.<\/p><h3>Ebene C - UNMITTELBARER NUTZER<\/h3><h4>Stufe C1<\/h4><p>Kann ein breites Spektrum anspruchsvoller, langer Texte verstehen und implizite Bedeutungen erkennen. Kann sich spontan und flie\u00dfend ausdr\u00fccken, ohne oft den Eindruck zu erwecken, nach Ausdr\u00fccken zu suchen. Kann die Sprache f\u00fcr soziale, akademische und berufliche Zwecke flexibel und wirksam einsetzen. Kann klare, gut strukturierte, detaillierte Texte zu komplexen Themen verfassen und dabei Organisationsschemata, Konnektoren und Hilfsmittel kontrolliert einsetzen.<br \/>Zusammenhalt.<\/p><p><strong>M\u00fcndlicher Diskurs<\/strong>:<\/p><p>Der Lernende kann aktiv an Besprechungen und Seminaren teilnehmen, die mit seiner Arbeit zu tun haben, oder sich flie\u00dfend in ein freundliches Gespr\u00e4ch einschalten, auch wenn er unbekannte Themen besprechen muss.<\/p><p><strong>Schriftliche Verst\u00e4ndigung<\/strong>:<\/p><p>Der Sch\u00fcler liest schnell genug, um einem Universit\u00e4tskurs zu folgen. Er kann Zeitungs- und Zeitschriftenartikel lesen oder ein wenig mehr spezialisierte Korrespondenz verstehen.<\/p><p><strong>Produktion der Schriftsprache<\/strong>:<\/p><p>Der Sch\u00fcler ist in der Lage, ein professionelles Portfolio zu erstellen, sich bei Besprechungen genaue Notizen zu machen oder einen kurzen Aufsatz zu schreiben, der seine Kommunikationsf\u00e4higkeiten zeigt.<\/p><h4>Stufe C2<\/h4><p>Er kann fast alles, was er h\u00f6rt oder liest, leicht verstehen. Er kann Informationen aus verschiedenen m\u00fcndlichen oder schriftlichen Quellen zusammenfassen und Argumente und Beschreibungen in einer koh\u00e4renten Darstellung zusammenfassen. Kann sich spontan, sehr leicht und genau ausdr\u00fccken und selbst in besonders komplexen Situationen feine semantische Nuancen erkennen.<\/p><p><strong>M\u00fcndlicher Diskurs<\/strong>:<\/p><p>Der Lernende ist in der Lage, Ratschl\u00e4ge zu erteilen oder \u00fcber komplexe und spezielle Themen zu sprechen, jedes Gespr\u00e4ch zu verstehen und selbstbewusst mit problematischen Fragen umzugehen.<\/p><p><strong>Schriftliche Verst\u00e4ndigung<\/strong>:<\/p><p>Der Sch\u00fcler versteht Dokumente aller Art, Korrespondenz, jeden Text im Allgemeinen, auch wenn der Sinn sehr kompliziert ist.<\/p><p><strong>Produktion der Schriftsprache<\/strong>:<\/p><p>Der Sch\u00fcler kann Briefe zu jedem Thema verfassen und sich bei Besprechungen oder Reden detaillierte Notizen machen, die genau und deutlich sind.<\/p>\t\t\t\t\t\t\t\t<\/div>\n\t\t\t\t<\/div>\n\t\t\t\t\t<\/div>\n\t\t\t\t<\/div>\n\t\t\t\t<\/div>","protected":false},"excerpt":{"rendered":"<p>\u03a3\u03cd\u03bc\u03c6\u03c9\u03bd\u03b1 \u03bc\u03b5 \u03c4\u03bf \u039a\u03bf\u03b9\u03bd\u03cc \u0395\u03c5\u03c1\u03c9\u03c0\u03b1\u03ca\u03ba\u03cc \u03a0\u03bb\u03b1\u03af\u03c3\u03b9\u03bf \u0391\u03bd\u03b1\u03c6\u03bf\u03c1\u03ac\u03c2 \u03c4\u03c9\u03bd \u0393\u03bb\u03c9\u03c3\u03c3\u03ce\u03bd, \u03cc\u03bb\u03b5\u03c2 \u03bf\u03b9 \u03b5\u03c5\u03c1\u03c9\u03c0\u03b1\u03ca\u03ba\u03ad\u03c2 \u03b3\u03bb\u03ce\u03c3\u03c3\u03b5\u03c2 \u03c7\u03c9\u03c1\u03af\u03b6\u03bf\u03bd\u03c4\u03b1\u03b9 \u03c3\u03c4\u03b1 \u03ad\u03be\u03b9 \u03b5\u03be\u03ae\u03c2 \u03b5\u03c0\u03af\u03c0\u03b5\u03b4\u03b1: A1, A2, B1, B2, C1, C2 \u03a4\u03b9 \u03b5\u03af\u03bd\u03b1\u03b9 \u03c4\u03bf \u039a\u03bf\u03b9\u03bd\u03cc \u0395\u03c5\u03c1\u03c9\u03c0\u03b1\u03ca\u03ba\u03cc \u03a0\u03bb\u03b1\u03af\u03c3\u03b9\u03bf \u0391\u03bd\u03b1\u03c6\u03bf\u03c1\u03ac\u03c2 \u03c4\u03c9\u03bd \u0393\u03bb\u03c9\u03c3\u03c3\u03ce\u03bd; \u03a0\u03c1\u03bf\u03c3\u03c6\u03ad\u03c1\u03b5\u03b9 \u03bc\u03b9\u03b1 \u03ba\u03bf\u03b9\u03bd\u03ae \u03b2\u03ac\u03c3\u03b7 \u03b3\u03b9\u03b1 \u03c4\u03b7 \u03b4\u03b9\u03b4\u03b1\u03c3\u03ba\u03b1\u03bb\u03af\u03b1 \u03ba\u03b1\u03b9 \u03bf\u03c1\u03b3\u03ac\u03bd\u03c9\u03c3\u03b7 \u03c5\u03bb\u03b9\u03ba\u03bf\u03cd \u03c3\u03b5 \u03b5\u03ba\u03c0\u03b1\u03b9\u03b4\u03b5\u03c5\u03c4\u03b9\u03ba\u03ac \u03b5\u03b3\u03c7\u03b5\u03b9\u03c1\u03af\u03b4\u03b9\u03b1 \u03ae \u03b5\u03be\u03b5\u03c4\u03ac\u03c3\u03b5\u03b9\u03c2 \u03c3\u03b5 \u03cc\u03bb\u03b7 \u03c4\u03b7\u03bd \u0395\u03c5\u03c1\u03ce\u03c0\u03b7. \u0392\u03ac\u03c3\u03b5\u03b9 \u03c4\u03bf\u03c5 CommonEuropeanFramework [&hellip;]<\/p>\n","protected":false},"author":1,"featured_media":0,"parent":0,"menu_order":0,"comment_status":"closed","ping_status":"closed","template":"","meta":{"_gspb_post_css":"","footnotes":""},"class_list":["post-2748","page","type-page","status-publish","hentry"],"blocksy_meta":[],"_links":{"self":[{"href":"https:\/\/castilla.gr\/de\/wp-json\/wp\/v2\/pages\/2748","targetHints":{"allow":["GET"]}}],"collection":[{"href":"https:\/\/castilla.gr\/de\/wp-json\/wp\/v2\/pages"}],"about":[{"href":"https:\/\/castilla.gr\/de\/wp-json\/wp\/v2\/types\/page"}],"author":[{"embeddable":true,"href":"https:\/\/castilla.gr\/de\/wp-json\/wp\/v2\/users\/1"}],"replies":[{"embeddable":true,"href":"https:\/\/castilla.gr\/de\/wp-json\/wp\/v2\/comments?post=2748"}],"version-history":[{"count":0,"href":"https:\/\/castilla.gr\/de\/wp-json\/wp\/v2\/pages\/2748\/revisions"}],"wp:attachment":[{"href":"https:\/\/castilla.gr\/de\/wp-json\/wp\/v2\/media?parent=2748"}],"curies":[{"name":"wp","href":"https:\/\/api.w.org\/{rel}","templated":true}]}}