{"id":2757,"date":"2024-07-06T16:41:01","date_gmt":"2024-07-06T13:41:01","guid":{"rendered":"https:\/\/castilla.gr\/?page_id=2757"},"modified":"2024-07-07T12:26:04","modified_gmt":"2024-07-07T09:26:04","slug":"grad","status":"publish","type":"page","link":"https:\/\/castilla.gr\/de\/%cf%80%cf%84%cf%85%cf%87%ce%af%ce%b1\/","title":{"rendered":"Abschl\u00fcsse"},"content":{"rendered":"<div data-elementor-type=\"wp-page\" data-elementor-id=\"2757\" class=\"elementor elementor-2757\" data-elementor-post-type=\"page\">\n\t\t\t\t<div class=\"elementor-element elementor-element-2961cf8 e-flex e-con-boxed e-con e-parent\" data-id=\"2961cf8\" data-element_type=\"container\" data-e-type=\"container\">\n\t\t\t\t\t<div class=\"e-con-inner\">\n\t\t\t\t<div class=\"elementor-element elementor-element-49c7526 elementor-widget elementor-widget-text-editor\" data-id=\"49c7526\" data-element_type=\"widget\" data-e-type=\"widget\" data-widget_type=\"text-editor.default\">\n\t\t\t\t<div class=\"elementor-widget-container\">\n\t\t\t\t\t\t\t\t\t<p>Unsere Tutorien bereiten die Sch\u00fcler auf alle Stufen des DELE (Diploma de Espa\u00f1ol como Lengua Extranjera - Diplom f\u00fcr Spanisch als Fremdsprache) und des Nationalen Leistungszertifikats (KPC) des Ministeriums f\u00fcr nationale Bildung und religi\u00f6se Angelegenheiten vor.<\/p><p><strong>Die DELE-Diplome f\u00fcr Spanisch als Fremdsprache sind international anerkannte offizielle Abschl\u00fcsse, die vom Instituto Cervantes im Namen des spanischen Ministeriums f\u00fcr Bildung, Kultur und Sport verliehen werden.<\/strong><\/p><p>Der Besitz des international anerkannten und unbefristeten DELE-Diploms verschafft Ihnen einen n\u00fctzlichen Vorteil auf akademischer, beruflicher und pers\u00f6nlicher Ebene. Diese Diplome werden von offiziellen spanischen und internationalen Stellen anerkannt. Viele Universit\u00e4ten verlangen das B2-Diplom f\u00fcr postgraduale Studien.<\/p><p><strong>Weitere Informationen und eine Brosch\u00fcre \u00fcber die D.E.L.E.-Pr\u00fcfungen:<\/strong><\/p><p><a href=\"https:\/\/atenas.cervantes.es\/gr\/spanish_exams\/spanish_exams_info.htm\" target=\"_blank\" rel=\"noopener\">https:\/\/atenas.cervantes.es\/gr\/spanish_exams\/spanish_exams_info.htm<\/a><\/p><p><strong>Die 6 Abschl\u00fcsse k\u00f6nnen auf der offiziellen Cervantes-Website eingesehen werden<\/strong><\/p><p><a href=\"https:\/\/atenas.cervantes.es\/gr\/spanish_exams\/diplomas_spanish\/information.htm\" target=\"_blank\" rel=\"noopener\">https:\/\/atenas.cervantes.es\/gr\/spanish_exams\/diplomas_spanish\/information.htm<\/a><\/p><p><strong>Modelle f\u00fcr die Pr\u00fcfung<\/strong><\/p><p><a href=\"https:\/\/atenas.cervantes.es\/gr\/spanish_exams\/diplomas_spanish\/montela.htm\" target=\"_blank\" rel=\"noopener\">https:\/\/atenas.cervantes.es\/gr\/spanish_exams\/diplomas_spanish\/montela.htm<\/a><\/p><p><strong>KP\u0393-GRAD (STAATLICHES ZERTIFIKAT DER SPRACHKENNTNISSE)<\/strong><\/p><p><strong>Ank\u00fcndigungen<\/strong><\/p><p><a href=\"https:\/\/www.minedu.gov.gr\/eggrafa-kpg\" target=\"_blank\" rel=\"noopener\">https:\/\/www.minedu.gov.gr\/eggrafa-kpg<\/a><\/p><p><strong>Informationen<\/strong><\/p><p><a href=\"https:\/\/rcel2.enl.uoa.gr\/kpg\/\" target=\"_blank\" rel=\"noopener\">https:\/\/rcel2.enl.uoa.gr\/kpg\/<\/a><\/p><p><strong>Einrichtung der GAP<\/strong><\/p><p>Das staatliche Sprachenzertifikat (CSL) wurde durch das Gesetz 2740\/99 (Amtsblatt der Regierung 186-A) eingef\u00fchrt, und im Jahr 2002 beauftragte das Bildungsministerium einen siebenk\u00f6pfigen Zentralen Pr\u00fcfungsausschuss (CEC), der sich aus Akademikern zusammensetzt, die auf die Wissenschaft des Fremdsprachenunterrichts spezialisiert sind, mit der Ausarbeitung des gesamten Systems der Pr\u00fcfungen und der Zertifizierung von Sprachkenntnissen.<br \/>Die einschl\u00e4gigen Rechtsvorschriften sehen vor, dass griechische Staatsb\u00fcrger oder im Ausland lebende Personen, B\u00fcrger der Europ\u00e4ischen Union oder Ausl\u00e4nder, die in Griechenland oder au\u00dferhalb Griechenlands leben, studieren und arbeiten, berechtigt sind, die Pr\u00fcfungen abzulegen. Voraussetzung f\u00fcr die Teilnahme sind Grundkenntnisse der griechischen Sprache.<\/p><p><strong>Das Bewertungssystem f\u00fcr das GFK und die Entwicklung von \"Themen\"<\/strong><\/p><p>Mit der Entwicklung des Bewertungssystems und der Entwicklung der Sprachbewertungsinstrumente wurden von Anfang an die beiden gr\u00f6\u00dften Universit\u00e4ten Griechenlands, die Nationale und Kapodistrianische Universit\u00e4t Athen (EKPA) und die Aristoteles-Universit\u00e4t Thessaloniki (AUTH), betraut, die \u00fcber Fachbereiche f\u00fcr Fremdsprachen und Literaturen verf\u00fcgen und sich mit den Wissenschaften befassen, die den Unterricht in den sechs Sprachen unterst\u00fctzen, die f\u00fcr die Verleihung des KPG, das das Siegel des Bildungsministeriums tr\u00e4gt, gepr\u00fcft werden.<br \/>Das Pr\u00fcfungssystem orientierte sich an den Grunds\u00e4tzen des Gemeinsamen Europ\u00e4ischen Referenzrahmens f\u00fcr Sprachen (GER) des Europarats, und die Sprachprojektteams in den Fachbereichen f\u00fcr Fremdsprachen und Literaturen der beiden Universit\u00e4ten erarbeiteten nach Forschungsarbeiten detaillierte Deskriptoren f\u00fcr das Verstehen und die Produktion der geschriebenen und gesprochenen Sprache sowie f\u00fcr die schriftlichen und m\u00fcndlichen Vermittlungsf\u00e4higkeiten auf der Grundlage der sechsstufigen Skala des Europarats f\u00fcr Sprachkenntnisse. Die Deskriptoren, die schrittweise entwickelt wurden, wurden von der GFS genehmigt, ebenso wie die gemeinsamen Spezifikationen f\u00fcr die sechs von den Hochschulteams erstellten Sprachpr\u00fcfungen.<br \/>Das Bewertungssystem f\u00fcr den CQR pr\u00fcft oder besser gesagt \"misst\" den Grad oder das Niveau der Sprachkenntnisse der Pr\u00fcflinge und insbesondere die F\u00e4higkeit der Kandidaten, die geschriebene und gesprochene Sprache zu verstehen, zu sprechen und zu schreiben, aber auch als Vermittler zu fungieren und Informationen aus dem Griechischen in die Fremdsprache zu \u00fcbertragen. Sie misst auch den Grad des Bewusstseins der Kandidaten daf\u00fcr, wie (auf welche Weise und mit welchen Mitteln) die Sprache, in der sie gepr\u00fcft werden, in einer Vielzahl von sozialen und diskursiven Kontexten verwendet wird.<\/p><p><strong>Die Pr\u00fcfung zur Erlangung eines Zertifikats f\u00fcr jedes der sechs Sprachniveaus in jeder der Sprachen der CCG besteht aus 4 Modulen:<\/strong><\/p><ul><li>Modul 1: Schriftliches Verstehen und Sprachbewusstsein<\/li><li>Einheit 2: Schriftliche Produktion (ab Niveau B1) und schriftliche Vermittlung<\/li><li>Einheit 3: H\u00f6ren von gesprochener Sprache<\/li><li>Einheit 4: M\u00fcndliche Produktion (ab Niveau B1) und m\u00fcndliche Vermittlung<\/li><\/ul><p><strong>Alle alten CPG-Pr\u00fcfungsthemen finden Sie unten:<\/strong><\/p><p><a href=\"https:\/\/www.dropbox.com\/sh\/qhc949w33ssyexs\/AACwF9CLo9BgwTU0qc7Vp_XOa?dl=0\" target=\"_blank\" rel=\"noopener\">B-Niveau (B1 und B2 eingestuft)<\/a><\/p><p><a href=\"https:\/\/www.dropbox.com\/sh\/cc41tx90etydmtf\/AAAdSenbcRT9eVpYTYqE2JPaa?dl=0\" target=\"_blank\" rel=\"noopener\">C-Niveau (C1 und C2 eingestuft)<\/a><\/p>\t\t\t\t\t\t\t\t<\/div>\n\t\t\t\t<\/div>\n\t\t\t\t\t<\/div>\n\t\t\t\t<\/div>\n\t\t\t\t<\/div>","protected":false},"excerpt":{"rendered":"<p>\u03a3\u03c4\u03b1 \u03c6\u03c1\u03bf\u03bd\u03c4\u03b9\u03c3\u03c4\u03ae\u03c1\u03b9\u03ac \u03bc\u03b1\u03c2 \u03b3\u03af\u03bd\u03b5\u03c4\u03b1\u03b9 \u03c0\u03c1\u03bf\u03b5\u03c4\u03bf\u03b9\u03bc\u03b1\u03c3\u03af\u03b1 \u03b3\u03b9\u03b1 \u03cc\u03bb\u03b1 \u03c4\u03b1 \u03b5\u03c0\u03af\u03c0\u03b5\u03b4\u03b1 \u03c4\u03cc\u03c3\u03bf \u03c4\u03bf\u03c5 DELE (Diploma de Espa\u00f1ol como Lengua Extranjera &#8211; \u0394\u03af\u03c0\u03bb\u03c9\u03bc\u03b1 \u0399\u03c3\u03c0\u03b1\u03bd\u03b9\u03ba\u03ae\u03c2 \u03c9\u03c2 \u039e\u03ad\u03bd\u03b7 \u0393\u03bb\u03ce\u03c3\u03c3\u03b1) \u03cc\u03c3\u03bf \u03ba\u03b1\u03b9 \u03c4\u03bf\u03c5 \u039a\u03c1\u03b1\u03c4\u03b9\u03ba\u03bf\u03cd \u03a0\u03b9\u03c3\u03c4\u03bf\u03c0\u03bf\u03b9\u03b7\u03c4\u03b9\u03ba\u03bf\u03cd \u0393\u03bb\u03c9\u03c3\u03c3\u03bf\u03bc\u03ac\u03b8\u03b5\u03b9\u03b1\u03c2 (\u039a\u03a0\u03b3) \u03c4\u03bf\u03c5 \u03a5\u03c0\u03bf\u03c5\u03c1\u03b3\u03b5\u03af\u03bf\u03c5 \u0395\u03b8\u03bd\u03b9\u03ba\u03ae\u03c2 \u03a0\u03b1\u03b9\u03b4\u03b5\u03af\u03b1\u03c2 \u03ba\u03b1\u03b9 \u0398\u03c1\u03b7\u03c3\u03ba\u03b5\u03c5\u03bc\u03ac\u03c4\u03c9\u03bd. \u03a4\u03b1 \u0394\u03b9\u03c0\u03bb\u03ce\u03bc\u03b1\u03c4\u03b1 \u0399\u03c3\u03c0\u03b1\u03bd\u03b9\u03ba\u03ae\u03c2 \u03c9\u03c2 \u039e\u03ad\u03bd\u03b7\u03c2 \u0393\u03bb\u03ce\u03c3\u03c3\u03b1\u03c2 DELE \u03b5\u03af\u03bd\u03b1\u03b9 \u03b4\u03b9\u03b5\u03b8\u03bd\u03ce\u03c2 \u03b1\u03bd\u03b1\u03b3\u03bd\u03c9\u03c1\u03b9\u03c3\u03bc\u03ad\u03bd\u03bf\u03b9 \u03b5\u03c0\u03af\u03c3\u03b7\u03bc\u03bf\u03b9 \u03c4\u03af\u03c4\u03bb\u03bf\u03b9 \u03c0\u03bf\u03c5 \u03c7\u03bf\u03c1\u03b7\u03b3\u03b5\u03af \u03c4\u03bf Instituto Cervantes \u03b5\u03be [&hellip;]<\/p>\n","protected":false},"author":1,"featured_media":0,"parent":0,"menu_order":0,"comment_status":"closed","ping_status":"closed","template":"","meta":{"_gspb_post_css":"","footnotes":""},"class_list":["post-2757","page","type-page","status-publish","hentry"],"blocksy_meta":[],"_links":{"self":[{"href":"https:\/\/castilla.gr\/de\/wp-json\/wp\/v2\/pages\/2757","targetHints":{"allow":["GET"]}}],"collection":[{"href":"https:\/\/castilla.gr\/de\/wp-json\/wp\/v2\/pages"}],"about":[{"href":"https:\/\/castilla.gr\/de\/wp-json\/wp\/v2\/types\/page"}],"author":[{"embeddable":true,"href":"https:\/\/castilla.gr\/de\/wp-json\/wp\/v2\/users\/1"}],"replies":[{"embeddable":true,"href":"https:\/\/castilla.gr\/de\/wp-json\/wp\/v2\/comments?post=2757"}],"version-history":[{"count":0,"href":"https:\/\/castilla.gr\/de\/wp-json\/wp\/v2\/pages\/2757\/revisions"}],"wp:attachment":[{"href":"https:\/\/castilla.gr\/de\/wp-json\/wp\/v2\/media?parent=2757"}],"curies":[{"name":"wp","href":"https:\/\/api.w.org\/{rel}","templated":true}]}}