{"id":1014,"date":"2024-06-21T13:39:03","date_gmt":"2024-06-21T10:39:03","guid":{"rendered":"https:\/\/castilla.gr\/dashboard\/"},"modified":"2024-07-07T12:32:35","modified_gmt":"2024-07-07T09:32:35","slug":"plataforma-de-aprendizaje","status":"publish","type":"page","link":"https:\/\/castilla.gr\/es\/dashboard\/","title":{"rendered":"Cuadro de mandos"},"content":{"rendered":"Por favor, <a data-login_url=\"\" href=\"#\" class=\"tutor-open-login-modal\">Reg\u00edstrese en<\/a> para ver esta p\u00e1gina","protected":false},"excerpt":{"rendered":"<p>Inicie sesi\u00f3n para ver esta p\u00e1gina<\/p>","protected":false},"author":1,"featured_media":0,"parent":0,"menu_order":0,"comment_status":"closed","ping_status":"closed","template":"","meta":{"_gspb_post_css":"","footnotes":""},"class_list":["post-1014","page","type-page","status-publish","hentry"],"blocksy_meta":[],"_links":{"self":[{"href":"https:\/\/castilla.gr\/es\/wp-json\/wp\/v2\/pages\/1014","targetHints":{"allow":["GET"]}}],"collection":[{"href":"https:\/\/castilla.gr\/es\/wp-json\/wp\/v2\/pages"}],"about":[{"href":"https:\/\/castilla.gr\/es\/wp-json\/wp\/v2\/types\/page"}],"author":[{"embeddable":true,"href":"https:\/\/castilla.gr\/es\/wp-json\/wp\/v2\/users\/1"}],"replies":[{"embeddable":true,"href":"https:\/\/castilla.gr\/es\/wp-json\/wp\/v2\/comments?post=1014"}],"version-history":[{"count":0,"href":"https:\/\/castilla.gr\/es\/wp-json\/wp\/v2\/pages\/1014\/revisions"}],"wp:attachment":[{"href":"https:\/\/castilla.gr\/es\/wp-json\/wp\/v2\/media?parent=1014"}],"curies":[{"name":"wp","href":"https:\/\/api.w.org\/{rel}","templated":true}]}}