{"id":2454,"date":"2024-06-28T08:24:42","date_gmt":"2024-06-28T05:24:42","guid":{"rendered":"https:\/\/castilla.gr\/?page_id=2454"},"modified":"2024-07-07T12:30:39","modified_gmt":"2024-07-07T09:30:39","slug":"por-que-acudir-a-nosotros","status":"publish","type":"page","link":"https:\/\/castilla.gr\/es\/%ce%b3%ce%b9%ce%b1%cf%84%ce%af-%ce%bd%ce%b1-%ce%ad%cf%81%ce%b8%ce%b5%cf%84%ce%b5-%cf%83%ce%b5-%ce%b5%ce%bc%ce%ac%cf%82\/","title":{"rendered":"Por qu\u00e9 acudir a nosotros"},"content":{"rendered":"<div data-elementor-type=\"wp-page\" data-elementor-id=\"2454\" class=\"elementor elementor-2454\" data-elementor-post-type=\"page\">\n\t\t\t\t<div class=\"elementor-element elementor-element-681b19f e-flex e-con-boxed e-con e-parent\" data-id=\"681b19f\" data-element_type=\"container\" data-e-type=\"container\">\n\t\t\t\t\t<div class=\"e-con-inner\">\n\t\t\t\t<div class=\"elementor-element elementor-element-e29533f elementor-widget elementor-widget-text-editor\" data-id=\"e29533f\" data-element_type=\"widget\" data-e-type=\"widget\" data-widget_type=\"text-editor.default\">\n\t\t\t\t<div class=\"elementor-widget-container\">\n\t\t\t\t\t\t\t\t\t<h2>Experiencia y especializaci\u00f3n<\/h2><h3>Somos el \u00fanico centro de espa\u00f1ol especializado en este idioma desde 1988 en el coraz\u00f3n de Sal\u00f3nica.<\/h3><p>Nuestra larga experiencia en el campo del aprendizaje del espa\u00f1ol nos permite ofrecer una formaci\u00f3n de alta calidad. Desde 1988, hemos ayudado a miles de estudiantes a alcanzar sus objetivos ling\u00fc\u00edsticos y a obtener t\u00edtulos reconocidos. Estamos orgullosos de nuestra trayectoria y de los \u00e9xitos de nuestros estudiantes.<\/p><h2>Una gran familia espa\u00f1ola<\/h2><h3>Pasas a formar parte de una gran familia espa\u00f1ola porque, entre otras cosas, CASTILLA fue fundada por una familia hispanohablante en la que la \u00fanica lengua de comunicaci\u00f3n es el espa\u00f1ol.<\/h3><p>La cultura y la lengua son parte integrante de nuestra vida cotidiana en Castilla. Cuando te unes a nuestra escuela, te unes a una comunidad vibrante donde el espa\u00f1ol es omnipresente. Nuestros estudiantes tienen la oportunidad de sumergirse en la cultura hispanohablante y practicar el espa\u00f1ol en situaciones de la vida real.<\/p><h2>Fiesta de Espa\u00f1a y actos culturales<\/h2><h3>Todos los a\u00f1os organizamos una Fiesta Espa\u00f1ola con Sangr\u00eda y comida de Espa\u00f1a y Latinoam\u00e9rica.<\/h3><p>Cada a\u00f1o, nuestra gran Fiesta re\u00fane a estudiantes, profesores y amigos para celebrar la cultura espa\u00f1ola con comida tradicional, bebidas y m\u00fasica. Estos eventos ofrecen una oportunidad \u00fanica para socializar y practicar el idioma en un ambiente divertido y aut\u00e9ntico.<\/p><h2>Ense\u00f1anza exclusiva de espa\u00f1ol<\/h2><h3>Ense\u00f1amos exclusivamente la Lengua Espa\u00f1ola y la Cultura Hisp\u00e1nica.<\/h3><p>En Castilla nos dedicamos exclusivamente a la ense\u00f1anza de la lengua y la cultura espa\u00f1olas. Nuestra especializaci\u00f3n en esta \u00e1rea nos permite ofrecer la mejor educaci\u00f3n posible, utilizando m\u00e9todos de ense\u00f1anza modernos y materiales dise\u00f1ados para satisfacer todas las necesidades de nuestros estudiantes.<\/p><h2>Altas tasas de \u00e9xito<\/h2><h3>El \u00e9xito en Titulaciones es superior a 90%.<\/h3><p>Nuestras tasas de \u00e9xito hablan por s\u00ed solas. Con m\u00e1s de 90% de \u00e9xito en titulaciones, nuestros estudiantes est\u00e1n extremadamente bien preparados para el examen. Nuestra experiencia y conocimientos le garantizan la mejor preparaci\u00f3n posible para sus ex\u00e1menes.<\/p><h2>Personal alegre y amable<\/h2><h3>Todo nuestro personal es muy alegre y simp\u00e1tico, y tiene ganas de dar clases divertidas.<\/h3><p>El aprendizaje es m\u00e1s eficaz cuando es divertido. Nuestro personal, amable y entusiasta, crea un entorno de aprendizaje agradable en el que los alumnos se sienten c\u00f3modos y disfrutan del proceso de aprendizaje.<\/p><h2>Profesores especializados<\/h2><h3>Todos los profesores son hispanohablantes y literatos con muchos a\u00f1os de experiencia en la ense\u00f1anza del espa\u00f1ol como lengua extranjera.<\/h3><p>Todos nuestros profesores son hispanohablantes especializados en la ense\u00f1anza del espa\u00f1ol como lengua extranjera. Su experiencia y formaci\u00f3n garantizan que recibir\u00e1s una ense\u00f1anza de alta calidad y mejorar\u00e1s tus habilidades ling\u00fc\u00edsticas de forma r\u00e1pida y eficaz.<\/p><h3>Secciones flexibles<\/h3><h3>Clases y grupos reducidos por la ma\u00f1ana, al mediod\u00eda, por la tarde y por la noche.<\/h3><p>Ofrecemos horarios de curso flexibles para satisfacer las necesidades de todos nuestros estudiantes. Tanto si prefiere clases por la ma\u00f1ana, a mediod\u00eda, por la tarde o por la noche, tenemos la opci\u00f3n adecuada para usted. Nuestras clases reducidas garantizan que cada estudiante reciba la atenci\u00f3n personal que necesita.<\/p><h2>Viajes educativos<\/h2><h3>Existe la posibilidad de realizar un viaje de estudios a Espa\u00f1a cada mes de abril.<\/h3><p>Cada mes de abril organizamos viajes educativos a Espa\u00f1a, que ofrecen a nuestros estudiantes la oportunidad de practicar el idioma y conocer de primera mano la cultura espa\u00f1ola. Estos viajes son una experiencia inolvidable que combina aprendizaje y diversi\u00f3n.<\/p><h2>Cooperaci\u00f3n con el Instituto Cervantes y el Ministerio de Educaci\u00f3n<\/h2><h3>Colaboramos con el Instituto Cervantes y el Ministerio de Educaci\u00f3n como examinadores de los Grados.<\/h3><p>Nuestra colaboraci\u00f3n con el Instituto Cervantes y el Ministerio de Educaci\u00f3n como examinadores oficiales garantiza que tu formaci\u00f3n sea reconocida y acreditada. Esto a\u00f1ade un valor extra a los t\u00edtulos que obtendr\u00e1s a trav\u00e9s de nuestras tutor\u00edas.<\/p><h2>Amplia gama de departamentos a precios asequibles<\/h2><h3>Dispone de una amplia gama de piezas que se adaptan a sus necesidades a precios asequibles.<\/h3><p>Ofrecemos una amplia variedad de clases para satisfacer todas las necesidades de nuestros alumnos, desde principiantes hasta avanzados. Nuestros precios son asequibles, ofreciendo un excelente valor para la inversi\u00f3n en su educaci\u00f3n.<\/p><h2>Lo demuestra el entusiasmo de nuestros alumnos<\/h2><h3>Prueba de todo ello: el entusiasmo de nuestros alumnos.<\/h3><p>Los testimonios y rese\u00f1as de nuestros alumnos demuestran la calidad de la educaci\u00f3n que ofrecemos. Ven y \u00fanete a la familia Castilla y comprueba por ti mismo por qu\u00e9 somos el l\u00edder <br \/>Centro de aprendizaje de espa\u00f1ol en Sal\u00f3nica.<\/p>\t\t\t\t\t\t\t\t<\/div>\n\t\t\t\t<\/div>\n\t\t\t\t\t<\/div>\n\t\t\t\t<\/div>\n\t\t\t\t<\/div>","protected":false},"excerpt":{"rendered":"<p>\u0395\u03bc\u03c0\u03b5\u03b9\u03c1\u03af\u03b1 \u03ba\u03b1\u03b9 \u0395\u03be\u03b5\u03b9\u03b4\u03af\u03ba\u03b5\u03c5\u03c3\u03b7 \u0395\u03af\u03bc\u03b1\u03c3\u03c4\u03b5 \u03c4\u03bf \u03bc\u03bf\u03bd\u03b1\u03b4\u03b9\u03ba\u03cc \u039a\u03ad\u03bd\u03c4\u03c1\u03bf \u0399\u03c3\u03c0\u03b1\u03bd\u03b9\u03ba\u03ae\u03c2 \u0393\u03bb\u03ce\u03c3\u03c3\u03b1\u03c2 \u03c0\u03bf\u03c5 \u03b5\u03be\u03b5\u03b9\u03b4\u03b9\u03ba\u03b5\u03cd\u03c4\u03b7\u03ba\u03b5 \u03c3\u03b5 \u03b1\u03c5\u03c4\u03ae\u03bd \u03b1\u03c0\u03cc \u03c4\u03bf 1988 \u03c3\u03c4\u03b7\u03bd \u03ba\u03b1\u03c1\u03b4\u03b9\u03ac \u03c4\u03b7\u03c2 \u0398\u03b5\u03c3\u03c3\u03b1\u03bb\u03bf\u03bd\u03af\u03ba\u03b7\u03c2. \u0397 \u03bc\u03b1\u03ba\u03c1\u03bf\u03c7\u03c1\u03cc\u03bd\u03b9\u03b1 \u03b5\u03bc\u03c0\u03b5\u03b9\u03c1\u03af\u03b1 \u03bc\u03b1\u03c2 \u03c3\u03c4\u03bf\u03bd \u03c7\u03ce\u03c1\u03bf \u03c4\u03b7\u03c2 \u03b5\u03ba\u03bc\u03ac\u03b8\u03b7\u03c3\u03b7\u03c2 \u0399\u03c3\u03c0\u03b1\u03bd\u03b9\u03ba\u03ce\u03bd \u03bc\u03ac\u03c2 \u03b5\u03c0\u03b9\u03c4\u03c1\u03ad\u03c0\u03b5\u03b9 \u03bd\u03b1 \u03c0\u03c1\u03bf\u03c3\u03c6\u03ad\u03c1\u03bf\u03c5\u03bc\u03b5 \u03c5\u03c8\u03b7\u03bb\u03ae\u03c2 \u03c0\u03bf\u03b9\u03cc\u03c4\u03b7\u03c4\u03b1\u03c2 \u03b5\u03ba\u03c0\u03b1\u03af\u03b4\u03b5\u03c5\u03c3\u03b7. \u0391\u03c0\u03cc \u03c4\u03bf 1988, \u03ad\u03c7\u03bf\u03c5\u03bc\u03b5 \u03b2\u03bf\u03b7\u03b8\u03ae\u03c3\u03b5\u03b9 \u03c7\u03b9\u03bb\u03b9\u03ac\u03b4\u03b5\u03c2 \u03bc\u03b1\u03b8\u03b7\u03c4\u03ad\u03c2 \u03bd\u03b1 \u03b5\u03c0\u03b9\u03c4\u03cd\u03c7\u03bf\u03c5\u03bd \u03c4\u03bf\u03c5\u03c2 \u03b3\u03bb\u03c9\u03c3\u03c3\u03b9\u03ba\u03bf\u03cd\u03c2 \u03c4\u03bf\u03c5\u03c2 \u03c3\u03c4\u03cc\u03c7\u03bf\u03c5\u03c2 \u03ba\u03b1\u03b9 \u03bd\u03b1 \u03b1\u03c0\u03bf\u03ba\u03c4\u03ae\u03c3\u03bf\u03c5\u03bd \u03b1\u03bd\u03b1\u03b3\u03bd\u03c9\u03c1\u03b9\u03c3\u03bc\u03ad\u03bd\u03b1 \u03c0\u03c4\u03c5\u03c7\u03af\u03b1. \u0395\u03af\u03bc\u03b1\u03c3\u03c4\u03b5 [&hellip;]<\/p>\n","protected":false},"author":1,"featured_media":0,"parent":0,"menu_order":0,"comment_status":"closed","ping_status":"closed","template":"","meta":{"_gspb_post_css":"","footnotes":""},"class_list":["post-2454","page","type-page","status-publish","hentry"],"blocksy_meta":[],"_links":{"self":[{"href":"https:\/\/castilla.gr\/es\/wp-json\/wp\/v2\/pages\/2454","targetHints":{"allow":["GET"]}}],"collection":[{"href":"https:\/\/castilla.gr\/es\/wp-json\/wp\/v2\/pages"}],"about":[{"href":"https:\/\/castilla.gr\/es\/wp-json\/wp\/v2\/types\/page"}],"author":[{"embeddable":true,"href":"https:\/\/castilla.gr\/es\/wp-json\/wp\/v2\/users\/1"}],"replies":[{"embeddable":true,"href":"https:\/\/castilla.gr\/es\/wp-json\/wp\/v2\/comments?post=2454"}],"version-history":[{"count":0,"href":"https:\/\/castilla.gr\/es\/wp-json\/wp\/v2\/pages\/2454\/revisions"}],"wp:attachment":[{"href":"https:\/\/castilla.gr\/es\/wp-json\/wp\/v2\/media?parent=2454"}],"curies":[{"name":"wp","href":"https:\/\/api.w.org\/{rel}","templated":true}]}}