{"id":2458,"date":"2024-06-28T08:25:13","date_gmt":"2024-06-28T05:25:13","guid":{"rendered":"https:\/\/castilla.gr\/?page_id=2458"},"modified":"2024-07-07T12:27:29","modified_gmt":"2024-07-07T09:27:29","slug":"mas-alla-de-los-cursos","status":"publish","type":"page","link":"https:\/\/castilla.gr\/es\/%cf%80%ce%ad%cf%81%ce%b1-%ce%b1%cf%80%cf%8c-%cf%84%ce%b1-%ce%bc%ce%b1%ce%b8%ce%ae%ce%bc%ce%b1%cf%84%ce%b1\/","title":{"rendered":"M\u00e1s all\u00e1 de los cursos"},"content":{"rendered":"<div data-elementor-type=\"wp-page\" data-elementor-id=\"2458\" class=\"elementor elementor-2458\" data-elementor-post-type=\"page\">\n\t\t\t\t<div class=\"elementor-element elementor-element-99a0adc e-flex e-con-boxed e-con e-parent\" data-id=\"99a0adc\" data-element_type=\"container\" data-e-type=\"container\">\n\t\t\t\t\t<div class=\"e-con-inner\">\n\t\t\t\t<div class=\"elementor-element elementor-element-2d60a1a elementor-widget elementor-widget-text-editor\" data-id=\"2d60a1a\" data-element_type=\"widget\" data-e-type=\"widget\" data-widget_type=\"text-editor.default\">\n\t\t\t\t<div class=\"elementor-widget-container\">\n\t\t\t\t\t\t\t\t\t<p>En el Centro de Espa\u00f1ol Castilla, el aprendizaje no termina en el aula. Ofrecemos una serie de actividades extra e instalaciones que mejoran la ense\u00f1anza y hacen que la experiencia de aprendizaje sea m\u00e1s completa y divertida. Vea lo que podemos ofrecerle m\u00e1s all\u00e1 de las clases:<\/p><h2>Acceso a e-class<\/h2><p>Podr\u00e1 acceder a la clase electr\u00f3nica con el c\u00f3digo que recibir\u00e1 con su inscripci\u00f3n.<br \/>Nuestra e-clase es una plataforma que permite a los estudiantes acceder a los materiales del curso, apuntes, tareas y ejercicios pr\u00e1cticos desde cualquier lugar. Con su contrase\u00f1a personal, pueden iniciar sesi\u00f3n y aprovechar los ricos recursos educativos que ofrecemos.<\/p><h2>Mucho material para seguir practicando<\/h2><p>Mucho material para seguir practicando, ya sea trabajando en tu propia casa o en una de nuestras aulas.<br \/>Creemos que la pr\u00e1ctica es la clave del \u00e9xito en el aprendizaje de un idioma. Por eso proporcionamos una gran cantidad de materiales, como cuadernos de ejercicios, recursos digitales y actividades interactivas. Nuestros alumnos pueden practicar desde la comodidad de su casa o en nuestras aulas equipadas con el apoyo de nuestros profesores.<\/p><h2>Acceso gratuito a la Biblioteca de Pr\u00e9stamo<\/h2><p>Acceso gratuito a nuestra biblioteca de pr\u00e9stamo con libros de todos los niveles y g\u00e9neros (literario, hist\u00f3rico, poes\u00eda y teatro).<br \/>Nuestra biblioteca es un tesoro de conocimiento y cultura. Tenemos libros para todos los niveles de aprendizaje del idioma, as\u00ed como obras literarias, hist\u00f3ricas, po\u00e9ticas y teatrales. Nuestros alumnos tienen la oportunidad de tomar libros prestados gratuitamente, ampliar sus conocimientos y sumergirse en la cultura hispanohablante.<\/p><h2>Programas de intercambio de estudiantes<\/h2><p>Organizaci\u00f3n de programas de intercambio para estudiantes espa\u00f1oles de lengua griega y estudiantes griegos de lengua espa\u00f1ola durante el verano.<br \/>Todos los veranos organizamos programas de intercambio de estudiantes que ofrecen experiencias y oportunidades \u00fanicas. Nuestros estudiantes griegos tienen la oportunidad de viajar a Espa\u00f1a, vivir con familias espa\u00f1olas y practicar el idioma en situaciones reales. Al mismo tiempo, acogemos a estudiantes espa\u00f1oles que aprenden griego, creando una comunidad internacional de aprendizaje y amistad.<\/p><h2>Representaciones teatrales y obras de grupo<\/h2><p>Muchas horas de risas y diversi\u00f3n con teatro y proyectos en grupo.<br \/>El teatro y el trabajo en grupo son parte integrante de nuestro enfoque educativo. A trav\u00e9s de divertidas representaciones teatrales, nuestros alumnos tienen la oportunidad de mejorar sus competencias ling\u00fc\u00edsticas y desarrollar su confianza. El trabajo en grupo fomenta la colaboraci\u00f3n, el pensamiento cr\u00edtico y la creatividad.<\/p><h2>Excursiones educativas y visitas culturales<\/h2><p>Excursiones educativas y visitas culturales a museos, exposiciones y otros centros culturales.<br \/>Organizamos regularmente excursiones educativas y visitas culturales que enriquecen la experiencia educativa de nuestros alumnos. Estas actividades ayudan a los estudiantes a comprender mejor la historia, el arte y la cultura de los pa\u00edses hispanohablantes.<\/p><h2>Seminarios y talleres<\/h2><p>Seminarios y talleres sobre temas que van desde la literatura y la historia hasta la gastronom\u00eda y la m\u00fasica.<br \/>Los seminarios y talleres que ofrecemos abarcan una amplia gama de temas y est\u00e1n dise\u00f1ados para satisfacer los intereses de todos nuestros estudiantes. Desde clases de cocina y degustaci\u00f3n de comida espa\u00f1ola hasta talleres de m\u00fasica y danza espa\u00f1ola, nuestros estudiantes tienen la oportunidad de experimentar la cultura espa\u00f1ola en todos los sentidos.<\/p><h2>Clubes de debate y oradores<\/h2><p>Clubes de debate y conversaci\u00f3n donde los estudiantes pueden practicar el idioma en un ambiente relajado y amistoso.<br \/>Nuestros clubes de debate son una excelente oportunidad para que nuestros estudiantes practiquen su espa\u00f1ol en un ambiente c\u00f3modo y agradable. A trav\u00e9s de debates sobre diversos temas, nuestros estudiantes mejoran su expresi\u00f3n oral y se sienten m\u00e1s c\u00f3modos en el uso del idioma.<\/p><h2>Concursos y premios<\/h2><p>Concursos y premios que animan a los estudiantes a esforzarse al m\u00e1ximo.<br \/>Organizamos concursos en varias categor\u00edas, como escritura, lectura y pronunciaci\u00f3n, para animar a nuestros alumnos a esforzarse constantemente por ser los mejores. Los ganadores reciben elogios y diversos premios, creando as\u00ed un incentivo para la mejora continua.<\/p><h2>Apoyo y asesoramiento<\/h2><p>Apoyo y asesoramiento a nuestros estudiantes en materia de aprendizaje, pruebas y carreras profesionales.<br \/>Apoyar a nuestros estudiantes es nuestra prioridad. Ofrecemos asesoramiento sobre aprendizaje, preparaci\u00f3n de ex\u00e1menes y orientaci\u00f3n profesional. Estamos aqu\u00ed para ayudarte en cada paso de tu viaje educativo.<\/p>\t\t\t\t\t\t\t\t<\/div>\n\t\t\t\t<\/div>\n\t\t\t\t<div class=\"elementor-element elementor-element-bc69473 elementor-widget elementor-widget-text-editor\" data-id=\"bc69473\" data-element_type=\"widget\" data-e-type=\"widget\" data-widget_type=\"text-editor.default\">\n\t\t\t\t<div class=\"elementor-widget-container\">\n\t\t\t\t\t\t\t\t\t<p><strong>Horario de secretar\u00eda-informaci\u00f3n<\/strong>D\u00edas laborables: 10.00-15.00 y 17.00-21.00 S\u00e1bados: 10.00-12.00 o con cita previa.<br \/><strong>Tel\u00e9fono<\/strong>2310 261241 m\u00f3vil: 6972000565<\/p>\t\t\t\t\t\t\t\t<\/div>\n\t\t\t\t<\/div>\n\t\t\t\t\t<\/div>\n\t\t\t\t<\/div>\n\t\t\t\t<\/div>","protected":false},"excerpt":{"rendered":"<p>\u03a3\u03c4\u03bf \u039a\u03ad\u03bd\u03c4\u03c1\u03bf \u0399\u03c3\u03c0\u03b1\u03bd\u03b9\u03ba\u03ce\u03bd \u03a3\u03c0\u03bf\u03c5\u03b4\u03ce\u03bd Castilla, \u03b7 \u03bc\u03ac\u03b8\u03b7\u03c3\u03b7 \u03b4\u03b5\u03bd \u03c3\u03c4\u03b1\u03bc\u03b1\u03c4\u03ac\u03b5\u03b9 \u03c3\u03c4\u03b7\u03bd \u03b1\u03af\u03b8\u03bf\u03c5\u03c3\u03b1 \u03b4\u03b9\u03b4\u03b1\u03c3\u03ba\u03b1\u03bb\u03af\u03b1\u03c2. \u03a0\u03c1\u03bf\u03c3\u03c6\u03ad\u03c1\u03bf\u03c5\u03bc\u03b5 \u03bc\u03b9\u03b1 \u03c3\u03b5\u03b9\u03c1\u03ac \u03b1\u03c0\u03cc \u03b5\u03c0\u03b9\u03c0\u03bb\u03ad\u03bf\u03bd \u03b4\u03c1\u03b1\u03c3\u03c4\u03b7\u03c1\u03b9\u03cc\u03c4\u03b7\u03c4\u03b5\u03c2 \u03ba\u03b1\u03b9 \u03c0\u03b1\u03c1\u03bf\u03c7\u03ad\u03c2 \u03c0\u03bf\u03c5 \u03b5\u03bd\u03b9\u03c3\u03c7\u03cd\u03bf\u03c5\u03bd \u03c4\u03b7\u03bd \u03b5\u03ba\u03c0\u03b1\u03af\u03b4\u03b5\u03c5\u03c3\u03b7 \u03ba\u03b1\u03b9 \u03ba\u03ac\u03bd\u03bf\u03c5\u03bd \u03c4\u03b7 \u03bc\u03b1\u03b8\u03b7\u03c3\u03b9\u03b1\u03ba\u03ae \u03b5\u03bc\u03c0\u03b5\u03b9\u03c1\u03af\u03b1 \u03c0\u03b9\u03bf \u03c0\u03bb\u03ae\u03c1\u03b7 \u03ba\u03b1\u03b9 \u03b4\u03b9\u03b1\u03c3\u03ba\u03b5\u03b4\u03b1\u03c3\u03c4\u03b9\u03ba\u03ae. \u0394\u03b5\u03af\u03c4\u03b5 \u03c4\u03b9 \u03bc\u03c0\u03bf\u03c1\u03bf\u03cd\u03bc\u03b5 \u03bd\u03b1 \u03c0\u03c1\u03bf\u03c3\u03c6\u03ad\u03c1\u03bf\u03c5\u03bc\u03b5 \u03c0\u03ad\u03c1\u03b1 \u03b1\u03c0\u03cc \u03c4\u03b1 \u03bc\u03b1\u03b8\u03ae\u03bc\u03b1\u03c4\u03b1: \u03a0\u03c1\u03cc\u03c3\u03b2\u03b1\u03c3\u03b7 \u03c3\u03c4\u03bf e-class \u03a3\u03b1\u03c2 \u03c0\u03b1\u03c1\u03ad\u03c7\u03b5\u03c4\u03b1\u03b9 \u03b7 \u03b4\u03c5\u03bd\u03b1\u03c4\u03cc\u03c4\u03b7\u03c4\u03b1 \u03b5\u03b9\u03c3\u03cc\u03b4\u03bf\u03c5 \u03c3\u03c4\u03bf e-class \u03bc\u03b5 \u03c4\u03bf\u03bd \u03ba\u03c9\u03b4\u03b9\u03ba\u03cc [&hellip;]<\/p>\n","protected":false},"author":1,"featured_media":0,"parent":0,"menu_order":0,"comment_status":"closed","ping_status":"closed","template":"","meta":{"_gspb_post_css":"","footnotes":""},"class_list":["post-2458","page","type-page","status-publish","hentry"],"blocksy_meta":[],"_links":{"self":[{"href":"https:\/\/castilla.gr\/es\/wp-json\/wp\/v2\/pages\/2458","targetHints":{"allow":["GET"]}}],"collection":[{"href":"https:\/\/castilla.gr\/es\/wp-json\/wp\/v2\/pages"}],"about":[{"href":"https:\/\/castilla.gr\/es\/wp-json\/wp\/v2\/types\/page"}],"author":[{"embeddable":true,"href":"https:\/\/castilla.gr\/es\/wp-json\/wp\/v2\/users\/1"}],"replies":[{"embeddable":true,"href":"https:\/\/castilla.gr\/es\/wp-json\/wp\/v2\/comments?post=2458"}],"version-history":[{"count":0,"href":"https:\/\/castilla.gr\/es\/wp-json\/wp\/v2\/pages\/2458\/revisions"}],"wp:attachment":[{"href":"https:\/\/castilla.gr\/es\/wp-json\/wp\/v2\/media?parent=2458"}],"curies":[{"name":"wp","href":"https:\/\/api.w.org\/{rel}","templated":true}]}}