{"id":2503,"date":"2024-06-28T09:02:52","date_gmt":"2024-06-28T06:02:52","guid":{"rendered":"https:\/\/castilla.gr\/?page_id=2503"},"modified":"2024-07-07T12:30:53","modified_gmt":"2024-07-07T09:30:53","slug":"libros-para-estudiantes","status":"publish","type":"page","link":"https:\/\/castilla.gr\/es\/%ce%b2%ce%b9%ce%b2%ce%bb%ce%af%ce%b1-%ce%bc%ce%b1%ce%b8%ce%b7%cf%84%ce%ae\/","title":{"rendered":"Libros para estudiantes"},"content":{"rendered":"<div data-elementor-type=\"wp-page\" data-elementor-id=\"2503\" class=\"elementor elementor-2503\" data-elementor-post-type=\"page\">\n\t\t\t\t<div class=\"elementor-element elementor-element-4678be3 e-flex e-con-boxed e-con e-parent\" data-id=\"4678be3\" data-element_type=\"container\" data-e-type=\"container\">\n\t\t\t\t\t<div class=\"e-con-inner\">\n\t\t<div class=\"elementor-element elementor-element-8f9784e e-con-full e-flex e-con e-child\" data-id=\"8f9784e\" data-element_type=\"container\" data-e-type=\"container\">\n\t\t\t\t<div class=\"elementor-element elementor-element-50d3ea4 elementor-widget elementor-widget-heading\" data-id=\"50d3ea4\" data-element_type=\"widget\" data-e-type=\"widget\" data-widget_type=\"heading.default\">\n\t\t\t\t<div class=\"elementor-widget-container\">\n\t\t\t\t\t<h2 class=\"elementor-heading-title elementor-size-default\">Para nuestros estudiantes de primer a\u00f1o, los libros son:<\/h2>\t\t\t\t<\/div>\n\t\t\t\t<\/div>\n\t\t\t\t<div class=\"elementor-element elementor-element-42fd784 elementor-widget elementor-widget-text-editor\" data-id=\"42fd784\" data-element_type=\"widget\" data-e-type=\"widget\" data-widget_type=\"text-editor.default\">\n\t\t\t\t<div class=\"elementor-widget-container\">\n\t\t\t\t\t\t\t\t\t<p>Libros:Experiencias A1+A2 y Ejercicios. Ver el libro del alumno\u00a0<\/span><a href=\"https:\/\/varialecto.gr\/eshop\/%ce%bc%ce%b5%ce%b8%ce%bf%ce%b4%ce%bf%ce%b9-%ce%b3%ce%b9%ce%b1-%ce%b5%ce%bd%ce%b7%ce%bb%ce%b9%ce%ba%ce%b5%cf%83\/experiencias-a1-a2-compilado-alumno-pack-alumno-pizarra-gramatica\/\" target=\"_blank\" rel=\"noopener\"><span >aqu\u00ed<\/span>\u00a0<\/a><span>y el cuaderno de ejercicios\u00a0\u00a0<\/span><a href=\"https:\/\/varialecto.gr\/eshop\/%ce%bc%ce%b5%ce%b8%ce%bf%ce%b4%ce%bf%ce%b9-%ce%b3%ce%b9%ce%b1-%ce%b5%ce%bd%ce%b7%ce%bb%ce%b9%ce%ba%ce%b5%cf%83\/experiencias-a1a2-compilado-ejercicios-2020\/\" target=\"_blank\" rel=\"noopener\"><span>aqu\u00ed<\/span><\/a><\/p>\n<p><span>Libro de gram\u00e1tica<\/span><span>: USO elemental, Edelsa. Ver el libro\u00a0<\/span><a href=\"https:\/\/varialecto.gr\/eshop\/%ce%b3%cf%81%ce%b1%ce%bc%ce%bc%ce%b1%cf%84%ce%b9%ce%ba%ce%b5%cf%83\/uso-elemental-ed-2020-libro\/\" target=\"_blank\" rel=\"noopener\"><span>aqu\u00ed<\/span><\/a><\/p>\n<p><span>2\u00ba trimestre:<\/span><\/p>\n<p><span>Libros:<\/span><span>\u00a0Experiencias 3 + Ejercicios. Ver el libro del alumno\u00a0<\/span><a href=\"https:\/\/varialecto.gr\/eshop\/%ce%bc%ce%b5%ce%b8%ce%bf%ce%b4%ce%bf%ce%b9-%ce%b3%ce%b9%ce%b1-%ce%b5%ce%bd%ce%b7%ce%bb%ce%b9%ce%ba%ce%b5%cf%83\/experiencias-3-b1-libro-del-alumno-2020\/\" target=\"_blank\" rel=\"noopener\"><span>aqu\u00ed<\/span>\u00a0<\/a><span>y el cuaderno de ejercicios\u00a0<\/span><a href=\"https:\/\/varialecto.gr\/eshop\/%ce%bc%ce%b5%ce%b8%ce%bf%ce%b4%ce%bf%ce%b9-%ce%b3%ce%b9%ce%b1-%ce%b5%ce%bd%ce%b7%ce%bb%ce%b9%ce%ba%ce%b5%cf%83\/experiencias-3-b1-ejercicios-2020\/\" target=\"_blank\" rel=\"noopener\"><span>aqu\u00ed<\/span><\/a><\/p>\n<p><span>Libro de gram\u00e1tica<\/span><span>: USO intermedio, Edelsa. Ver el libro\u00a0<\/span><a href=\"https:\/\/varialecto.gr\/eshop\/%ce%b3%cf%81%ce%b1%ce%bc%ce%bc%ce%b1%cf%84%ce%b9%ce%ba%ce%b5%cf%83\/uso-intermedio-ed-2020-libro\/\" target=\"_blank\" rel=\"noopener\"><span>aqu\u00ed<\/span><\/a><\/p>\t\t\t\t\t\t\t\t<\/div>\n\t\t\t\t<\/div>\n\t\t\t\t<div class=\"elementor-element elementor-element-9f0bb3a elementor-widget elementor-widget-heading\" data-id=\"9f0bb3a\" data-element_type=\"widget\" data-e-type=\"widget\" data-widget_type=\"heading.default\">\n\t\t\t\t<div class=\"elementor-widget-container\">\n\t\t\t\t\t<h2 class=\"elementor-heading-title elementor-size-default\">Vocabulario para principiantes<\/h2>\t\t\t\t<\/div>\n\t\t\t\t<\/div>\n\t\t\t\t<div class=\"elementor-element elementor-element-17a889b elementor-widget elementor-widget-text-editor\" data-id=\"17a889b\" data-element_type=\"widget\" data-e-type=\"widget\" data-widget_type=\"text-editor.default\">\n\t\t\t\t<div class=\"elementor-widget-container\">\n\t\t\t\t\t\t\t\t\t<p><span>A\u00a0<\/span><a href=\"https:\/\/mega.nz\/file\/Phg1USDa#LmF1Tx5QKYTl6C4n8T0Zr8OUplFR_hu3X9ErbYSJENQ\" target=\"_blank\" rel=\"noopener\"><span>GLOSARIO<\/span><span>\u00a0<\/span><\/a><span>(para cada m\u00f3dulo por separado) de nuestros libros EXPERIENCIAS est\u00e1 disponible gratuitamente en Edelsa traducido al griego por m\u00f3dulos y en orden alfab\u00e9tico.<\/span><\/p>\t\t\t\t\t\t\t\t<\/div>\n\t\t\t\t<\/div>\n\t\t\t\t<\/div>\n\t\t<div class=\"elementor-element elementor-element-b6ecdcf e-con-full e-flex e-con e-child\" data-id=\"b6ecdcf\" data-element_type=\"container\" data-e-type=\"container\">\n\t\t\t\t<\/div>\n\t\t<div class=\"elementor-element elementor-element-f5ca519 e-con-full e-flex e-con e-child\" data-id=\"f5ca519\" data-element_type=\"container\" data-e-type=\"container\">\n\t\t\t\t<\/div>\n\t\t<div class=\"elementor-element elementor-element-e03bc34 e-con-full e-flex e-con e-child\" data-id=\"e03bc34\" data-element_type=\"container\" data-e-type=\"container\">\n\t\t\t\t<div class=\"elementor-element elementor-element-c85daf3 elementor-widget elementor-widget-heading\" data-id=\"c85daf3\" data-element_type=\"widget\" data-e-type=\"widget\" data-widget_type=\"heading.default\">\n\t\t\t\t<div class=\"elementor-widget-container\">\n\t\t\t\t\t<h2 class=\"elementor-heading-title elementor-size-default\">Para nuestros alumnos de segundo a\u00f1o, los libros son:<\/h2>\t\t\t\t<\/div>\n\t\t\t\t<\/div>\n\t\t\t\t<div class=\"elementor-element elementor-element-c36a73e elementor-widget elementor-widget-text-editor\" data-id=\"c36a73e\" data-element_type=\"widget\" data-e-type=\"widget\" data-widget_type=\"text-editor.default\">\n\t\t\t\t<div class=\"elementor-widget-container\">\n\t\t\t\t\t\t\t\t\t<p><span>Primer trimestre:<\/span><\/p>\n<p><span>Libros<\/span><span>: Experiencias 3 + Ejercicios. Ver el libro del alumno\u00a0<\/span><a href=\"https:\/\/varialecto.gr\/eshop\/%ce%bc%ce%b5%ce%b8%ce%bf%ce%b4%ce%bf%ce%b9-%ce%b3%ce%b9%ce%b1-%ce%b5%ce%bd%ce%b7%ce%bb%ce%b9%ce%ba%ce%b5%cf%83\/experiencias-3-b1-libro-del-alumno-2020\/\" target=\"_blank\" rel=\"noopener\"><span>aqu\u00ed<\/span>\u00a0<\/a><span>y el cuaderno de ejercicios\u00a0<\/span><a href=\"https:\/\/varialecto.gr\/eshop\/%ce%bc%ce%b5%ce%b8%ce%bf%ce%b4%ce%bf%ce%b9-%ce%b3%ce%b9%ce%b1-%ce%b5%ce%bd%ce%b7%ce%bb%ce%b9%ce%ba%ce%b5%cf%83\/experiencias-3-b1-ejercicios-2020\/\" target=\"_blank\" rel=\"noopener\"><span>aqu\u00ed<\/span>\u00a0<\/a><span>(tendr\u00e1s estos libros desde el primer a\u00f1o)<\/span><\/p>\n<p><span>Libro de gram\u00e1tica:<\/span><span>\u00a0USO intermedio, Edelsa (tendr\u00e1s este libro desde el primer a\u00f1o) Ver el libro\u00a0<\/span><a href=\"https:\/\/varialecto.gr\/eshop\/%ce%b3%cf%81%ce%b1%ce%bc%ce%bc%ce%b1%cf%84%ce%b9%ce%ba%ce%b5%cf%83\/uso-intermedio-ed-2020-libro\/\" target=\"_blank\" rel=\"noopener\"><span>aqu\u00ed<\/span><\/a><\/p>\n<p><span>2\u00ba trimestre:<\/span><\/p>\n<p><span>Libros<\/span><span>: Experiencias 4 + Ejercicios. Ver el libro del alumno\u00a0<\/span><a href=\"https:\/\/varialecto.gr\/eshop\/%ce%bc%ce%b5%ce%b8%ce%bf%ce%b4%ce%bf%ce%b9-%ce%b3%ce%b9%ce%b1-%ce%b5%cf%86%ce%b7%ce%b2%ce%bf%cf%85%cf%83\/experiencias-internacional-4-b2-libro-del-alumno\/\" target=\"_blank\" rel=\"noopener\"><span>aqu\u00ed<\/span>\u00a0<\/a><span>y el cuaderno de ejercicios\u00a0<\/span><a href=\"https:\/\/varialecto.gr\/eshop\/%ce%bc%ce%b5%ce%b8%ce%bf%ce%b4%ce%bf%ce%b9-%ce%b3%ce%b9%ce%b1-%ce%b5%ce%bd%ce%b7%ce%bb%ce%b9%ce%ba%ce%b5%cf%83\/experiencias-international-4-b2-ejercicios\/\" target=\"_blank\" rel=\"noopener\"><span>aqu\u00ed<\/span><\/a><\/p>\n<p><span>Libro de gram\u00e1tica:<\/span><span>\u00a0USO avanzado, Edelsa. Ver el libro\u00a0<\/span><a href=\"https:\/\/varialecto.gr\/eshop\/%ce%b3%cf%81%ce%b1%ce%bc%ce%bc%ce%b1%cf%84%ce%b9%ce%ba%ce%b5%cf%83\/uso-avanzado-ed-2020-libro\/\" target=\"_blank\" rel=\"noopener\"><span>aqu\u00ed<\/span><\/a><\/p>\t\t\t\t\t\t\t\t<\/div>\n\t\t\t\t<\/div>\n\t\t\t\t<div class=\"elementor-element elementor-element-63d3a85 elementor-widget elementor-widget-heading\" data-id=\"63d3a85\" data-element_type=\"widget\" data-e-type=\"widget\" data-widget_type=\"heading.default\">\n\t\t\t\t<div class=\"elementor-widget-container\">\n\t\t\t\t\t<h2 class=\"elementor-heading-title elementor-size-default\">Vocabulario para alumnos de segundo a\u00f1o<\/h2>\t\t\t\t<\/div>\n\t\t\t\t<\/div>\n\t\t\t\t<div class=\"elementor-element elementor-element-c0faf65 elementor-widget elementor-widget-text-editor\" data-id=\"c0faf65\" data-element_type=\"widget\" data-e-type=\"widget\" data-widget_type=\"text-editor.default\">\n\t\t\t\t<div class=\"elementor-widget-container\">\n\t\t\t\t\t\t\t\t\t<p>Vocabulario ELE B1 y B2, editorial Sgel.<\/p>\t\t\t\t\t\t\t\t<\/div>\n\t\t\t\t<\/div>\n\t\t\t\t<\/div>\n\t\t<div class=\"elementor-element elementor-element-a7d768c e-con-full e-flex e-con e-child\" data-id=\"a7d768c\" data-element_type=\"container\" data-e-type=\"container\">\n\t\t\t\t<div class=\"elementor-element elementor-element-24eee68 elementor-widget elementor-widget-heading\" data-id=\"24eee68\" data-element_type=\"widget\" data-e-type=\"widget\" data-widget_type=\"heading.default\">\n\t\t\t\t<div class=\"elementor-widget-container\">\n\t\t\t\t\t<h2 class=\"elementor-heading-title elementor-size-default\">Para nuestros alumnos de segundo a\u00f1o, los libros son:<\/h2>\t\t\t\t<\/div>\n\t\t\t\t<\/div>\n\t\t\t\t<div class=\"elementor-element elementor-element-8166a5b elementor-widget elementor-widget-text-editor\" data-id=\"8166a5b\" data-element_type=\"widget\" data-e-type=\"widget\" data-widget_type=\"text-editor.default\">\n\t\t\t\t<div class=\"elementor-widget-container\">\n\t\t\t\t\t\t\t\t\t<p><span>C1 - Prisma C1, editorial Edinumen - USO de la gram\u00e1tica, nivel C, editorial SM<\/span><\/p>\n\n<p><span>C2 - Prisma C2, editorial Edinumen - Temas de Gram\u00e1tica, editorial SGEL<\/span><\/p>\n\t\t\t\t\t\t\t\t<\/div>\n\t\t\t\t<\/div>\n\t\t\t\t<\/div>\n\t\t<div class=\"elementor-element elementor-element-1687afe e-con-full e-flex e-con e-child\" data-id=\"1687afe\" data-element_type=\"container\" data-e-type=\"container\">\n\t\t\t\t<\/div>\n\t\t\t\t\t<\/div>\n\t\t\t\t<\/div>\n\t\t<div class=\"elementor-element elementor-element-972bf8d e-flex e-con-boxed e-con e-parent\" data-id=\"972bf8d\" data-element_type=\"container\" data-e-type=\"container\">\n\t\t\t\t\t<div class=\"e-con-inner\">\n\t\t\t\t<div class=\"elementor-element elementor-element-5c29c95 elementor-widget elementor-widget-heading\" data-id=\"5c29c95\" data-element_type=\"widget\" data-e-type=\"widget\" data-widget_type=\"heading.default\">\n\t\t\t\t<div class=\"elementor-widget-container\">\n\t\t\t\t\t<h2 class=\"elementor-heading-title elementor-size-default\">Otros materiales<\/h2>\t\t\t\t<\/div>\n\t\t\t\t<\/div>\n\t\t\t\t<div class=\"elementor-element elementor-element-d5ae706 elementor-widget elementor-widget-text-editor\" data-id=\"d5ae706\" data-element_type=\"widget\" data-e-type=\"widget\" data-widget_type=\"text-editor.default\">\n\t\t\t\t<div class=\"elementor-widget-container\">\n\t\t\t\t\t\t\t\t\t<p style=\"margin: 0in; font-family: CeraPro; font-size: 10.5pt; color: #373737;\"><span style=\"font-weight: bold;\">Para quienes no tengan acceso al material de audio de los libros:<\/span><\/p><p style=\"margin: 0in; font-family: CeraPro; font-size: 10.5pt; color: #373737;\"><span style=\"font-weight: bold; text-decoration: underline;\">SERIE EXPERIENCIAS KAI PRISMA<\/span><\/p><p style=\"margin: 0in;\"><a href=\"https:\/\/1drv.ms\/u\/s!Ai8TpeVcBwm1gsFeBCdpnEoGk2waSA?e=dAIAVq\" target=\"_blank\" rel=\"noopener\"><span style=\"font-family: CeraPro; font-size: 10.5pt;\">EXPERIENCIAS A1A2 CD<\/span><\/a><\/p><p style=\"margin: 0in;\"><a href=\"https:\/\/1drv.ms\/u\/s!Ai8TpeVcBwm1gsFhi6Sw0Lv2rIRRxw?e=dEEdqa\" target=\"_blank\" rel=\"noopener\"><span style=\"font-family: CeraPro; font-size: 10.5pt;\">EXPERIENCIAS A1A2 ejercicios CD<\/span><\/a><\/p><p style=\"margin: 0in;\"><a href=\"https:\/\/1drv.ms\/u\/s!Ai8TpeVcBwm1gsFfN3T_GD4neZq60A?e=w72zk2\" target=\"_blank\" rel=\"noopener\"><span style=\"font-family: CeraPro; font-size: 10.5pt;\">EXPERIENCIAS 3, B1, CD<\/span><\/a><\/p><p style=\"margin: 0in;\"><a href=\"https:\/\/1drv.ms\/u\/s!Ai8TpeVcBwm1gsFiAKxBX_x3vpR4PQ?e=hUO9Tu\" target=\"_blank\" rel=\"noopener\"><span style=\"font-family: CeraPro; font-size: 10.5pt;\">EXPERIENCIAS 3, B1 ejercicios, CD<\/span><\/a><\/p><p style=\"margin: 0in;\"><a href=\"https:\/\/1drv.ms\/u\/s!Ai8TpeVcBwm1gsFg2AYMIz0TRc2l1w?e=L9vaJr\" target=\"_blank\" rel=\"noopener\"><span style=\"font-family: CeraPro; font-size: 10.5pt;\">EXPERIENCIAS 4, B2, CD<\/span><\/a><\/p><p style=\"margin: 0in;\"><a href=\"https:\/\/1drv.ms\/u\/s!Ai8TpeVcBwm1gsFj7ZhimbzdUu17Cw?e=LZ8eso\" target=\"_blank\" rel=\"noopener\"><span style=\"font-family: CeraPro; font-size: 10.5pt;\">EXPERIENCIAS 4, B2 ejercicios, CD<\/span><\/a><\/p><p style=\"margin: 0in;\"><a href=\"https:\/\/1drv.ms\/u\/s!Ai8TpeVcBwm1gq5JvgyzjuaqfaYsIQ?e=DPQw5r\" target=\"_blank\" rel=\"noopener\"><span style=\"font-family: CeraPro; font-size: 10.5pt;\">PRISMA C1<\/span><\/a><\/p><p style=\"margin: 0in;\"><a href=\"https:\/\/1drv.ms\/u\/s!Ai8TpeVcBwm1gq5ROShveU_z0yREww?e=dWaBN6\" target=\"_blank\" rel=\"noopener\"><span style=\"font-family: CeraPro; font-size: 10.5pt;\">PRISMA C1 ejercicios<\/span><\/a><\/p><p style=\"margin: 0in;\"><a href=\"https:\/\/1drv.ms\/u\/s!Ai8TpeVcBwm1rzniii_NEiaywIyq?e=T35gT0\" target=\"_blank\" rel=\"noopener\"><span lang=\"es\" style=\"font-family: Tahoma; font-size: 13.5pt; background: white;\">Libro de preparaci\u00f3n 1, CD<\/span><\/a><\/p><p style=\"margin: 0in;\"><a href=\"https:\/\/1drv.ms\/u\/s!Ai8TpeVcBwm1ngoXQxEB9dDnU2JQ?e=k6OI1W\" target=\"_blank\" rel=\"noopener\"><span lang=\"es\" style=\"font-family: Tahoma; font-size: 13.5pt; background: white;\">Libro de preparaci\u00f3n 2, CD<\/span><\/a><span lang=\"es\" style=\"font-family: CeraPro; font-size: 10.5pt; color: black; background: white;\">\u00a0<\/span><\/p><p style=\"margin: 0in; font-family: CeraPro; font-size: 10.5pt; color: #373737;\"><span style=\"font-weight: bold;\">PRUEBA DE LIBROS<\/span><\/p><p style=\"margin: 0in; font-family: CeraPro; font-size: 10.5pt;\"><span style=\"color: #373737;\">Para las pruebas de EXPERIENCIAS A1A2 pulse\u00a0<\/span><a href=\"https:\/\/mega.nz\/folder\/r1Qj1Q7Y#o9-NlUpsink5vmF7t_VjMw\" target=\"_blank\" rel=\"noopener\"><span style=\"font-weight: bold;\">aqu\u00ed<\/span><\/a><\/p><p style=\"margin: 0in; font-family: Calibri; font-size: 11.0pt;\">\u00a0<\/p><p style=\"margin: 0in; font-family: CeraPro; font-size: 10.5pt; color: #373737;\"><span style=\"font-weight: bold;\">VOCABULARIO DE LIBROS DE EXPERIENCIAS<\/span><\/p><p style=\"margin: 0in;\"><a href=\"https:\/\/mega.nz\/file\/Phg1USDa#LmF1Tx5QKYTl6C4n8T0Zr8OUplFR_hu3X9ErbYSJENQ\" target=\"_blank\" rel=\"noopener\"><span style=\"font-family: CeraPro; font-size: 10.5pt;\">VOCABULARIO A1A2<\/span><\/a><\/p><p style=\"margin: 0in;\"><a href=\"https:\/\/mega.nz\/file\/Soo2ASwJ#nlOCHfYzB_Mj2WTaO6B8I2y0H6rEHwItzGH_SE0YEII\" target=\"_blank\" rel=\"noopener\"><span style=\"font-family: CeraPro; font-size: 10.5pt;\">VOCABULARIO B1<\/span><\/a><\/p><p style=\"margin: 0in;\"><a href=\"https:\/\/mega.nz\/file\/ztJwmDAY#w8ymqBrGGSlwkYAoH2rzxHp5KDHIlYO5Iv-K1RFPgvE\" target=\"_blank\" rel=\"noopener\"><span style=\"font-family: CeraPro; font-size: 10.5pt;\">VOCABULARIO B2<\/span><\/a><\/p>\t\t\t\t\t\t\t\t<\/div>\n\t\t\t\t<\/div>\n\t\t\t\t\t<\/div>\n\t\t\t\t<\/div>\n\t\t<div class=\"elementor-element elementor-element-2bfdd0b e-flex e-con-boxed e-con e-parent\" data-id=\"2bfdd0b\" data-element_type=\"container\" data-e-type=\"container\">\n\t\t\t\t\t<div class=\"e-con-inner\">\n\t\t\t\t<div class=\"elementor-element elementor-element-3a63576 elementor-widget elementor-widget-heading\" data-id=\"3a63576\" data-element_type=\"widget\" data-e-type=\"widget\" data-widget_type=\"heading.default\">\n\t\t\t\t<div class=\"elementor-widget-container\">\n\t\t\t\t\t<h2 class=\"elementor-heading-title elementor-size-default\">Las soluciones y las transcripciones de los libros<\/h2>\t\t\t\t<\/div>\n\t\t\t\t<\/div>\n\t\t\t\t<div class=\"elementor-element elementor-element-225cba6 elementor-widget elementor-widget-text-editor\" data-id=\"225cba6\" data-element_type=\"widget\" data-e-type=\"widget\" data-widget_type=\"text-editor.default\">\n\t\t\t\t<div class=\"elementor-widget-container\">\n\t\t\t\t\t\t\t\t\t<p style=\"margin: 0in; font-family: CeraPro; font-size: 10.5pt; color: #373737;\"><span style=\"font-weight: bold;\">Para quienes no tengan acceso al material de audio de los libros:<\/span><\/p><p style=\"margin: 0in; font-family: CeraPro; font-size: 10.5pt; color: #373737;\"><span style=\"font-weight: bold; text-decoration: underline;\">SERIE EXPERIENCIAS KAI PRISMA<\/span><\/p><p style=\"margin: 0in;\"><a href=\"https:\/\/1drv.ms\/u\/s!Ai8TpeVcBwm1gsFeBCdpnEoGk2waSA?e=dAIAVq\" target=\"_blank\" rel=\"noopener\"><span style=\"font-family: CeraPro; font-size: 10.5pt;\">EXPERIENCIAS A1A2 CD<\/span><\/a><\/p><p style=\"margin: 0in;\"><a href=\"https:\/\/1drv.ms\/u\/s!Ai8TpeVcBwm1gsFhi6Sw0Lv2rIRRxw?e=dEEdqa\" target=\"_blank\" rel=\"noopener\"><span style=\"font-family: CeraPro; font-size: 10.5pt;\">EXPERIENCIAS A1A2 ejercicios CD<\/span><\/a><\/p><p style=\"margin: 0in;\"><a href=\"https:\/\/1drv.ms\/u\/s!Ai8TpeVcBwm1gsFfN3T_GD4neZq60A?e=w72zk2\" target=\"_blank\" rel=\"noopener\"><span style=\"font-family: CeraPro; font-size: 10.5pt;\">EXPERIENCIAS 3, B1, CD<\/span><\/a><\/p><p style=\"margin: 0in;\"><a href=\"https:\/\/1drv.ms\/u\/s!Ai8TpeVcBwm1gsFiAKxBX_x3vpR4PQ?e=hUO9Tu\" target=\"_blank\" rel=\"noopener\"><span style=\"font-family: CeraPro; font-size: 10.5pt;\">EXPERIENCIAS 3, B1 ejercicios, CD<\/span><\/a><\/p><p style=\"margin: 0in;\"><a href=\"https:\/\/1drv.ms\/u\/s!Ai8TpeVcBwm1gsFg2AYMIz0TRc2l1w?e=L9vaJr\" target=\"_blank\" rel=\"noopener\"><span style=\"font-family: CeraPro; font-size: 10.5pt;\">EXPERIENCIAS 4, B2, CD<\/span><\/a><\/p><p style=\"margin: 0in;\"><a href=\"https:\/\/1drv.ms\/u\/s!Ai8TpeVcBwm1gsFj7ZhimbzdUu17Cw?e=LZ8eso\" target=\"_blank\" rel=\"noopener\"><span style=\"font-family: CeraPro; font-size: 10.5pt;\">EXPERIENCIAS 4, B2 ejercicios, CD<\/span><\/a><\/p><p style=\"margin: 0in;\"><a href=\"https:\/\/1drv.ms\/u\/s!Ai8TpeVcBwm1gq5JvgyzjuaqfaYsIQ?e=DPQw5r\" target=\"_blank\" rel=\"noopener\"><span style=\"font-family: CeraPro; font-size: 10.5pt;\">PRISMA C1<\/span><\/a><\/p><p style=\"margin: 0in;\"><a href=\"https:\/\/1drv.ms\/u\/s!Ai8TpeVcBwm1gq5ROShveU_z0yREww?e=dWaBN6\" target=\"_blank\" rel=\"noopener\"><span style=\"font-family: CeraPro; font-size: 10.5pt;\">PRISMA C1 ejercicios<\/span><\/a><\/p><p style=\"margin: 0in;\"><a href=\"https:\/\/1drv.ms\/u\/s!Ai8TpeVcBwm1rzniii_NEiaywIyq?e=T35gT0\" target=\"_blank\" rel=\"noopener\"><span lang=\"es\" style=\"font-family: Tahoma; font-size: 13.5pt; background: white;\">Libro de preparaci\u00f3n 1, CD<\/span><\/a><\/p><p style=\"margin: 0in;\"><a href=\"https:\/\/1drv.ms\/u\/s!Ai8TpeVcBwm1ngoXQxEB9dDnU2JQ?e=k6OI1W\" target=\"_blank\" rel=\"noopener\"><span lang=\"es\" style=\"font-family: Tahoma; font-size: 13.5pt; background: white;\">Libro de preparaci\u00f3n 2, CD<\/span><\/a><span lang=\"es\" style=\"font-family: CeraPro; font-size: 10.5pt; color: black; background: white;\">\u00a0<\/span><\/p><p style=\"margin: 0in; font-family: CeraPro; font-size: 10.5pt; color: #373737;\"><span style=\"font-weight: bold;\">PRUEBA DE LIBROS<\/span><\/p><p style=\"margin: 0in; font-family: CeraPro; font-size: 10.5pt;\"><span style=\"color: #373737;\">Para las pruebas de EXPERIENCIAS A1A2 pulse\u00a0<\/span><a href=\"https:\/\/mega.nz\/folder\/r1Qj1Q7Y#o9-NlUpsink5vmF7t_VjMw\" target=\"_blank\" rel=\"noopener\"><span style=\"font-weight: bold;\">aqu\u00ed<\/span><\/a><\/p><p style=\"margin: 0in; font-family: Calibri; font-size: 11.0pt;\">\u00a0<\/p><p style=\"margin: 0in; font-family: CeraPro; font-size: 10.5pt; color: #373737;\"><span style=\"font-weight: bold;\">VOCABULARIO DE LIBROS DE EXPERIENCIAS<\/span><\/p><p style=\"margin: 0in;\"><a href=\"https:\/\/mega.nz\/file\/Phg1USDa#LmF1Tx5QKYTl6C4n8T0Zr8OUplFR_hu3X9ErbYSJENQ\" target=\"_blank\" rel=\"noopener\"><span style=\"font-family: CeraPro; font-size: 10.5pt;\">VOCABULARIO A1A2<\/span><\/a><\/p><p style=\"margin: 0in;\"><a href=\"https:\/\/mega.nz\/file\/Soo2ASwJ#nlOCHfYzB_Mj2WTaO6B8I2y0H6rEHwItzGH_SE0YEII\" target=\"_blank\" rel=\"noopener\"><span style=\"font-family: CeraPro; font-size: 10.5pt;\">VOCABULARIO B1<\/span><\/a><\/p><p style=\"margin: 0in;\"><a href=\"https:\/\/mega.nz\/file\/ztJwmDAY#w8ymqBrGGSlwkYAoH2rzxHp5KDHIlYO5Iv-K1RFPgvE\" target=\"_blank\" rel=\"noopener\"><span style=\"font-family: CeraPro; font-size: 10.5pt;\">VOCABULARIO B2<\/span><\/a><\/p>\t\t\t\t\t\t\t\t<\/div>\n\t\t\t\t<\/div>\n\t\t\t\t\t<\/div>\n\t\t\t\t<\/div>\n\t\t<div class=\"elementor-element elementor-element-74b7a1b e-flex e-con-boxed e-con e-parent\" data-id=\"74b7a1b\" data-element_type=\"container\" data-e-type=\"container\">\n\t\t\t\t\t<div class=\"e-con-inner\">\n\t\t\t\t<div class=\"elementor-element elementor-element-3a8e153 elementor-widget elementor-widget-heading\" data-id=\"3a8e153\" data-element_type=\"widget\" data-e-type=\"widget\" data-widget_type=\"heading.default\">\n\t\t\t\t<div class=\"elementor-widget-container\">\n\t\t\t\t\t<h2 class=\"elementor-heading-title elementor-size-default\">Prominente diccionario monoling\u00fce\n<\/h2>\t\t\t\t<\/div>\n\t\t\t\t<\/div>\n\t\t\t\t<div class=\"elementor-element elementor-element-05ba8e9 elementor-widget elementor-widget-text-editor\" data-id=\"05ba8e9\" data-element_type=\"widget\" data-e-type=\"widget\" data-widget_type=\"text-editor.default\">\n\t\t\t\t<div class=\"elementor-widget-container\">\n\t\t\t\t\t\t\t\t\t<p><span>Haga clic en<\/span><span>\u00a0<\/span><a href=\"https:\/\/dle.rae.es\/\" target=\"_blank\" rel=\"noopener\"><span>AQU\u00cd<\/span><\/a><span>\u00a0<\/span><span>para acceder al diccionario de la Real Academia Espa\u00f1ola.<\/span><\/p>\n<p>Es el sitio web oficial en el que puede (a partir del nivel B1), tecleando una palabra, ver todos sus significados y las expresiones en las que se utiliza.<\/p>\t\t\t\t\t\t\t\t<\/div>\n\t\t\t\t<\/div>\n\t\t\t\t\t<\/div>\n\t\t\t\t<\/div>\n\t\t<div class=\"elementor-element elementor-element-4936f1d e-flex e-con-boxed e-con e-parent\" data-id=\"4936f1d\" data-element_type=\"container\" data-e-type=\"container\">\n\t\t\t\t\t<div class=\"e-con-inner\">\n\t\t\t\t<div class=\"elementor-element elementor-element-d1057ae elementor-widget elementor-widget-heading\" data-id=\"d1057ae\" data-element_type=\"widget\" data-e-type=\"widget\" data-widget_type=\"heading.default\">\n\t\t\t\t<div class=\"elementor-widget-container\">\n\t\t\t\t\t<h2 class=\"elementor-heading-title elementor-size-default\">Pendiente de las corrientes<\/h2>\t\t\t\t<\/div>\n\t\t\t\t<\/div>\n\t\t\t\t<div class=\"elementor-element elementor-element-b490705 elementor-widget elementor-widget-text-editor\" data-id=\"b490705\" data-element_type=\"widget\" data-e-type=\"widget\" data-widget_type=\"text-editor.default\">\n\t\t\t\t<div class=\"elementor-widget-container\">\n\t\t\t\t\t\t\t\t\t<p><span>Haga clic en\u00a0<\/span><a href=\"https:\/\/www.conjugacion.es\/\" target=\"_blank\" rel=\"noopener\"><span>AQU\u00cd<\/span><\/a><span>\u00a0utilizar el sitio web oficial de conjugaci\u00f3n de verbos en espa\u00f1ol<\/span><\/p>\n<p><\/p>\n<p><a href=\"https:\/\/www.conjugacion.es\/\" target=\"_blank\" rel=\"noopener\">https:\/\/www.conjugacion.es\/<\/a><\/p>\t\t\t\t\t\t\t\t<\/div>\n\t\t\t\t<\/div>\n\t\t\t\t\t<\/div>\n\t\t\t\t<\/div>\n\t\t\t\t<\/div>","protected":false},"excerpt":{"rendered":"<p>\u0393\u03b9\u03b1 \u03c4\u03bf\u03c5\u03c2 \u03c0\u03c1\u03c9\u03c4\u03bf\u03b5\u03c4\u03b5\u03af\u03c2 \u03bc\u03b1\u03b8\u03b7\u03c4\u03ad\u03c2 \u03bc\u03b1\u03c2, \u03c4\u03b1 \u03b2\u03b9\u03b2\u03bb\u03af\u03b1 \u03b5\u03af\u03bd\u03b1\u03b9: \u0392\u03b9\u03b2\u03bb\u03af\u03b1: Experiencias A1+A2 \u03ba\u03b1\u03b9 \u03c4\u03c9\u03bd \u03b1\u03c3\u03ba\u03ae\u03c3\u03b5\u03c9\u03bd (Ejercicios). \u0394\u03b5\u03af\u03c4\u03b5 \u03c4\u03bf \u03b2\u03b9\u03b2\u03bb\u03af\u03bf \u03c4\u03bf\u03c5 \u03bc\u03b1\u03b8\u03b7\u03c4\u03ae\u00a0\u03b5\u03b4\u03ce\u00a0\u03ba\u03b1\u03b9 \u03c4\u03bf \u03b2\u03b9\u03b2\u03bb\u03af\u03bf \u03c4\u03c9\u03bd \u03b1\u03c3\u03ba\u03ae\u03c3\u03b5\u03c9\u03bd\u00a0\u00a0\u03b5\u03b4\u03ce \u0392\u03b9\u03b2\u03bb\u03af\u03bf \u0393\u03c1\u03b1\u03bc\u03bc\u03b1\u03c4\u03b9\u03ba\u03ae\u03c2:\u00a0USO elemental, Edelsa. \u0394\u03b5\u03af\u03c4\u03b5 \u03c4\u03bf \u03b2\u03b9\u03b2\u03bb\u03af\u03bf\u00a0\u03b5\u03b4\u03ce 2\u03bf \u03c4\u03b5\u03c4\u03c1\u03ac\u03bc\u03b7\u03bd\u03bf: \u0392\u03b9\u03b2\u03bb\u03af\u03b1:\u00a0Experiencias 3 + Ejercicios. \u0394\u03b5\u03af\u03c4\u03b5 \u03c4\u03bf \u03b2\u03b9\u03b2\u03bb\u03af\u03bf \u03c4\u03bf\u03c5 \u03bc\u03b1\u03b8\u03b7\u03c4\u03ae\u00a0\u03b5\u03b4\u03ce\u00a0\u03ba\u03b1\u03b9 \u03c4\u03bf \u03b2\u03b9\u03b2\u03bb\u03af\u03bf \u03c4\u03c9\u03bd \u03b1\u03c3\u03ba\u03ae\u03c3\u03b5\u03c9\u03bd\u00a0\u03b5\u03b4\u03ce \u0392\u03b9\u03b2\u03bb\u03af\u03bf \u0393\u03c1\u03b1\u03bc\u03bc\u03b1\u03c4\u03b9\u03ba\u03ae\u03c2: USO intermedio, Edelsa. \u0394\u03b5\u03af\u03c4\u03b5 \u03c4\u03bf \u03b2\u03b9\u03b2\u03bb\u03af\u03bf\u00a0\u03b5\u03b4\u03ce \u039b\u03b5\u03be\u03b9\u03bb\u03cc\u03b3\u03b9\u03bf [&hellip;]<\/p>\n","protected":false},"author":1,"featured_media":0,"parent":0,"menu_order":0,"comment_status":"closed","ping_status":"closed","template":"","meta":{"_gspb_post_css":"","footnotes":""},"class_list":["post-2503","page","type-page","status-publish","hentry"],"blocksy_meta":[],"_links":{"self":[{"href":"https:\/\/castilla.gr\/es\/wp-json\/wp\/v2\/pages\/2503","targetHints":{"allow":["GET"]}}],"collection":[{"href":"https:\/\/castilla.gr\/es\/wp-json\/wp\/v2\/pages"}],"about":[{"href":"https:\/\/castilla.gr\/es\/wp-json\/wp\/v2\/types\/page"}],"author":[{"embeddable":true,"href":"https:\/\/castilla.gr\/es\/wp-json\/wp\/v2\/users\/1"}],"replies":[{"embeddable":true,"href":"https:\/\/castilla.gr\/es\/wp-json\/wp\/v2\/comments?post=2503"}],"version-history":[{"count":0,"href":"https:\/\/castilla.gr\/es\/wp-json\/wp\/v2\/pages\/2503\/revisions"}],"wp:attachment":[{"href":"https:\/\/castilla.gr\/es\/wp-json\/wp\/v2\/media?parent=2503"}],"curies":[{"name":"wp","href":"https:\/\/api.w.org\/{rel}","templated":true}]}}