{"id":2527,"date":"2024-06-28T11:54:59","date_gmt":"2024-06-28T08:54:59","guid":{"rendered":"https:\/\/castilla.gr\/?page_id=2527"},"modified":"2024-07-07T12:29:39","modified_gmt":"2024-07-07T09:29:39","slug":"resultados-de-los-examenes","status":"publish","type":"page","link":"https:\/\/castilla.gr\/es\/%ce%b5%ce%be%ce%b5%cf%84%ce%ac%cf%83%ce%b5%ce%b9%cf%82-%ce%b1%cf%80%ce%bf%cf%84%ce%b5%ce%bb%ce%ad%cf%83%ce%bc%ce%b1%cf%84%ce%b1\/","title":{"rendered":"Ex\u00e1menes - Resultados"},"content":{"rendered":"<div data-elementor-type=\"wp-page\" data-elementor-id=\"2527\" class=\"elementor elementor-2527\" data-elementor-post-type=\"page\">\n\t\t\t\t<div class=\"elementor-element elementor-element-76df5bc e-flex e-con-boxed e-con e-parent\" data-id=\"76df5bc\" data-element_type=\"container\" data-e-type=\"container\">\n\t\t\t\t\t<div class=\"e-con-inner\">\n\t\t\t\t<div class=\"elementor-element elementor-element-249f758 elementor-widget elementor-widget-heading\" data-id=\"249f758\" data-element_type=\"widget\" data-e-type=\"widget\" data-widget_type=\"heading.default\">\n\t\t\t\t<div class=\"elementor-widget-container\">\n\t\t\t\t\t<h2 class=\"elementor-heading-title elementor-size-default\">Cervantes<\/h2>\t\t\t\t<\/div>\n\t\t\t\t<\/div>\n\t\t\t\t<div class=\"elementor-element elementor-element-fa9699b elementor-widget elementor-widget-text-editor\" data-id=\"fa9699b\" data-element_type=\"widget\" data-e-type=\"widget\" data-widget_type=\"text-editor.default\">\n\t\t\t\t<div class=\"elementor-widget-container\">\n\t\t\t\t\t\t\t\t\t<p>Los 6 grados pueden consultarse en la web oficial del Cervantes<\/p><p><a href=\"https:\/\/atenas.cervantes.es\/gr\/diplomas_spanish\/information.htm\" target=\"_blank\" rel=\"noopener\">https:\/\/atenas.cervantes.es\/gr\/diplomas_spanish\/information.htm<\/a><\/p><p><strong>Niveles de titulaci\u00f3n<\/strong><\/p><p><a href=\"https:\/\/atenas.cervantes.es\/gr\/diplomas_spanish\/spanish_diplomas.htm\" target=\"_blank\" rel=\"noopener\">https:\/\/atenas.cervantes.es\/gr\/diplomas_spanish\/spanish_diplomas.htm<\/a><\/p><p><strong>C\u00f3mo inscribirse<\/strong><\/p><p><a href=\"https:\/\/atenas.cervantes.es\/gr\/diplomas_spanish\/registration.htm\" target=\"_blank\" rel=\"noopener\">https:\/\/atenas.cervantes.es\/gr\/diplomas_spanish\/registration.htm<\/a><\/p><p><strong>Modelos de examen<\/strong><\/p><p><a href=\"https:\/\/examenes.cervantes.es\/es\/dele\/preparar-prueba\" target=\"_blank\" rel=\"noopener\">https:\/\/examenes.cervantes.es\/es\/dele\/preparar-prueba<\/a><\/p>\t\t\t\t\t\t\t\t<\/div>\n\t\t\t\t<\/div>\n\t\t\t\t\t<\/div>\n\t\t\t\t<\/div>\n\t\t<div class=\"elementor-element elementor-element-cbce2c9 e-flex e-con-boxed e-con e-parent\" data-id=\"cbce2c9\" data-element_type=\"container\" data-e-type=\"container\">\n\t\t\t\t\t<div class=\"e-con-inner\">\n\t\t\t\t<div class=\"elementor-element elementor-element-1627934 elementor-widget elementor-widget-heading\" data-id=\"1627934\" data-element_type=\"widget\" data-e-type=\"widget\" data-widget_type=\"heading.default\">\n\t\t\t\t<div class=\"elementor-widget-container\">\n\t\t\t\t\t<h2 class=\"elementor-heading-title elementor-size-default\">KPG<\/h2>\t\t\t\t<\/div>\n\t\t\t\t<\/div>\n\t\t\t\t<div class=\"elementor-element elementor-element-45a5fb3 elementor-widget elementor-widget-text-editor\" data-id=\"45a5fb3\" data-element_type=\"widget\" data-e-type=\"widget\" data-widget_type=\"text-editor.default\">\n\t\t\t\t<div class=\"elementor-widget-container\">\n\t\t\t\t\t\t\t\t\t<p><strong>Informaci\u00f3n<\/strong><\/p><p><a href=\"https:\/\/rcel2.enl.uoa.gr\/kpg\/\" target=\"_blank\" rel=\"noopener\">https:\/\/rcel2.enl.uoa.gr\/kpg\/<\/a><\/p><p><strong>Anuncios en el sitio web oficial de la CCI del Ministerio de Educaci\u00f3n<\/strong><\/p><p><a href=\"https:\/\/www.minedu.gov.gr\/eggrafa-kpg\" target=\"_blank\" rel=\"noopener\">https:\/\/www.minedu.gov.gr\/eggrafa-kpg<\/a><\/p><p><strong>A continuaci\u00f3n encontrar\u00e1 todos los temas del antiguo examen CPG:<\/strong><\/p><ul><li lang=\"x-none\"><a href=\"https:\/\/www.dropbox.com\/sh\/qhc949w33ssyexs\/AACwF9CLo9BgwTU0qc7Vp_XOa?dl=0\" target=\"_blank\" rel=\"noopener\">Nivel B (B1 y B2)<\/a><\/li><li lang=\"x-none\"><p lang=\"x-none\"><a href=\"https:\/\/www.dropbox.com\/sh\/cc41tx90etydmtf\/AAAdSenbcRT9eVpYTYqE2JPaa?dl=0\" target=\"_blank\" rel=\"noopener\">Nivel C (grados C1 y C2)<\/a><\/p><\/li><\/ul>\t\t\t\t\t\t\t\t<\/div>\n\t\t\t\t<\/div>\n\t\t\t\t\t<\/div>\n\t\t\t\t<\/div>\n\t\t<div class=\"elementor-element elementor-element-3682b55 e-flex e-con-boxed e-con e-parent\" data-id=\"3682b55\" data-element_type=\"container\" data-e-type=\"container\">\n\t\t\t\t\t<div class=\"e-con-inner\">\n\t\t\t\t<div class=\"elementor-element elementor-element-5b59d76 elementor-widget elementor-widget-heading\" data-id=\"5b59d76\" data-element_type=\"widget\" data-e-type=\"widget\" data-widget_type=\"heading.default\">\n\t\t\t\t<div class=\"elementor-widget-container\">\n\t\t\t\t\t<h2 class=\"elementor-heading-title elementor-size-default\">AQU\u00cd<\/h2>\t\t\t\t<\/div>\n\t\t\t\t<\/div>\n\t\t\t\t<div class=\"elementor-element elementor-element-55fb0a7 elementor-widget elementor-widget-text-editor\" data-id=\"55fb0a7\" data-element_type=\"widget\" data-e-type=\"widget\" data-widget_type=\"text-editor.default\">\n\t\t\t\t<div class=\"elementor-widget-container\">\n\t\t\t\t\t\t\t\t\t<ul><li><a href=\"https:\/\/siele.org\/\" target=\"_blank\" rel=\"noopener\">https:\/\/siele.org\/<\/a><\/li><li>https:\/\/atenas.cervantes.es\/gr\/siele_spanish_certificate\/info_siele_spanish.htm<\/li><\/ul><p><strong>Servicio Internacional de Evaluaci\u00f3n de la Lengua Espa\u00f1ola (SIELE)<\/strong><\/p><p>SIELE certifica el conocimiento del espa\u00f1ol y est\u00e1 dirigido a j\u00f3venes y adultos que est\u00e1n aprendiendo espa\u00f1ol como lengua extranjera, segunda lengua o incluso lengua materna.<br \/>Fue creado y cuenta con el apoyo del Instituto Cervantes (IC), la Universidad Nacional Aut\u00f3noma de M\u00e9xico (UNAM), la Universidad de Salamanca (USAL) y la Universidad de Buenos Aires (UBA), asegurando as\u00ed la presencia din\u00e1mica de la diversidad ling\u00fc\u00edstica del espa\u00f1ol.<br \/>El candidato puede optar por realizar todo el examen o algunas de sus partes si desea certificar algunos conocimientos ling\u00fc\u00edsticos. La inscripci\u00f3n y la prueba se realizan en l\u00ednea y el candidato puede elegir la fecha y la hora de la prueba.<br \/>Los resultados se env\u00edan a m\u00e1s tardar tres semanas despu\u00e9s y el candidato, a trav\u00e9s de la aplicaci\u00f3n en l\u00ednea, puede imprimir su certificado o puntuaci\u00f3n, que tienen una validez de cinco a\u00f1os.<\/p><p lang=\"x-none\"><a href=\"https:\/\/examenes.cervantes.es\/es\/siele\/que-es\" target=\"_blank\" rel=\"noopener\">M\u00e1s informaci\u00f3n sobre SIELE<\/a><\/p>\t\t\t\t\t\t\t\t<\/div>\n\t\t\t\t<\/div>\n\t\t\t\t\t<\/div>\n\t\t\t\t<\/div>\n\t\t<div class=\"elementor-element elementor-element-aaffc5d e-flex e-con-boxed e-con e-parent\" data-id=\"aaffc5d\" data-element_type=\"container\" data-e-type=\"container\">\n\t\t\t\t\t<div class=\"e-con-inner\">\n\t\t\t\t<div class=\"elementor-element elementor-element-9c3e11b elementor-widget elementor-widget-heading\" data-id=\"9c3e11b\" data-element_type=\"widget\" data-e-type=\"widget\" data-widget_type=\"heading.default\">\n\t\t\t\t<div class=\"elementor-widget-container\">\n\t\t\t\t\t<h2 class=\"elementor-heading-title elementor-size-default\">Similitudes y diferencias entre DELE y SIELE<\/h2>\t\t\t\t<\/div>\n\t\t\t\t<\/div>\n\t\t\t\t<div class=\"elementor-element elementor-element-9b4d975 elementor-widget elementor-widget-text-editor\" data-id=\"9b4d975\" data-element_type=\"widget\" data-e-type=\"widget\" data-widget_type=\"text-editor.default\">\n\t\t\t\t<div class=\"elementor-widget-container\">\n\t\t\t\t\t\t\t\t\t<p>Los Diplomas de Espa\u00f1ol DELE y el Servicio Internacional de Evaluaci\u00f3n de la Lengua Espa\u00f1ola (SIELE) son dos servicios complementarios de examen que ofrece el Instituto Cervantes para satisfacer las necesidades de los interesados. Ambas titulaciones est\u00e1n reconocidas internacionalmente y el prestigio de las instituciones que las avalan es garant\u00eda de calidad y buen hacer.<br \/>Los DELE son t\u00edtulos otorgados por el Ministerio de Educaci\u00f3n y Formaci\u00f3n Profesional espa\u00f1ol con validez indefinida que datan de 1989. Ofrecen ex\u00e1menes desde el nivel A1 al C2 del MCER (Marco Europeo de Referencia para las Lenguas). Los candidatos deben decidir con antelaci\u00f3n el nivel del examen al que desean presentarse.<br \/>Los resultados se anuncian en un plazo aproximado de tres meses y los candidatos pueden acceder a ellos a trav\u00e9s de la p\u00e1gina web de los Diplomas de Espa\u00f1ol DELE y, a trav\u00e9s de su perfil personal, pueden imprimir el certificado oficial de superaci\u00f3n. Los candidatos aprobados recibir\u00e1n entonces el diploma oficial de espa\u00f1ol expedido por el Ministerio de Educaci\u00f3n y Formaci\u00f3n Profesional e impreso por la Imprenta Nacional de Espa\u00f1a.<br \/>SIELE certifica el nivel de dominio de la lengua espa\u00f1ola y est\u00e1 dirigido a adolescentes y adultos que tienen el espa\u00f1ol como lengua extranjera o segunda lengua, o incluso como lengua materna. Fue creado en 2016 con el apoyo del Instituto Cervantes (IC), la Universidad Nacional Aut\u00f3noma de M\u00e9xico (UNAM), la Universidad de Salamanca (USAL) y la Universidad de Buenos Aires (UBA), asegurando as\u00ed la presencia din\u00e1mica de la diversidad ling\u00fc\u00edstica del espa\u00f1ol. El candidato puede optar por realizar los cuatro m\u00f3dulos que componen el examen completo (CL, CA,EIE, EIO) o cualquiera de sus partes si desea certificar algunas destrezas en el idioma.<br \/>Los ex\u00e1menes SIELE y su administraci\u00f3n son totalmente electr\u00f3nicos. El resultado se env\u00eda al cabo de tres semanas como m\u00e1ximo y el candidato puede imprimir su certificado o puntuaci\u00f3n a trav\u00e9s de la aplicaci\u00f3n en l\u00ednea.<br \/>En la siguiente tabla se recogen las diferencias entre los diplomas de espa\u00f1ol DELE y el Servicio Internacional de Evaluaci\u00f3n de la Lengua Espa\u00f1ola (SIELE):<\/p>\t\t\t\t\t\t\t\t<\/div>\n\t\t\t\t<\/div>\n\t\t\t\t\t<\/div>\n\t\t\t\t<\/div>\n\t\t<div class=\"elementor-element elementor-element-054c61e e-flex e-con-boxed e-con e-parent\" data-id=\"054c61e\" data-element_type=\"container\" data-e-type=\"container\">\n\t\t\t\t\t<div class=\"e-con-inner\">\n\t\t\t\t<div class=\"elementor-element elementor-element-1413187 elementor-widget elementor-widget-shortcode\" data-id=\"1413187\" data-element_type=\"widget\" data-e-type=\"widget\" data-widget_type=\"shortcode.default\">\n\t\t\t\t<div class=\"elementor-widget-container\">\n\t\t\t\t\t\t\t<div class=\"elementor-shortcode\">\n<table id=\"tablepress-1\" class=\"tablepress tablepress-id-1\">\n<thead>\n<tr class=\"row-1\">\n\t<th class=\"column-1\">Diferencias entre DELE y SIELE<\/th><td class=\"column-2\"><\/td><td class=\"column-3\"><\/td>\n<\/tr>\n<\/thead>\n<tbody class=\"row-striping row-hover\">\n<tr class=\"row-2\">\n\t<td class=\"column-1\">T\u00cdTULO<\/td><td class=\"column-2\">DELE<\/td><td class=\"column-3\">AQU\u00cd<\/td>\n<\/tr>\n<tr class=\"row-3\">\n\t<td class=\"column-1\">Descripci\u00f3n<\/td><td class=\"column-2\">Diploma de espa\u00f1ol a nivel MCER (Marco Europeo de Referencia para las Lenguas): (A1 - C2)<\/td><td class=\"column-3\">Instituto Cervantes, Universidad Nacional Aut\u00f3noma de M\u00e9xico (UNAM), Universidad de Salamanca (USAL), Universidad de Buenos Aires (UBA).<\/td>\n<\/tr>\n<tr class=\"row-4\">\n\t<td class=\"column-1\">Organismo competente<\/td><td class=\"column-2\">Ministerio de Educaci\u00f3n y Formaci\u00f3n Profesional de Espa\u00f1a. Desde 1992 el Instituto Cervantes es responsable de la gesti\u00f3n acad\u00e9mica, financiera y administrativa.<\/td><td class=\"column-3\">Instituto Cervantes, Universidad Nacional Aut\u00f3noma de M\u00e9xico (UNAM), Universidad de Salamanca (USAL), Universidad de Buenos Aires (UBA).<\/td>\n<\/tr>\n<tr class=\"row-5\">\n\t<td class=\"column-1\">Puesta en marcha de la gesti\u00f3n de la certificaci\u00f3n<\/td><td class=\"column-2\">1989<\/td><td class=\"column-3\">2016<\/td>\n<\/tr>\n<tr class=\"row-6\">\n\t<td class=\"column-1\">Fuente :<\/td><td class=\"column-2\">Espa\u00f1a<\/td><td class=\"column-3\">Espa\u00f1a, M\u00e9xico y Argentina<\/td>\n<\/tr>\n<tr class=\"row-7\">\n\t<td class=\"column-1\">Potencia<\/td><td class=\"column-2\">Indefinido<\/td><td class=\"column-3\">Cinco a\u00f1os<\/td>\n<\/tr>\n<tr class=\"row-8\">\n\t<td class=\"column-1\">Reconocimiento internacional<\/td><td class=\"column-2\">Reconocimiento internacional por sistemas educativos de pa\u00edses (por ejemplo, Brasil, Francia, Italia), instituciones, empresas, universidades, etc. En Espa\u00f1a: nacionalidad espa\u00f1ola, MIR (especialidad m\u00e9dica), FIR (carnet de farmac\u00e9utico).<\/td><td class=\"column-3\">Reconocimiento internacional para los centros de ense\u00f1anza superior SIELE<\/td>\n<\/tr>\n<tr class=\"row-9\">\n\t<td class=\"column-1\">Responsable de la gesti\u00f3n administrativa y financiera<\/td><td class=\"column-2\">Instituto Cervantes<br \/>\n<\/td><td class=\"column-3\">Empresa tecnol\u00f3gica y comercial por encargo: Telef\u00f3nica Educaci\u00f3n Digital<\/td>\n<\/tr>\n<tr class=\"row-10\">\n\t<td class=\"column-1\">Destinatarios<\/td><td class=\"column-2\">A quienes tienen el espa\u00f1ol como lengua extranjera o segunda lengua, estudiantes, j\u00f3venes y adultos<\/td><td class=\"column-3\">A quienes tienen el espa\u00f1ol como lengua extranjera, segunda o materna, j\u00f3venes y adultos<\/td>\n<\/tr>\n<tr class=\"row-11\">\n\t<td class=\"column-1\">M\u00e9todo de gesti\u00f3n\/tramitaci\u00f3n administrativa<\/td><td class=\"column-2\">Los ex\u00e1menes se realizan de forma presencial en periodos de ex\u00e1menes internacionales espec\u00edficos y en un centro de examen concreto<\/td><td class=\"column-3\">Los ex\u00e1menes se realizan por v\u00eda electr\u00f3nica, en ordenador y con cita previa. Progresivamente algunas pruebas de CL y CA ser\u00e1n adaptables<\/td>\n<\/tr>\n<tr class=\"row-12\">\n\t<td class=\"column-1\">Red de centros de examen<\/td><td class=\"column-2\">M\u00e1s de mil centros de examen en m\u00e1s de cien pa\u00edses de los cinco continentes<\/td><td class=\"column-3\">En la actualidad, la red cuenta con m\u00e1s de 700 centros de examen en todo el mundo. Se est\u00e1n a\u00f1adiendo m\u00e1s centros, por lo que le recomendamos que visite https:\/\/siele.org\/.<\/td>\n<\/tr>\n<tr class=\"row-13\">\n\t<td class=\"column-1\">Integraci\u00f3n de las distintas variedades del espa\u00f1ol<\/td><td class=\"column-2\">S\u00ed, especialmente despu\u00e9s de B1<\/td><td class=\"column-3\">S\u00ed, obligatorio y en toda la prueba desde el principio de su creaci\u00f3n<\/td>\n<\/tr>\n<tr class=\"row-14\">\n\t<td class=\"column-1\">Cumplimiento de las normas internacionales de certificaci\u00f3n<\/td><td class=\"column-2\">S\u00ed<\/td><td class=\"column-3\">S\u00ed<\/td>\n<\/tr>\n<tr class=\"row-15\">\n\t<td class=\"column-1\">N\u00famero de competiciones y niveles<\/td><td class=\"column-2\">Seis pruebas para adultos (A1-C2) Para ni\u00f1os de hasta 17 a\u00f1os: A1 escolar y A2\/B1 Escolar<\/td><td class=\"column-3\">Un examen para adultos que incluye todas las pruebas de los niveles A1 a C1<\/td>\n<\/tr>\n<tr class=\"row-16\">\n\t<td class=\"column-1\">Partes de la prueba<\/td><td class=\"column-2\">Comprensi\u00f3n de textos Comprensi\u00f3n auditiva Producci\u00f3n e interacci\u00f3n escritas Producci\u00f3n e interacci\u00f3n orales<\/td><td class=\"column-3\">Comprensi\u00f3n de textos Comprensi\u00f3n auditiva Producci\u00f3n e interacci\u00f3n escritas Producci\u00f3n e interacci\u00f3n orales<\/td>\n<\/tr>\n<tr class=\"row-17\">\n\t<td class=\"column-1\">Informaci\u00f3n sobre los resultados<\/td><td class=\"column-2\">Aprobado o No aprobado, una calificaci\u00f3n relativa al rendimiento en el nivel para el que se ha examinado el candidato.<\/td><td class=\"column-3\">Puntuaci\u00f3n en una escala de mil puntos correspondiente a los niveles del Marco Europeo de Referencia para las Lenguas<\/td>\n<\/tr>\n<tr class=\"row-18\">\n\t<td class=\"column-1\">Tipo de certificado<\/td><td class=\"column-2\">Certificado de superaci\u00f3n en formato electr\u00f3nico con validez oficial y Diploma oficial a los candidatos seleccionados<\/td><td class=\"column-3\">Certificado (para toda la prueba) y Atestado (s\u00f3lo para partes de la prueba, en funci\u00f3n de la modalidad y el tipo de prueba elegidos por el candidato).<\/td>\n<\/tr>\n<tr class=\"row-19\">\n\t<td class=\"column-1\">Fecha l\u00edmite para el anuncio de los resultados<\/td><td class=\"column-2\">En unos tres meses<\/td><td class=\"column-3\">En un plazo m\u00e1ximo de tres semanas<\/td>\n<\/tr>\n<\/tbody>\n<\/table>\n<\/div>\n\t\t\t\t\t\t<\/div>\n\t\t\t\t<\/div>\n\t\t\t\t\t<\/div>\n\t\t\t\t<\/div>\n\t\t\t\t<\/div>","protected":false},"excerpt":{"rendered":"<p>Cervantes \u03a4\u03b1 6 \u03c0\u03c4\u03c5\u03c7\u03af\u03b1 \u03b2\u03c1\u03af\u03c3\u03ba\u03bf\u03bd\u03c4\u03b1\u03b9 \u03c3\u03c4\u03b7\u03bd \u03b5\u03c0\u03af\u03c3\u03b7\u03bc\u03b7 \u03b9\u03c3\u03c4\u03bf\u03c3\u03b5\u03bb\u03af\u03b4\u03b1 \u03c4\u03bf\u03c5 Cervantes https:\/\/atenas.cervantes.es\/gr\/diplomas_spanish\/information.htm \u0395\u03c0\u03af\u03c0\u03b5\u03b4\u03b1 \u03c4\u03c9\u03bd \u03a0\u03c4\u03c5\u03c7\u03af\u03c9\u03bd https:\/\/atenas.cervantes.es\/gr\/diplomas_spanish\/spanish_diplomas.htm \u03a0\u03c9\u03c2 \u03b8\u03b1 \u03b3\u03c1\u03b1\u03c6\u03c4\u03b5\u03af\u03c4\u03b5 https:\/\/atenas.cervantes.es\/gr\/diplomas_spanish\/registration.htm \u039c\u03bf\u03bd\u03c4\u03ad\u03bb\u03b1 \u0395\u03be\u03b5\u03c4\u03ac\u03c3\u03c9\u03bd https:\/\/examenes.cervantes.es\/es\/dele\/preparar-prueba KPG \u03a0\u03bb\u03b7\u03c1\u03bf\u03c6\u03bf\u03c1\u03af\u03b5\u03c2 https:\/\/rcel2.enl.uoa.gr\/kpg\/ \u0391\u03bd\u03b1\u03ba\u03bf\u03b9\u03bd\u03ce\u03c3\u03b5\u03b9\u03c2 \u03c3\u03c4\u03b7\u03bd \u03b5\u03c0\u03af\u03c3\u03b7\u03bc\u03b7 \u03b9\u03c3\u03c4\u03bf\u03c3\u03b5\u03bb\u03af\u03b4\u03b1 \u03c4\u03bf\u03c5 \u039a\u03a0\u0393 \u03c4\u03bf\u03c5 \u03a5\u03c0\u03bf\u03c5\u03c1\u03b3\u03b5\u03af\u03bf\u03c5 \u03a0\u03b1\u03b9\u03b4\u03b5\u03af\u03b1\u03c2 https:\/\/www.minedu.gov.gr\/eggrafa-kpg \u038c\u03bb\u03b1 \u03c4\u03b1 \u03b8\u03ad\u03bc\u03b1\u03c4\u03b1 \u03c4\u03c9\u03bd \u03c0\u03b1\u03bb\u03b9\u03ce\u03bd \u03b5\u03be\u03b5\u03c4\u03ac\u03c3\u03b5\u03c9\u03bd \u039a\u03a0\u0393 \u03b2\u03c1\u03af\u03c3\u03ba\u03bf\u03bd\u03c4\u03b1\u03b9 \u03c0\u03b1\u03c1\u03b1\u03ba\u03ac\u03c4\u03c9: \u0392 \u03b5\u03c0\u03af\u03c0\u03b5\u03b4\u03bf (\u03921 \u03ba\u03b1\u03b9 \u03922 \u03b4\u03b9\u03b1\u03b2\u03b1\u03b8\u03bc\u03b9\u03c3\u03bc\u03ad\u03bd\u03bf) \u0393 \u03b5\u03c0\u03af\u03c0\u03b5\u03b4\u03bf (\u03931 \u03ba\u03b1\u03b9 \u03932 [&hellip;]<\/p>\n","protected":false},"author":1,"featured_media":0,"parent":0,"menu_order":0,"comment_status":"closed","ping_status":"closed","template":"","meta":{"_gspb_post_css":"","footnotes":""},"class_list":["post-2527","page","type-page","status-publish","hentry"],"blocksy_meta":[],"_links":{"self":[{"href":"https:\/\/castilla.gr\/es\/wp-json\/wp\/v2\/pages\/2527","targetHints":{"allow":["GET"]}}],"collection":[{"href":"https:\/\/castilla.gr\/es\/wp-json\/wp\/v2\/pages"}],"about":[{"href":"https:\/\/castilla.gr\/es\/wp-json\/wp\/v2\/types\/page"}],"author":[{"embeddable":true,"href":"https:\/\/castilla.gr\/es\/wp-json\/wp\/v2\/users\/1"}],"replies":[{"embeddable":true,"href":"https:\/\/castilla.gr\/es\/wp-json\/wp\/v2\/comments?post=2527"}],"version-history":[{"count":0,"href":"https:\/\/castilla.gr\/es\/wp-json\/wp\/v2\/pages\/2527\/revisions"}],"wp:attachment":[{"href":"https:\/\/castilla.gr\/es\/wp-json\/wp\/v2\/media?parent=2527"}],"curies":[{"name":"wp","href":"https:\/\/api.w.org\/{rel}","templated":true}]}}