{"id":2580,"date":"2024-06-28T15:32:12","date_gmt":"2024-06-28T12:32:12","guid":{"rendered":"https:\/\/castilla.gr\/?page_id=2580"},"modified":"2024-07-07T12:28:09","modified_gmt":"2024-07-07T09:28:09","slug":"instrucciones-de-uso","status":"publish","type":"page","link":"https:\/\/castilla.gr\/es\/%ce%bf%ce%b4%ce%b7%ce%b3%ce%af%ce%b5%cf%82-%cf%87%cf%81%ce%ae%cf%83%ce%b7%cf%82\/","title":{"rendered":"Instrucciones de uso"},"content":{"rendered":"<div data-elementor-type=\"wp-page\" data-elementor-id=\"2580\" class=\"elementor elementor-2580\" data-elementor-post-type=\"page\">\n\t\t\t\t<div class=\"elementor-element elementor-element-8c23d9a e-flex e-con-boxed e-con e-parent\" data-id=\"8c23d9a\" data-element_type=\"container\" data-e-type=\"container\">\n\t\t\t\t\t<div class=\"e-con-inner\">\n\t\t\t\t<div class=\"elementor-element elementor-element-c4a378f elementor-widget elementor-widget-text-editor\" data-id=\"c4a378f\" data-element_type=\"widget\" data-e-type=\"widget\" data-widget_type=\"text-editor.default\">\n\t\t\t\t<div class=\"elementor-widget-container\">\n\t\t\t\t\t\t\t\t\t<h3>Gu\u00eda del usuario de la Plataforma de Educaci\u00f3n<\/h3><p>\u00a1Bienvenido a la plataforma de centros de espa\u00f1ol de Castilla! Sigue las siguientes instrucciones para crear una cuenta, inscribirte en las clases y aprovechar al m\u00e1ximo tu experiencia de aprendizaje.<\/p><h4>Crear una cuenta<\/h4><ol><li><p><strong>Visita a la Plataforma:<\/strong><\/p><ul><li>Abra su navegador y escriba la direcci\u00f3n de nuestra plataforma: <a href=\"https:\/\/castilla.gr\/es\/inscripcion\/\" target=\"_new\" rel=\"noreferrer\">www.castilla.gr\/\u03b5\u03b3\u03b3\u03c1\u03b1\u03c6\u03ae<\/a>.<\/li><\/ul><\/li><li><p><strong>Registro de nuevos usuarios:<\/strong><\/p><ul><li>Haga clic en el bot\u00f3n \"Registrarse\" de la p\u00e1gina de inicio.<\/li><li>Rellene el formulario de inscripci\u00f3n con la informaci\u00f3n requerida:<ul><li>Nombre<\/li><li>Apellido<\/li><li>Correo electr\u00f3nico<\/li><li>Contrase\u00f1a Contrase\u00f1a<\/li><\/ul><\/li><li>Haga clic en el bot\u00f3n \"Registrarse\" para completar su inscripci\u00f3n.<\/li><\/ul><\/li><li><p><strong>Confirmaci\u00f3n por correo electr\u00f3nico:<\/strong><\/p><ul><li>Despu\u00e9s de registrarse, recibir\u00e1 un correo electr\u00f3nico de confirmaci\u00f3n. Abra el correo electr\u00f3nico y haga clic en el enlace de confirmaci\u00f3n para activar su cuenta.<\/li><\/ul><\/li><\/ol><h4>Inscripci\u00f3n en cursos<\/h4><ol><li><p><strong>Inicia sesi\u00f3n:<\/strong><\/p><ul><li>Vuelva a la p\u00e1gina de inicio de la plataforma y haga clic en el bot\u00f3n con el icono de usuario.<\/li><li>Introduzca la direcci\u00f3n de correo electr\u00f3nico y la contrase\u00f1a que utiliz\u00f3 al registrarse.<\/li><\/ul><\/li><li><p><strong>Recorrido por los cursos:<\/strong><\/p><ul><li>En el men\u00fa principal, seleccione la categor\u00eda \"Cursos\".<\/li><li>Navegue por los cursos disponibles y elija el que m\u00e1s le interese.<\/li><\/ul><\/li><li><p><strong>Matricularse en un curso:<\/strong><\/p><ul><li>Haga clic en el curso de su elecci\u00f3n para ver una descripci\u00f3n detallada del mismo.<\/li><li>Haga clic en el bot\u00f3n \"\u00danase al curso\" para inscribirse.<\/li><li>Si el curso es de pago, siga los pasos para completar el pago con tarjeta de cr\u00e9dito o PayPal.<\/li><\/ul><\/li><\/ol><h4>Uso de la Plataforma<\/h4><ol><li><p><strong>Perfil del usuario:<\/strong><\/p><ul><li>En el men\u00fa de usuario, seleccione \"Perfil\" para ver y editar su informaci\u00f3n personal.<\/li><li>Puedes subir una foto de perfil y actualizar tu informaci\u00f3n.<\/li><\/ul><\/li><li><p><strong>Panel de control del estudiante:<\/strong><\/p><ul><li>En el Panel de control, puedes ver tus cursos registrados, tu progreso y los anuncios de los profesores.<\/li><li>Tambi\u00e9n puede acceder al calendario de su curso y a los ex\u00e1menes programados.<\/li><\/ul><\/li><li><p><strong>Asistencia al curso:<\/strong><\/p><ul><li>Haga clic en el curso al que desea asistir.<\/li><li>Ver\u00e1 la secci\u00f3n \"Calendario de cursos\" con los cursos y actividades disponibles.<\/li><li>Haga clic en cada lecci\u00f3n para ver su contenido, incluidos v\u00eddeos, diapositivas y textos.<\/li><\/ul><\/li><li><p><strong>Presentaci\u00f3n de tareas:<\/strong><\/p><ul><li>Para enviar una tarea, vaya a la secci\u00f3n \"Tareas\" del curso.<\/li><li>Siga las instrucciones para presentar su expediente o responder a sus preguntas.<\/li><\/ul><\/li><li><p><strong>Participaci\u00f3n en debates:<\/strong><\/p><ul><li>Cada lecci\u00f3n tiene un foro de debate donde puedes hacer preguntas e interactuar con tus profesores y compa\u00f1eros.<\/li><li>Haga clic en la pesta\u00f1a \"Preguntas y respuestas\" para unirse a los debates activos o iniciar uno nuevo.<\/li><\/ul><\/li><li><p><strong>Progresos y certificaciones:<\/strong><\/p><ul><li>Siga sus progresos en la secci\u00f3n \"Progreso\" del panel de control.<\/li><li>Una vez que haya completado un curso, recibir\u00e1 una notificaci\u00f3n de la expedici\u00f3n de su certificado.<\/li><li>Puede descargar su certificado en la secci\u00f3n \"Certificaciones\".<\/li><\/ul><\/li><\/ol><h4>Apoyo adicional<\/h4><ol><li><p><strong>Preguntas m\u00e1s frecuentes (FAQ):<\/strong><\/p><ul><li>Visite la secci\u00f3n de preguntas frecuentes para encontrar respuestas a preguntas comunes sobre el uso de la plataforma.<\/li><\/ul><\/li><li><p><strong>Asistencia t\u00e9cnica:<\/strong><\/p><ul><li>Si tiene problemas para utilizar la plataforma, puede ponerse en contacto con el equipo de asistencia t\u00e9cnica por correo electr\u00f3nico en la direcci\u00f3n <a rel=\"noreferrer\">hello@twodots.gr<\/a>.<\/li><\/ul><\/li><li><p><strong>Contacto con los profesores:<\/strong><\/p><ul><li>Utiliza la funci\u00f3n de mensajer\u00eda integrada en la plataforma para ponerte en contacto directamente con tus profesores si tienes preguntas o necesitas orientaci\u00f3n.<\/li><\/ul><\/li><\/ol>\t\t\t\t\t\t\t\t<\/div>\n\t\t\t\t<\/div>\n\t\t\t\t\t<\/div>\n\t\t\t\t<\/div>\n\t\t\t\t<\/div>","protected":false},"excerpt":{"rendered":"<p>\u039f\u03b4\u03b7\u03b3\u03cc\u03c2 \u03a7\u03c1\u03ae\u03c3\u03b7\u03c2 \u03c4\u03b7\u03c2 \u03a0\u03bb\u03b1\u03c4\u03c6\u03cc\u03c1\u03bc\u03b1\u03c2 \u0395\u03ba\u03c0\u03b1\u03af\u03b4\u03b5\u03c5\u03c3\u03b7\u03c2 \u039a\u03b1\u03bb\u03c9\u03c3\u03bf\u03c1\u03af\u03c3\u03b1\u03c4\u03b5 \u03c3\u03c4\u03b7\u03bd \u03c0\u03bb\u03b1\u03c4\u03c6\u03cc\u03c1\u03bc\u03b1 \u03ba\u03ad\u03bd\u03c4\u03c1\u03bf\u03c5 \u0399\u03c3\u03c0\u03b1\u03bd\u03b9\u03ba\u03ce\u03bd \u03c3\u03c0\u03bf\u03c5\u03b4\u03ce\u03bd Castilla! \u0391\u03ba\u03bf\u03bb\u03bf\u03c5\u03b8\u03ae\u03c3\u03c4\u03b5 \u03c4\u03b9\u03c2 \u03c0\u03b1\u03c1\u03b1\u03ba\u03ac\u03c4\u03c9 \u03bf\u03b4\u03b7\u03b3\u03af\u03b5\u03c2 \u03b3\u03b9\u03b1 \u03bd\u03b1 \u03b4\u03b7\u03bc\u03b9\u03bf\u03c5\u03c1\u03b3\u03ae\u03c3\u03b5\u03c4\u03b5 \u03bb\u03bf\u03b3\u03b1\u03c1\u03b9\u03b1\u03c3\u03bc\u03cc, \u03bd\u03b1 \u03b5\u03b3\u03b3\u03c1\u03b1\u03c6\u03b5\u03af\u03c4\u03b5 \u03c3\u03b5 \u03bc\u03b1\u03b8\u03ae\u03bc\u03b1\u03c4\u03b1 \u03ba\u03b1\u03b9 \u03bd\u03b1 \u03b1\u03be\u03b9\u03bf\u03c0\u03bf\u03b9\u03ae\u03c3\u03b5\u03c4\u03b5 \u03c3\u03c4\u03bf \u03ad\u03c0\u03b1\u03ba\u03c1\u03bf \u03c4\u03b7\u03bd \u03b5\u03ba\u03c0\u03b1\u03b9\u03b4\u03b5\u03c5\u03c4\u03b9\u03ba\u03ae \u03c3\u03b1\u03c2 \u03b5\u03bc\u03c0\u03b5\u03b9\u03c1\u03af\u03b1. \u0394\u03b7\u03bc\u03b9\u03bf\u03c5\u03c1\u03b3\u03af\u03b1 \u039b\u03bf\u03b3\u03b1\u03c1\u03b9\u03b1\u03c3\u03bc\u03bf\u03cd \u0395\u03c0\u03af\u03c3\u03ba\u03b5\u03c8\u03b7 \u03c3\u03c4\u03b7\u03bd \u03a0\u03bb\u03b1\u03c4\u03c6\u03cc\u03c1\u03bc\u03b1: \u0391\u03bd\u03bf\u03af\u03be\u03c4\u03b5 \u03c4\u03bf\u03bd \u03c0\u03b5\u03c1\u03b9\u03b7\u03b3\u03b7\u03c4\u03ae \u03c3\u03b1\u03c2 \u03ba\u03b1\u03b9 \u03c0\u03bb\u03b7\u03ba\u03c4\u03c1\u03bf\u03bb\u03bf\u03b3\u03ae\u03c3\u03c4\u03b5 \u03c4\u03b7 \u03b4\u03b9\u03b5\u03cd\u03b8\u03c5\u03bd\u03c3\u03b7 \u03c4\u03b7\u03c2 \u03c0\u03bb\u03b1\u03c4\u03c6\u03cc\u03c1\u03bc\u03b1\u03c2 \u03bc\u03b1\u03c2: www.castilla.gr\/\u03b5\u03b3\u03b3\u03c1\u03b1\u03c6\u03ae. \u0395\u03b3\u03b3\u03c1\u03b1\u03c6\u03ae \u039d\u03ad\u03bf\u03c5 \u03a7\u03c1\u03ae\u03c3\u03c4\u03b7: \u039a\u03ac\u03bd\u03c4\u03b5 \u03ba\u03bb\u03b9\u03ba [&hellip;]<\/p>\n","protected":false},"author":1,"featured_media":0,"parent":0,"menu_order":0,"comment_status":"closed","ping_status":"closed","template":"","meta":{"_gspb_post_css":"","footnotes":""},"class_list":["post-2580","page","type-page","status-publish","hentry"],"blocksy_meta":[],"_links":{"self":[{"href":"https:\/\/castilla.gr\/es\/wp-json\/wp\/v2\/pages\/2580","targetHints":{"allow":["GET"]}}],"collection":[{"href":"https:\/\/castilla.gr\/es\/wp-json\/wp\/v2\/pages"}],"about":[{"href":"https:\/\/castilla.gr\/es\/wp-json\/wp\/v2\/types\/page"}],"author":[{"embeddable":true,"href":"https:\/\/castilla.gr\/es\/wp-json\/wp\/v2\/users\/1"}],"replies":[{"embeddable":true,"href":"https:\/\/castilla.gr\/es\/wp-json\/wp\/v2\/comments?post=2580"}],"version-history":[{"count":0,"href":"https:\/\/castilla.gr\/es\/wp-json\/wp\/v2\/pages\/2580\/revisions"}],"wp:attachment":[{"href":"https:\/\/castilla.gr\/es\/wp-json\/wp\/v2\/media?parent=2580"}],"curies":[{"name":"wp","href":"https:\/\/api.w.org\/{rel}","templated":true}]}}